{"id":8095,"date":"2023-12-27T10:00:27","date_gmt":"2023-12-27T15:00:27","guid":{"rendered":"https:\/\/marimaca.com\/virtual-project-visit\/"},"modified":"2025-04-03T15:18:19","modified_gmt":"2025-04-03T19:18:19","slug":"virtual-project-visit","status":"publish","type":"page","link":"https:\/\/marimaca.com\/es\/virtual-project-visit\/","title":{"rendered":"Virtual Project Visit"},"content":{"rendered":"<p><!-- Pegue este c\u00f3digo en cualquier lugar dentro de las etiquetas <head> o <body>. S\u00f3lo debe incluirse una vez por p\u00e1gina --><br \/>\n<script src=\" https:\/\/vrify.com\/embed.min.js\"><\/script ><br \/>\n<!-- Pega este c\u00f3digo donde quieras que aparezca la inserci\u00f3n. Ajuste el ancho y el alto de acuerdo con nuestras pautas de marca: https:\/\/help.vrify.com\/en\/articles\/6217237-embedded-content-brand-guidelines --><br \/>\n<iframe id=\"vrify-iframe\" ancho=\"100%\" estilo=\"relaci\u00f3n de aspecto: 16\/9; altura m\u00ednima: 500px\" frameborder=\"0\" enablefullscreen=\"true\" enable=\"fullscreen\" src=\" https:\/\/vrify.com\/embed\/decks\/f3f1ecd8-bebf-4b83-b89e-aad185653a18\"><\/iframe ><\/p>\n","protected":false},"excerpt":{"rendered":"","protected":false},"author":6,"featured_media":7675,"parent":0,"menu_order":0,"comment_status":"closed","ping_status":"closed","template":"projects\/virtual-project-visit.php","meta":{"_acf_changed":false,"inline_featured_image":false,"footnotes":""},"class_list":["post-8095","page","type-page","status-publish","has-post-thumbnail","hentry"],"acf":[],"yoast_head":"<!-- This site is optimized with the Yoast SEO plugin v27.4 - https:\/\/yoast.com\/product\/yoast-seo-wordpress\/ -->\n<title>Virtual Project Visit - Marimaca<\/title>\n<meta name=\"robots\" content=\"index, follow, max-snippet:-1, max-image-preview:large, max-video-preview:-1\" \/>\n<link rel=\"canonical\" href=\"https:\/\/marimaca.com\/es\/virtual-project-visit\/\" \/>\n<meta property=\"og:locale\" content=\"es_ES\" \/>\n<meta property=\"og:type\" content=\"article\" \/>\n<meta property=\"og:title\" content=\"Virtual Project Visit - Marimaca\" \/>\n<meta property=\"og:url\" content=\"https:\/\/marimaca.com\/es\/virtual-project-visit\/\" \/>\n<meta property=\"og:site_name\" content=\"Marimaca\" \/>\n<meta property=\"article:modified_time\" content=\"2025-04-03T19:18:19+00:00\" \/>\n<meta property=\"og:image\" content=\"https:\/\/marimaca.com\/wp-content\/uploads\/2023\/05\/banner_sust-1-scaled.jpg\" \/>\n\t<meta property=\"og:image:width\" content=\"2560\" \/>\n\t<meta property=\"og:image:height\" content=\"405\" \/>\n\t<meta property=\"og:image:type\" content=\"image\/jpeg\" \/>\n<meta name=\"twitter:card\" content=\"summary_large_image\" \/>\n<script type=\"application\/ld+json\" class=\"yoast-schema-graph\">{\"@context\":\"https:\\\/\\\/schema.org\",\"@graph\":[{\"@type\":\"WebPage\",\"@id\":\"https:\\\/\\\/marimaca.com\\\/es\\\/virtual-project-visit\\\/\",\"url\":\"https:\\\/\\\/marimaca.com\\\/es\\\/virtual-project-visit\\\/\",\"name\":\"Virtual Project Visit - Marimaca\",\"isPartOf\":{\"@id\":\"https:\\\/\\\/marimaca.com\\\/es\\\/#website\"},\"primaryImageOfPage\":{\"@id\":\"https:\\\/\\\/marimaca.com\\\/es\\\/virtual-project-visit\\\/#primaryimage\"},\"image\":{\"@id\":\"https:\\\/\\\/marimaca.com\\\/es\\\/virtual-project-visit\\\/#primaryimage\"},\"thumbnailUrl\":\"https:\\\/\\\/marimaca.com\\\/wp-content\\\/uploads\\\/2023\\\/05\\\/banner_sust-1-scaled.jpg\",\"datePublished\":\"2023-12-27T15:00:27+00:00\",\"dateModified\":\"2025-04-03T19:18:19+00:00\",\"inLanguage\":\"es\",\"potentialAction\":[{\"@type\":\"ReadAction\",\"target\":[\"https:\\\/\\\/marimaca.com\\\/es\\\/virtual-project-visit\\\/\"]}]},{\"@type\":\"ImageObject\",\"inLanguage\":\"es\",\"@id\":\"https:\\\/\\\/marimaca.com\\\/es\\\/virtual-project-visit\\\/#primaryimage\",\"url\":\"https:\\\/\\\/marimaca.com\\\/wp-content\\\/uploads\\\/2023\\\/05\\\/banner_sust-1-scaled.jpg\",\"contentUrl\":\"https:\\\/\\\/marimaca.com\\\/wp-content\\\/uploads\\\/2023\\\/05\\\/banner_sust-1-scaled.jpg\",\"width\":2560,\"height\":405},{\"@type\":\"WebSite\",\"@id\":\"https:\\\/\\\/marimaca.com\\\/es\\\/#website\",\"url\":\"https:\\\/\\\/marimaca.com\\\/es\\\/\",\"name\":\"Marimaca\",\"description\":\"The Marimaca Copper\",\"potentialAction\":[{\"@type\":\"SearchAction\",\"target\":{\"@type\":\"EntryPoint\",\"urlTemplate\":\"https:\\\/\\\/marimaca.com\\\/es\\\/?s={search_term_string}\"},\"query-input\":{\"@type\":\"PropertyValueSpecification\",\"valueRequired\":true,\"valueName\":\"search_term_string\"}}],\"inLanguage\":\"es\"}]}<\/script>\n<!-- \/ Yoast SEO plugin. -->","yoast_head_json":{"title":"Virtual Project Visit - Marimaca","robots":{"index":"index","follow":"follow","max-snippet":"max-snippet:-1","max-image-preview":"max-image-preview:large","max-video-preview":"max-video-preview:-1"},"canonical":"https:\/\/marimaca.com\/es\/virtual-project-visit\/","og_locale":"es_ES","og_type":"article","og_title":"Virtual Project Visit - Marimaca","og_url":"https:\/\/marimaca.com\/es\/virtual-project-visit\/","og_site_name":"Marimaca","article_modified_time":"2025-04-03T19:18:19+00:00","og_image":[{"width":2560,"height":405,"url":"https:\/\/marimaca.com\/wp-content\/uploads\/2023\/05\/banner_sust-1-scaled.jpg","type":"image\/jpeg"}],"twitter_card":"summary_large_image","schema":{"@context":"https:\/\/schema.org","@graph":[{"@type":"WebPage","@id":"https:\/\/marimaca.com\/es\/virtual-project-visit\/","url":"https:\/\/marimaca.com\/es\/virtual-project-visit\/","name":"Virtual Project Visit - Marimaca","isPartOf":{"@id":"https:\/\/marimaca.com\/es\/#website"},"primaryImageOfPage":{"@id":"https:\/\/marimaca.com\/es\/virtual-project-visit\/#primaryimage"},"image":{"@id":"https:\/\/marimaca.com\/es\/virtual-project-visit\/#primaryimage"},"thumbnailUrl":"https:\/\/marimaca.com\/wp-content\/uploads\/2023\/05\/banner_sust-1-scaled.jpg","datePublished":"2023-12-27T15:00:27+00:00","dateModified":"2025-04-03T19:18:19+00:00","inLanguage":"es","potentialAction":[{"@type":"ReadAction","target":["https:\/\/marimaca.com\/es\/virtual-project-visit\/"]}]},{"@type":"ImageObject","inLanguage":"es","@id":"https:\/\/marimaca.com\/es\/virtual-project-visit\/#primaryimage","url":"https:\/\/marimaca.com\/wp-content\/uploads\/2023\/05\/banner_sust-1-scaled.jpg","contentUrl":"https:\/\/marimaca.com\/wp-content\/uploads\/2023\/05\/banner_sust-1-scaled.jpg","width":2560,"height":405},{"@type":"WebSite","@id":"https:\/\/marimaca.com\/es\/#website","url":"https:\/\/marimaca.com\/es\/","name":"Marimaca","description":"The Marimaca Copper","potentialAction":[{"@type":"SearchAction","target":{"@type":"EntryPoint","urlTemplate":"https:\/\/marimaca.com\/es\/?s={search_term_string}"},"query-input":{"@type":"PropertyValueSpecification","valueRequired":true,"valueName":"search_term_string"}}],"inLanguage":"es"}]}},"_links":{"self":[{"href":"https:\/\/marimaca.com\/es\/wp-json\/wp\/v2\/pages\/8095","targetHints":{"allow":["GET"]}}],"collection":[{"href":"https:\/\/marimaca.com\/es\/wp-json\/wp\/v2\/pages"}],"about":[{"href":"https:\/\/marimaca.com\/es\/wp-json\/wp\/v2\/types\/page"}],"author":[{"embeddable":true,"href":"https:\/\/marimaca.com\/es\/wp-json\/wp\/v2\/users\/6"}],"replies":[{"embeddable":true,"href":"https:\/\/marimaca.com\/es\/wp-json\/wp\/v2\/comments?post=8095"}],"version-history":[{"count":4,"href":"https:\/\/marimaca.com\/es\/wp-json\/wp\/v2\/pages\/8095\/revisions"}],"predecessor-version":[{"id":9293,"href":"https:\/\/marimaca.com\/es\/wp-json\/wp\/v2\/pages\/8095\/revisions\/9293"}],"wp:featuredmedia":[{"embeddable":true,"href":"https:\/\/marimaca.com\/es\/wp-json\/wp\/v2\/media\/7675"}],"wp:attachment":[{"href":"https:\/\/marimaca.com\/es\/wp-json\/wp\/v2\/media?parent=8095"}],"curies":[{"name":"wp","href":"https:\/\/api.w.org\/{rel}","templated":true}]}}