{"id":8073,"date":"2023-12-26T15:52:00","date_gmt":"2023-12-26T20:52:00","guid":{"rendered":"https:\/\/marimaca.com\/marimaca-copper-project-overview\/"},"modified":"2026-03-12T04:26:39","modified_gmt":"2026-03-12T08:26:39","slug":"marimaca-copper-project-overview","status":"publish","type":"page","link":"https:\/\/marimaca.com\/es\/marimaca-copper-project-overview\/","title":{"rendered":"Resumen del Proyecto de Cobre Marimaca"},"content":{"rendered":"<div class=\"body-plantilla-marimaca\">\n<p><!--\n\n\n<div class=\"pm box-1\">\n\n\n<div class=\"pm box-1 cont\"><\/div>\n\n\n<\/div>\n\n\n\n\n<div class=\"pm box-1\">\n\n\n<div class=\"pm box-1 cont\"><\/div>\n\n\n\n\n<div class=\"pm box-1 cont\"><\/div>\n\n\n\n\n<div class=\"pm box-1 cont\"><\/div>\n\n\n<\/div>\n\n\n--><\/p>\n<div class=\"pm box-1 bt-line\">\n<div class=\"pm box-1 cont\">\n<h2 class=\"pm--titulo\"><span dir=\"auto\">Descripci\u00f3n general<\/span><\/h2>\n<p>El Proyecto de Cobre Marimaca es el proyecto insignia de la Compa\u00f1\u00eda en Antofagasta, Chile, una de las jurisdicciones mineras m\u00e1s importantes del mundo.<\/p>\n<p>El Proyecto avanza r\u00e1pidamente con su plan de desarrollo sostenible para producir c\u00e1todos de cobre de alta calidad. Tras nuestro Estudio de Factibilidad Definitivo de 2025, el Proyecto avanza r\u00e1pidamente hacia una decisi\u00f3n final de inversi\u00f3n en el segundo semestre de 2026, con la intenci\u00f3n de convertirse en la mina de cobre verde m\u00e1s nueva de Chile.<\/p>\n<\/div>\n<div class=\"pm box-1 cont bck-img\" style=\"background-image: url('https:\/\/marimaca.com\/wp-content\/uploads\/2024\/02\/copper-s.jpg');\"><\/div>\n<\/div>\n<div class=\"pm box-1 bt-line\">\n<div class=\"pm box-1 cont\">\n<h2 class=\"pm--titulo\"><span dir=\"auto\">De un vistazo<\/span><\/h2>\n<p><img loading=\"lazy\" decoding=\"async\" class=\"alignnone size-full wp-image-9886\" src=\"https:\/\/marimaca.com\/wp-content\/uploads\/2026\/03\/M-img-1.jpg\" alt=\"\" width=\"1920\" height=\"410\" \/><\/p>\n<h2 class=\"pm--titulo\"><span dir=\"auto\">Aspectos destacados del estudio de viabilidad definitivo de 2025<\/span><\/h2>\n<p><img loading=\"lazy\" decoding=\"async\" class=\"Definitive alignnone wp-image-9903 size-full\" src=\"https:\/\/marimaca.com\/wp-content\/uploads\/2026\/03\/M-img-2.jpg\" alt=\"\" width=\"1920\" height=\"1154\" \/><\/p>\n<h2 class=\"pm--titulo\">Resumen del objetivo de producci\u00f3n y m\u00e9tricas financieras del MOD DFS<\/h2>\n<p><img loading=\"lazy\" decoding=\"async\" class=\"alignnone wp-image-9795 size-full\" src=\"https:\/\/marimaca.com\/wp-content\/uploads\/2025\/10\/marimaca-img-11.jpg\" alt=\"\" width=\"1920\" height=\"1885\" \/><\/p>\n<p><span style=\"color: #000000; font-size: 0.9rem; line-height: 1.2rem;\">Notes: (1) Primeros 5 a\u00f1os de estado estable (a\u00f1os 2\u20136). (2) La producci\u00f3n de los primeros 10 a\u00f1os incluye material movido para preexcavaci\u00f3n en el A\u00f1o -1 y per\u00edodo de arranque en el A\u00f1o 1. (3) Los costos de efectivo C1 incluyen miner\u00eda, procesamiento, G&amp;A, marketing y regal\u00edas. Estas son medidas de desempe\u00f1o no-GAAP. (4) AISC incluye CAPEX de mantenimiento, CAPEX de cierre y valor de recuperaci\u00f3n. (5) Flujo de caja libre anual promedio no apalancado durante los a\u00f1os de operaci\u00f3n \u00fanicamente (a\u00f1os 1\u201313).<\/span><\/p>\n<h2 class=\"pm--titulo\">Estimaci\u00f3n de Recursos Minerales MOD 2025<\/h2>\n<p><img loading=\"lazy\" decoding=\"async\" class=\"alignnone wp-image-9926 size-full\" src=\"https:\/\/marimaca.com\/wp-content\/uploads\/2025\/11\/marimaca-img-8.jpg\" alt=\"\" width=\"1920\" height=\"547\" srcset=\"https:\/\/marimaca.com\/wp-content\/uploads\/2025\/11\/marimaca-img-8.jpg 1920w, https:\/\/marimaca.com\/wp-content\/uploads\/2025\/11\/marimaca-img-8-300x85.jpg 300w, https:\/\/marimaca.com\/wp-content\/uploads\/2025\/11\/marimaca-img-8-1024x292.jpg 1024w, https:\/\/marimaca.com\/wp-content\/uploads\/2025\/11\/marimaca-img-8-768x219.jpg 768w, https:\/\/marimaca.com\/wp-content\/uploads\/2025\/11\/marimaca-img-8-1536x438.jpg 1536w\" sizes=\"auto, (max-width: 1920px) 100vw, 1920px\" \/><\/p>\n<p><span style=\"color: #000000; font-size: 0.9rem; line-height: 1.2rem;\">Notes: (1) La persona independiente y calificada para la estimaci\u00f3n de recursos minerales, seg\u00fan NI 43-101, es Luis Oviedo, P.Geo., con fecha efectiva 25 de agosto de 2025. (2) Estos Recursos Minerales no son Reservas Minerales. Los Recursos Minerales se reportan incluyendo las Reservas Minerales. La estimaci\u00f3n de recursos minerales sigue las definiciones y lineamientos actuales de CIM y JORC. Los resultados se presentan sin diluci\u00f3n y se consideran con perspectivas razonables de extracci\u00f3n econ\u00f3mica. (3) Los Recursos Minerales se reportan a un precio de cobre de US$4,90\/lb Cu, considerando: Costo de miner\u00eda variable por profundidad del pit, promedio US$2,01\/t, Costo de procesamiento variable por subdominio mineral, Recuperaciones variables por subdominio mineral, G&amp;A US$0,31\/t, Transporte de c\u00e1todos US$3,60\/t, SX-EW US$0,25\/lb Cu y costos de venta, \u00c1ngulos de pendiente del pit entre 32\u00b0 y 45\u00b0<\/span><\/p>\n<p class=\"p1\">Consulte el comunicado de prensa del 15 de agosto de 2025 \u201c<a href=\"https:\/\/marimaca.com\/mod-feasibility-study-confirms-robust-capital-intensity-and-31-irr-maiden-ore-reserve\/\" target=\"_blank\" rel=\"noopener\"><span class=\"s1\"><b>MOD Feasibility Study Confirms Robust Capital Intensity and 31%+ IRR; Maiden Ore Reserve<\/b><\/span><\/a>\u201d para m\u00e1s informaci\u00f3n sobre los costos de procesamiento y recuperaciones por subdominio mineral.<\/p>\n<h2 class=\"pm--titulo\">Estimaci\u00f3n de Reservas Minerales MOD 2025<\/h2>\n<p><img loading=\"lazy\" decoding=\"async\" class=\"alignnone size-full wp-image-9827\" src=\"https:\/\/marimaca.com\/wp-content\/uploads\/2025\/10\/marimaca-img-12.jpg\" alt=\"\" width=\"1920\" height=\"1657\" \/><\/p>\n<p class=\"p1\">Las <span class=\"s1\"><b>Reservas Minerales<\/b><\/span> tienen fecha efectiva 25 de agosto de 2025 y la persona calificada responsable de la estimaci\u00f3n es <span class=\"s1\"><b>Carlos Guzm\u00e1n, FAusIMM<\/b><\/span>, empleado de <span class=\"s1\"><b>NCL<\/b><\/span>. Las Reservas Minerales se reportan dentro del dise\u00f1o de pit Medido e Indicado y est\u00e1n respaldadas por un plan minero con una producci\u00f3n constante de c\u00e1todos de cobre.<\/p>\n<p class=\"p1\">El dise\u00f1o del pit y el plan minero fueron optimizados con pendientes promedio generales de 37\u00b0 a 45\u00b0, costo promedio de miner\u00eda de $2,0\/t, proceso $6,25\/t, G&amp;A $0,25\/t, CAPEX de mantenimiento $0,26\/t, SX-EW $0,25\/lb, log\u00edstica $3,6\/t-c\u00e1todos y regal\u00edas promedio $0,06\/lb. Se utiliz\u00f3 un precio de cobre de $4,25\/lb y una prima de c\u00e1todo de $100\/t-c\u00e1todos, adem\u00e1s de una recuperaci\u00f3n variable seg\u00fan la relaci\u00f3n de solubilidad.<\/p>\n<p class=\"p1\">La recuperaci\u00f3n promedio del procesamiento es del 72% y para este promedio, el corte m\u00ednimo es de 0,10\u202f%CuT. Las Reservas Minerales consideran un modelo de Recursos totalmente diluido, representando un 1\u202f% de diluci\u00f3n minera. El redondeo seg\u00fan los lineamientos de reporte puede generar diferencias aparentes entre toneladas, ley y contenido de metal contenido.<\/p>\n<p class=\"p1\"><b>Leyenda de t\u00e9rminos de ley:<\/b><b><\/b><\/p>\n<p class=\"p1\">\u2022 %CuT: ley total de cobre<br \/>\n\u2022 %CuS: ley de cobre soluble en \u00e1cido<br \/>\n\u2022 %CuCN: ley de cobre soluble en cianuro<\/p>\n<p class=\"p4\">Las toneladas, mediciones de ley y contenido de cobre se expresan en unidades m\u00e9tricas.<\/p>\n<p><!--Technical Reports--><\/p>\n<div class=\"pm-banner-box bt-line to-line\">\n<div class=\"pm-cont-box\">\n<h2 class=\"p1\">Estudio de Factibilidad Completo 2025<\/h2>\n<\/div>\n<div class=\"pm-cont-box\">\n<div class=\"pm--button\"><a href=\"https:\/\/marimaca.com\/wp-content\/uploads\/2025\/10\/25-10-09-Marimaca-Oxide-Deposit-NI-43-101-Technical-Report-Feasibility-Study_FINAL.pdf\" target=\"_blank\" rel=\"noopener\">Ver aqu\u00ed<\/a><\/div>\n<\/div>\n<\/div>\n<\/div>\n<\/div>\n<div class=\"pm box-1 bt-line\">\n<div class=\"pm box-1 cont\">\n<h2 class=\"p1\">El Proyecto Minero del Futuro<\/h2>\n<p class=\"p1\">Enfocado en el desarrollo de una mina de cobre verde y sostenible, <span class=\"s1\"><b>Marimaca<\/b><\/span> busca posicionarse como l\u00edder en ESG en todos los aspectos de sus operaciones.<\/p>\n<div class=\"pm--cont-list\">\n<div class=\"pm--list\">\n<div class=\"pm--icon\"><img decoding=\"async\" src=\"https:\/\/marimaca.com\/wp-content\/uploads\/2024\/01\/noun-drop-53479349.svg\" alt=\"icono\" \/><\/div>\n<div class=\"pm--i-txt\">\n<div class=\"i-txt--titulo\">AGUA<\/div>\n<div>\n<div class=\"i-txt--info\">Suministro de agua de mar reciclada asegurado desde la Bah\u00eda de Mejillones<\/div>\n<\/div>\n<\/div>\n<\/div>\n<div class=\"pm--list\">\n<div class=\"pm--icon\"><img decoding=\"async\" src=\"https:\/\/marimaca.com\/wp-content\/uploads\/2024\/01\/noun-power-691778-1.svg\" alt=\"icono\" \/><\/div>\n<div class=\"pm--i-txt\">\n<div class=\"i-txt--titulo\">ENERG\u00cdA<\/div>\n<div class=\"i-txt--info\">Suministro de electricidad renovable certificada disponible<\/div>\n<\/div>\n<\/div>\n<div class=\"pm--list\">\n<div class=\"pm--icon\"><img decoding=\"async\" src=\"https:\/\/marimaca.com\/wp-content\/uploads\/2024\/01\/noun-community-4955543-1.svg\" alt=\"icono\" \/><\/div>\n<div class=\"pm--i-txt\">\n<div class=\"i-txt--titulo\">COMUNIDADES<\/div>\n<div class=\"i-txt--info\">Sin superposici\u00f3n de terrenos comunitarios, con mano de obra local calificada<\/div>\n<\/div>\n<\/div>\n<div class=\"pm--list\">\n<div class=\"pm--icon\"><img decoding=\"async\" src=\"https:\/\/marimaca.com\/wp-content\/uploads\/2024\/01\/noun-leaf-878737-1.svg\" alt=\"icono\" \/><\/div>\n<div class=\"pm--i-txt\">\n<div class=\"i-txt--titulo\">IMPACTO<\/div>\n<div class=\"i-txt--info\">Se espera un impacto limitado sobre la flora y fauna en el Desierto de Atacama costero<\/div>\n<\/div>\n<\/div>\n<div class=\"pm--list\">\n<div class=\"pm--icon\"><img decoding=\"async\" src=\"https:\/\/marimaca.com\/wp-content\/uploads\/2024\/01\/noun-rock-113308-1.svg\" alt=\"icono\" \/><\/div>\n<div class=\"pm--i-txt\">\n<div class=\"i-txt--titulo\">INTENSIDAD DE CARBONO<\/div>\n<div class=\"i-txt--info\">La lixiviaci\u00f3n en pilas es un 38\u202f% menos intensiva en carbono que el procesamiento tradicional.<\/div>\n<\/div>\n<\/div>\n<\/div>\n<p>Para m\u00e1s informaci\u00f3n, visite <a href=\"https:\/\/marimaca.com\/es\/sostenibilidad-2\/\" target=\"_blank\" rel=\"noopener\">la p\u00e1gina de sostenibilidad de Marimaca<\/a>.<\/p>\n<\/div>\n<div class=\"pm box-1 cont bck-img\" style=\"background-image: url('https:\/\/marimaca.com\/wp-content\/uploads\/2024\/02\/mineria-sustentable-baja.jpg');\"><\/div>\n<\/div>\n<div class=\"pm-cont-box\">\n<div class=\"pm--button\"><\/div>\n<\/div>\n<\/div>\n<p><!--Location and Infrastructure--><\/p>\n<div class=\"pm box-1 bt-line\">\n<div class=\"pm box-1 cont bck-img esp\" style=\"background-image: url('https:\/\/marimaca.com\/wp-content\/uploads\/2025\/10\/marimaca-img-13.jpg');\"><\/div>\n<div class=\"pm box-1 cont\">\n<h2 class=\"pm--titulo\">Ubicaci\u00f3n e Infraestructura<\/h2>\n<div class=\"box-4\">\n<p class=\"p1\">Dep\u00f3sito de \u00d3xidos Marimaca<b><\/b><\/p>\n<p class=\"p3\"><span class=\"s1\">Resumen:<\/span> La ubicaci\u00f3n y el acceso a infraestructura\/utilidades reducen el riesgo de ejecuci\u00f3n.<\/p>\n<p class=\"pm-b4--subtitulo\">Cercan\u00eda a servicios e infraestructura de primera clase:<\/p>\n<p class=\"p1\">\u2022 Agua<br \/>\n\u2022 Energ\u00eda<br \/>\n\u2022 Transporte<br \/>\n\u2022 Comunicaciones<\/p>\n<p class=\"pm-b4--subtitulo\">Terrenos mayormente propiedad del gobierno o bajo control estatal:<\/p>\n<p class=\"p1\">\u2022 No se requieren negociaciones con propietarios locales<\/p>\n<p class=\"pm-b4--subtitulo\">A 25 km del Puerto de Mejillones:<\/p>\n<p class=\"p1\">\u2022 Uno de los principales puertos de importaci\u00f3n de H\u2082SO\u2084 a Chile<br \/>\n\u2022 Acceso a mano de obra calificada<\/p>\n<p class=\"pm-b4--subtitulo\">&gt;A 40 km de Antofagasta:<\/p>\n<p class=\"p1\">\u2022 Centro regional importante<br \/>\n\u2022 No se requiere alojamiento en el sitio<br \/>\n\u2022 Aeropuerto con buenas conexiones<\/p>\n<\/div>\n<\/div>\n<\/div>\n<p><!--Geology--><\/p>\n<div class=\"pm box-1 bt-line bck-esp\" style=\"background-image: url(https:\/\/marimaca.com\/wp-content\/uploads\/2024\/02\/marimaca-desert.jpeg;\">\n<div class=\"pm box-1 cont box-esp\">\n<h2 class=\"pm--titulo\">Geolog\u00eda<\/h2>\n<p class=\"p1\">El <span class=\"s1\">Dep\u00f3sito Marimaca<\/span> es un dep\u00f3sito tipo <span class=\"s1\">IOCG<\/span> alojado en la <span class=\"s1\">Cordillera Costera de Chile<\/span>, regi\u00f3n dominada por dep\u00f3sitos tipo \u201cmanto\u201d de Cu-Ag y dep\u00f3sitos tipo IOCG.<\/p>\n<p class=\"p1\">Las rocas dominantes en Marimaca son intrusivos del <span class=\"s1\">Complejo Plut\u00f3nico Naguay\u00e1n<\/span>, definido por Cortes et al. (2007). En Marimaca, la roca hu\u00e9sped es una monzodiorita equigranular a porfir\u00edtica, intruida por un <span class=\"s1\">sistema de diques<\/span> que consiste en episodios bimodales con composiciones que var\u00edan de gabro a riodacita, orientados NS a NE, NW y WNW, con pendientes de 45\u201350\u00b0 a 60\u201375\u00b0 hacia el este y sureste.<\/p>\n<p class=\"p1\">La <span class=\"s1\">estructura principal de Naguay\u00e1n<\/span>, orientada NS a NNE, consiste en una zona de fracturas tipo \u201csheeted\u201d que incluye fallas y diques, controlando la mineralizaci\u00f3n en Marimaca y extendi\u00e9ndose kil\u00f3metros m\u00e1s all\u00e1 de los l\u00edmites del proyecto.<\/p>\n<p class=\"p1\">Eventos intensos, extensos y generalizados de oxidaci\u00f3n superg\u00e9nica han producido la <span class=\"s1\">capa de \u00f3xidos de cobre<\/span> que constituye el dep\u00f3sito mineral de Marimaca. Los datos de superficie muestran que los \u00f3xidos de cobre est\u00e1n controlados por una roca hu\u00e9sped muy fracturada, generando un fondo de alta permeabilidad producto de la superposici\u00f3n de m\u00faltiples eventos de fracturaci\u00f3n e intrusiones de diques. La oxidaci\u00f3n se origin\u00f3 por la alteraci\u00f3n de una capa enriquecida en sulfuros secundarios, generando zonaci\u00f3n desde <span class=\"s1\">brochantita-atacamita<\/span> en los n\u00facleos cercanos a los parches remanentes de sulfuros secundarios, con halos externos sucesivos de <span class=\"s1\">crisocola<\/span> predominante y, m\u00e1s externamente, <span class=\"s1\">wad<\/span>.<\/p>\n<p class=\"p1\">En comparaci\u00f3n con otros dep\u00f3sitos del cintur\u00f3n, Marimaca est\u00e1 completamente alojada en unidades rocosas intrusivas que se vuelven extremadamente permeables gracias a la intensa fracturaci\u00f3n.<\/p>\n<\/div>\n<\/div>\n<p><!--Geology--><\/p>\n<div class=\"pm box-1 bt-line bck-esp \" style=\"background-image: url(https:\/\/marimaca.com\/wp-content\/uploads\/2024\/02\/marimaca-desert.jpeg;\">\n<div class=\"pm box-1 cont box-esp mg-left\">\n<h2 class=\"pm--titulo\">Exploraci\u00f3n<\/h2>\n<p>Marimaca considera que existe un fuerte potencial de sulfuros asociado al dep\u00f3sito de \u00f3xidos bien definido del proyecto. La perforaci\u00f3n descendente desde los \u00f3xidos ha indicado mineralizaci\u00f3n dominante en calcopirita, la cual Marimaca planea explorar m\u00e1s a fondo en el futuro.<\/p>\n<p>Adem\u00e1s del potencial de sulfuros, el dep\u00f3sito permanece abierto hacia el norte, sur y en profundidad. Se han identificado m\u00faltiples objetivos de exploraci\u00f3n de \u00f3xidos cercanos a la superficie, dentro de la proximidad del proyecto, con potencial para agregar toneladas a corto plazo a la vida \u00fatil actual de la mina.<\/p>\n<p>En noviembre de 2024, la perforaci\u00f3n de circulaci\u00f3n inversa en el objetivo Mercedes, ubicado a menos de 500 m al norte del borde norte del Dep\u00f3sito de \u00d3xidos Marimaca, extendi\u00f3 el \u00e1rea de mineralizaci\u00f3n de \u00f3xidos de cobre en superficie a un \u00e1rea de inter\u00e9s de 700 m de largo y 400 m de ancho, mostrando un claro potencial para aumentar la base de recursos lixiviables de la compa\u00f1\u00eda.<\/p>\n<p>Asimismo, la zona de Handing Wall Alteration (HWA) es regionalmente extensa, con una extensi\u00f3n identificada de m\u00e1s de 10 km en el \u00e1rea del proyecto, mostrando fuerte asociaci\u00f3n con la mineralizaci\u00f3n de cobre.<\/p>\n<p>A escala de distrito, los conductos estructurales en el Proyecto de Cobre Marimaca son extensos a nivel regional. La zona se considera prospectiva para dep\u00f3sitos adicionales tipo IOCG y tipo manto. Todos los objetivos se encuentran adyacentes a estructuras regionales clave que se cree controlan la mineralizaci\u00f3n del proyecto, con la estructura regional identificada a lo largo de 25 km.<\/p>\n<p>La compa\u00f1\u00eda tambi\u00e9n tiene intereses en los reclamos cercanos de Sierra Medina, que presentan intersecciones de sulfuros y \u00f3xidos de cobre de alta ley, ofreciendo un potencial de exploraci\u00f3n significativamente mayor.<\/p>\n<\/div>\n<\/div>\n<div class=\"pm-banner-box bt-line to-line\">\n<div class=\"pm-cont-box\">\n<h2 class=\"p1\">Presentaci\u00f3n Corporativa<\/h2>\n<\/div>\n<div class=\"pm-cont-box\">\n<div class=\"pm--button\"><a href=\"https:\/\/marimaca.com\/es\/presentaciones\/\" target=\"_blank\" rel=\"noopener\">Ver aqu\u00ed<\/a><\/div>\n<\/div>\n<\/div>\n","protected":false},"excerpt":{"rendered":"<p>Descripci\u00f3n general El Proyecto de Cobre Marimaca es el proyecto insignia de la Compa\u00f1\u00eda en Antofagasta, Chile, una de las jurisdicciones mineras m\u00e1s importantes del mundo. El Proyecto avanza r\u00e1pidamente con su plan de desarrollo sostenible para producir c\u00e1todos de cobre de alta calidad. Tras nuestro Estudio de Factibilidad Definitivo de 2025, el Proyecto avanza [&hellip;]<\/p>\n","protected":false},"author":6,"featured_media":7080,"parent":0,"menu_order":0,"comment_status":"closed","ping_status":"closed","template":"projects\/marimaca-copper-project-overview.php","meta":{"_acf_changed":false,"inline_featured_image":false,"footnotes":""},"class_list":["post-8073","page","type-page","status-publish","has-post-thumbnail","hentry"],"acf":[],"yoast_head":"<!-- This site is optimized with the Yoast SEO plugin v27.4 - https:\/\/yoast.com\/product\/yoast-seo-wordpress\/ -->\n<title>Resumen del Proyecto de Cobre Marimaca - Marimaca<\/title>\n<meta name=\"robots\" content=\"index, follow, max-snippet:-1, max-image-preview:large, max-video-preview:-1\" \/>\n<link rel=\"canonical\" href=\"https:\/\/marimaca.com\/es\/marimaca-copper-project-overview\/\" \/>\n<meta property=\"og:locale\" content=\"es_ES\" \/>\n<meta property=\"og:type\" content=\"article\" \/>\n<meta property=\"og:title\" content=\"Resumen del Proyecto de Cobre Marimaca - Marimaca\" \/>\n<meta property=\"og:description\" content=\"Descripci\u00f3n general El Proyecto de Cobre Marimaca es el proyecto insignia de la Compa\u00f1\u00eda en Antofagasta, Chile, una de las jurisdicciones mineras m\u00e1s importantes del mundo. El Proyecto avanza r\u00e1pidamente con su plan de desarrollo sostenible para producir c\u00e1todos de cobre de alta calidad. Tras nuestro Estudio de Factibilidad Definitivo de 2025, el Proyecto avanza [&hellip;]\" \/>\n<meta property=\"og:url\" content=\"https:\/\/marimaca.com\/es\/marimaca-copper-project-overview\/\" \/>\n<meta property=\"og:site_name\" content=\"Marimaca\" \/>\n<meta property=\"article:modified_time\" content=\"2026-03-12T08:26:39+00:00\" \/>\n<meta property=\"og:image\" content=\"https:\/\/marimaca.com\/wp-content\/uploads\/2022\/10\/1000x240.png\" \/>\n\t<meta property=\"og:image:width\" content=\"1000\" \/>\n\t<meta property=\"og:image:height\" content=\"240\" \/>\n\t<meta property=\"og:image:type\" content=\"image\/png\" \/>\n<meta name=\"twitter:card\" content=\"summary_large_image\" \/>\n<meta name=\"twitter:label1\" content=\"Tiempo de lectura\" \/>\n\t<meta name=\"twitter:data1\" content=\"9 minutos\" \/>\n<script type=\"application\/ld+json\" class=\"yoast-schema-graph\">{\"@context\":\"https:\\\/\\\/schema.org\",\"@graph\":[{\"@type\":\"WebPage\",\"@id\":\"https:\\\/\\\/marimaca.com\\\/es\\\/marimaca-copper-project-overview\\\/\",\"url\":\"https:\\\/\\\/marimaca.com\\\/es\\\/marimaca-copper-project-overview\\\/\",\"name\":\"Resumen del Proyecto de Cobre Marimaca - Marimaca\",\"isPartOf\":{\"@id\":\"https:\\\/\\\/marimaca.com\\\/es\\\/#website\"},\"primaryImageOfPage\":{\"@id\":\"https:\\\/\\\/marimaca.com\\\/es\\\/marimaca-copper-project-overview\\\/#primaryimage\"},\"image\":{\"@id\":\"https:\\\/\\\/marimaca.com\\\/es\\\/marimaca-copper-project-overview\\\/#primaryimage\"},\"thumbnailUrl\":\"https:\\\/\\\/marimaca.com\\\/wp-content\\\/uploads\\\/2022\\\/10\\\/1000x240.png\",\"datePublished\":\"2023-12-26T20:52:00+00:00\",\"dateModified\":\"2026-03-12T08:26:39+00:00\",\"inLanguage\":\"es\",\"potentialAction\":[{\"@type\":\"ReadAction\",\"target\":[\"https:\\\/\\\/marimaca.com\\\/es\\\/marimaca-copper-project-overview\\\/\"]}]},{\"@type\":\"ImageObject\",\"inLanguage\":\"es\",\"@id\":\"https:\\\/\\\/marimaca.com\\\/es\\\/marimaca-copper-project-overview\\\/#primaryimage\",\"url\":\"https:\\\/\\\/marimaca.com\\\/wp-content\\\/uploads\\\/2022\\\/10\\\/1000x240.png\",\"contentUrl\":\"https:\\\/\\\/marimaca.com\\\/wp-content\\\/uploads\\\/2022\\\/10\\\/1000x240.png\",\"width\":1000,\"height\":240},{\"@type\":\"WebSite\",\"@id\":\"https:\\\/\\\/marimaca.com\\\/es\\\/#website\",\"url\":\"https:\\\/\\\/marimaca.com\\\/es\\\/\",\"name\":\"Marimaca\",\"description\":\"The Marimaca Copper\",\"potentialAction\":[{\"@type\":\"SearchAction\",\"target\":{\"@type\":\"EntryPoint\",\"urlTemplate\":\"https:\\\/\\\/marimaca.com\\\/es\\\/?s={search_term_string}\"},\"query-input\":{\"@type\":\"PropertyValueSpecification\",\"valueRequired\":true,\"valueName\":\"search_term_string\"}}],\"inLanguage\":\"es\"}]}<\/script>\n<!-- \/ Yoast SEO plugin. -->","yoast_head_json":{"title":"Resumen del Proyecto de Cobre Marimaca - Marimaca","robots":{"index":"index","follow":"follow","max-snippet":"max-snippet:-1","max-image-preview":"max-image-preview:large","max-video-preview":"max-video-preview:-1"},"canonical":"https:\/\/marimaca.com\/es\/marimaca-copper-project-overview\/","og_locale":"es_ES","og_type":"article","og_title":"Resumen del Proyecto de Cobre Marimaca - Marimaca","og_description":"Descripci\u00f3n general El Proyecto de Cobre Marimaca es el proyecto insignia de la Compa\u00f1\u00eda en Antofagasta, Chile, una de las jurisdicciones mineras m\u00e1s importantes del mundo. El Proyecto avanza r\u00e1pidamente con su plan de desarrollo sostenible para producir c\u00e1todos de cobre de alta calidad. Tras nuestro Estudio de Factibilidad Definitivo de 2025, el Proyecto avanza [&hellip;]","og_url":"https:\/\/marimaca.com\/es\/marimaca-copper-project-overview\/","og_site_name":"Marimaca","article_modified_time":"2026-03-12T08:26:39+00:00","og_image":[{"width":1000,"height":240,"url":"https:\/\/marimaca.com\/wp-content\/uploads\/2022\/10\/1000x240.png","type":"image\/png"}],"twitter_card":"summary_large_image","twitter_misc":{"Tiempo de lectura":"9 minutos"},"schema":{"@context":"https:\/\/schema.org","@graph":[{"@type":"WebPage","@id":"https:\/\/marimaca.com\/es\/marimaca-copper-project-overview\/","url":"https:\/\/marimaca.com\/es\/marimaca-copper-project-overview\/","name":"Resumen del Proyecto de Cobre Marimaca - Marimaca","isPartOf":{"@id":"https:\/\/marimaca.com\/es\/#website"},"primaryImageOfPage":{"@id":"https:\/\/marimaca.com\/es\/marimaca-copper-project-overview\/#primaryimage"},"image":{"@id":"https:\/\/marimaca.com\/es\/marimaca-copper-project-overview\/#primaryimage"},"thumbnailUrl":"https:\/\/marimaca.com\/wp-content\/uploads\/2022\/10\/1000x240.png","datePublished":"2023-12-26T20:52:00+00:00","dateModified":"2026-03-12T08:26:39+00:00","inLanguage":"es","potentialAction":[{"@type":"ReadAction","target":["https:\/\/marimaca.com\/es\/marimaca-copper-project-overview\/"]}]},{"@type":"ImageObject","inLanguage":"es","@id":"https:\/\/marimaca.com\/es\/marimaca-copper-project-overview\/#primaryimage","url":"https:\/\/marimaca.com\/wp-content\/uploads\/2022\/10\/1000x240.png","contentUrl":"https:\/\/marimaca.com\/wp-content\/uploads\/2022\/10\/1000x240.png","width":1000,"height":240},{"@type":"WebSite","@id":"https:\/\/marimaca.com\/es\/#website","url":"https:\/\/marimaca.com\/es\/","name":"Marimaca","description":"The Marimaca Copper","potentialAction":[{"@type":"SearchAction","target":{"@type":"EntryPoint","urlTemplate":"https:\/\/marimaca.com\/es\/?s={search_term_string}"},"query-input":{"@type":"PropertyValueSpecification","valueRequired":true,"valueName":"search_term_string"}}],"inLanguage":"es"}]}},"_links":{"self":[{"href":"https:\/\/marimaca.com\/es\/wp-json\/wp\/v2\/pages\/8073","targetHints":{"allow":["GET"]}}],"collection":[{"href":"https:\/\/marimaca.com\/es\/wp-json\/wp\/v2\/pages"}],"about":[{"href":"https:\/\/marimaca.com\/es\/wp-json\/wp\/v2\/types\/page"}],"author":[{"embeddable":true,"href":"https:\/\/marimaca.com\/es\/wp-json\/wp\/v2\/users\/6"}],"replies":[{"embeddable":true,"href":"https:\/\/marimaca.com\/es\/wp-json\/wp\/v2\/comments?post=8073"}],"version-history":[{"count":5,"href":"https:\/\/marimaca.com\/es\/wp-json\/wp\/v2\/pages\/8073\/revisions"}],"predecessor-version":[{"id":10478,"href":"https:\/\/marimaca.com\/es\/wp-json\/wp\/v2\/pages\/8073\/revisions\/10478"}],"wp:featuredmedia":[{"embeddable":true,"href":"https:\/\/marimaca.com\/es\/wp-json\/wp\/v2\/media\/7080"}],"wp:attachment":[{"href":"https:\/\/marimaca.com\/es\/wp-json\/wp\/v2\/media?parent=8073"}],"curies":[{"name":"wp","href":"https:\/\/api.w.org\/{rel}","templated":true}]}}