{"id":7684,"date":"2023-05-10T11:20:17","date_gmt":"2023-05-10T15:20:17","guid":{"rendered":"https:\/\/marimaca.com\/esg-certification\/"},"modified":"2026-03-12T13:12:17","modified_gmt":"2026-03-12T17:12:17","slug":"certificacion-esg","status":"publish","type":"page","link":"https:\/\/marimaca.com\/es\/certificacion-esg\/","title":{"rendered":"Certificaci\u00f3n ESG"},"content":{"rendered":"<p class=\"p1\"><b>Certificaci\u00f3n ESG<\/b><b><\/b><\/p>\n<p class=\"p3\">La revisi\u00f3n independiente por terceros de nuestras pr\u00e1cticas y objetivos ESG y de sostenibilidad es un componente clave de nuestro compromiso de crear valor a largo plazo para todas nuestras partes interesadas mediante la integraci\u00f3n de las mejores pr\u00e1cticas ESG en el desarrollo continuo de la Compa\u00f1\u00eda.<\/p>\n<p class=\"p3\">Desde 2021, Marimaca ha realizado una evaluaci\u00f3n anual independiente del desempe\u00f1o ESG a trav\u00e9s del marco de informes ESG de Digbee, para evaluar las credenciales ESG de la empresa y del proyecto. La evaluaci\u00f3n del marco de Digbee incluye la cumplimentaci\u00f3n de un conjunto integral de cuestionarios corporativos y de proyectos, adecuados al alcance del proyecto Marimaca, alineados con los est\u00e1ndares globales clave.<\/p>\n<p class=\"p3\">La evaluaci\u00f3n requiri\u00f3 el suministro de datos relevantes corporativos y del proyecto, narrativas y evidencia de respaldo. Nuestra divulgaci\u00f3n fue aprobada por la junta antes de la presentaci\u00f3n y evaluada por expertos mineros independientes en ESG, lo que result\u00f3 en una calificaci\u00f3n imparcial y en la obtenci\u00f3n de una certificaci\u00f3n ESG espec\u00edfica. Los puntajes tambi\u00e9n son revisados por pares como parte de la evaluaci\u00f3n, para garantizar precisi\u00f3n y credibilidad.<\/p>\n<p class=\"p1\"><b>Algunos de los est\u00e1ndares globales con los que se alinea Digbee<\/b><\/p>\n<p><img loading=\"lazy\" decoding=\"async\" class=\"d-none d-md-block h-auto alignnone wp-image-7714 size-full\" src=\"https:\/\/marimaca.com\/wp-content\/uploads\/2023\/05\/Logos-desk-marimaca.jpg\" alt=\"\" width=\"1920\" height=\"1080\" srcset=\"https:\/\/marimaca.com\/wp-content\/uploads\/2023\/05\/Logos-desk-marimaca.jpg 1920w, https:\/\/marimaca.com\/wp-content\/uploads\/2023\/05\/Logos-desk-marimaca-300x169.jpg 300w, https:\/\/marimaca.com\/wp-content\/uploads\/2023\/05\/Logos-desk-marimaca-1024x576.jpg 1024w, https:\/\/marimaca.com\/wp-content\/uploads\/2023\/05\/Logos-desk-marimaca-768x432.jpg 768w, https:\/\/marimaca.com\/wp-content\/uploads\/2023\/05\/Logos-desk-marimaca-1536x864.jpg 1536w\" sizes=\"auto, (max-width: 1920px) 100vw, 1920px\" \/> <img loading=\"lazy\" decoding=\"async\" class=\"d-block d-md-none h-auto alignnone wp-image-7712 size-full\" src=\"https:\/\/marimaca.com\/wp-content\/uploads\/2023\/05\/logos-mobile-Marimaca.jpg\" alt=\"\" width=\"360\" height=\"903\" srcset=\"https:\/\/marimaca.com\/wp-content\/uploads\/2023\/05\/logos-mobile-Marimaca.jpg 360w, https:\/\/marimaca.com\/wp-content\/uploads\/2023\/05\/logos-mobile-Marimaca-120x300.jpg 120w\" sizes=\"auto, (max-width: 360px) 100vw, 360px\" \/><\/p>\n<p class=\"p1\">Para 2025, nos enorgullece haber alcanzado una calificaci\u00f3n de <span class=\"s1\"><b>A<\/b><\/span> dentro de un rango de <span class=\"s1\"><b>B a AAA<\/b><\/span>. Esto refleja nuestro compromiso continuo con la mejora de nuestros indicadores ESG. En 2021, recibimos una calificaci\u00f3n de <span class=\"s1\"><b>BB<\/b><\/span>, que mejor\u00f3 a <span class=\"s1\"><b>BBB<\/b><\/span> en 2022, y ahora se mantiene en <span class=\"s1\"><b>A<\/b><\/span>. Muchos de nuestros proyectos y calificaciones corporativas fueron clasificados en <span class=\"s1\"><b>A<\/b><\/span> o superior. Los detalles completos del informe se pueden consultar aqu\u00ed.<\/p>\n<p class=\"p3\"><b>Conclusiones generales positivas derivadas de la evaluaci\u00f3n de 2024:<\/b><b><\/b><\/p>\n<ul>\n<li>\n<p class=\"p1\">La Compa\u00f1\u00eda present\u00f3 la <span class=\"s1\"><b>Declaraci\u00f3n de Impacto Ambiental (DIA)<\/b><\/span> en enero de 2025 y ha recibido comentarios a los cuales responder\u00e1 a mediados de 2025. Este es uno de los caminos de acceso al <span class=\"s1\"><b>Sistema de Evaluaci\u00f3n de Impacto Ambiental (SEIA)<\/b><\/span> completo, que se completar\u00e1 en el futuro. El <span class=\"s1\"><b>Estudio de Factibilidad Definitivo<\/b><\/span> del proyecto ha comenzado.<\/p>\n<\/li>\n<li>\n<p class=\"p1\">La gesti\u00f3n de riesgos es integral a la estrategia y la toma de decisiones. El <span class=\"s1\"><b>Informe de An\u00e1lisis Ambiental<\/b><\/span>, que aborda los <span class=\"s1\"><b>Riesgos Ambientales<\/b><\/span>, es muy exhaustivo y representa un esfuerzo considerable para considerar proactivamente los riesgos ambientales.<\/p>\n<\/li>\n<li>\n<p class=\"p1\">La Compa\u00f1\u00eda ha encontrado varias soluciones innovadoras para reducir la huella ambiental de la operaci\u00f3n, tales como: utilizar <span class=\"s1\"><b>agua de enfriamiento reciclada del mar<\/b><\/span> proveniente de una planta el\u00e9ctrica cercana para las operaciones mineras y de procesamiento, lo que elimina la necesidad de extracci\u00f3n de agua subterr\u00e1nea; y dise\u00f1ar un <span class=\"s1\"><b>proceso de mineral<\/b><\/span> que no requerir\u00e1 una instalaci\u00f3n de relaves.<\/p>\n<\/li>\n<li>\n<p class=\"p1\">El proyecto es un <span class=\"s1\"><b>proyecto chileno de exploraci\u00f3n de \u00f3xidos de cobre<\/b><\/span>, ubicado en la regi\u00f3n de <span class=\"s1\"><b>Antofagasta<\/b><\/span>, un distrito minero de cobre reconocido mundialmente, que se beneficia de un f\u00e1cil acceso a infraestructura adecuada, como puertos, carreteras, aeropuertos, suministro el\u00e9ctrico y la s\u00f3lida experiencia de la poblaci\u00f3n local.<\/p>\n<\/li>\n<li>\n<p class=\"p1\">Este es el <span class=\"s1\"><b>cuarto a\u00f1o<\/b><\/span> en que la Compa\u00f1\u00eda es evaluada utilizando el marco de <span class=\"s1\"><b>Digbee<\/b><\/span>, lo que indica un fuerte compromiso con el ESG y una transparencia continua en las pr\u00e1cticas de gobernanza.<\/p>\n<\/li>\n<li>\n<p class=\"p1\">La <span class=\"s1\"><b>mayor\u00eda de la fuerza laboral<\/b><\/span> se selecciona de la poblaci\u00f3n local, dentro de la regi\u00f3n de Antofagasta y el norte de Chile. En el futuro, la Compa\u00f1\u00eda espera emplear <span class=\"s1\"><b>el 95% de su personal localmente<\/b><\/span>, gracias a la disponibilidad de trabajadores calificados con experiencia, dada la larga historia minera de la zona.<\/p>\n<\/li>\n<li>\n<p class=\"p1\">La gesti\u00f3n de riesgos est\u00e1 integrada en toda la organizaci\u00f3n y se utiliza para apoyar la toma de decisiones a nivel ejecutivo.<\/p>\n<\/li>\n<li>\n<p class=\"p1\">La <span class=\"s1\"><b>Junta Directiva<\/b><\/span> posee un conjunto diverso de habilidades en finanzas, relaciones gubernamentales, contabilidad y miner\u00eda, y est\u00e1 bien equipada y experimentada para avanzar con \u00e9xito el proyecto desde la exploraci\u00f3n hasta el desarrollo.<\/p>\n<\/li>\n<li>\n<p class=\"p1\">La Compa\u00f1\u00eda <span class=\"s1\"><b>no depende del agua subterr\u00e1nea<\/b><\/span> para su uso actual o futuro previsto, asegurando que el agua continental escasa disponible pueda ser utilizada por la poblaci\u00f3n local.<\/p>\n<\/li>\n<li>\n<p class=\"p1\">Actualmente, la <span class=\"s1\"><b>gran mayor\u00eda de los bienes y servicios<\/b><\/span> se adquieren de manera local.<\/p>\n<\/li>\n<\/ul>\n<div class=\"bg-green rounded-10 text-white p-5 my-5\">\n<h3 style=\"text-align: justify;\"><b>\u00bfQu\u00e9 es el Marco Digbee?<\/b><\/h3>\n<p style=\"text-align: justify;\"><strong>El Marco de Evaluaci\u00f3n ESG de Digbee es una herramienta especializada dise\u00f1ada espec\u00edficamente para el sector minero, que abarca a todos los participantes desde la exploraci\u00f3n hasta el desarrollo y, finalmente, las operaciones. Sus caracter\u00edsticas clave incluyen:<\/strong><\/p>\n<ul style=\"text-align: justify;\">\n<li>Respaldado por l\u00edderes del sector y actores financieros \u2013 Cuenta con el apoyo y reconocimiento de los principales actores de la miner\u00eda y la inversi\u00f3n, lo que garantiza su credibilidad.<\/li>\n<li>Alineado con est\u00e1ndares globales \u2013 El marco se actualiza continuamente para reflejar las \u00faltimas normas internacionales de ESG y las mejores pr\u00e1cticas.<\/li>\n<li>Evaluaci\u00f3n manual y revisi\u00f3n por pares \u2013 Las divulgaciones ESG son evaluadas manualmente y luego revisadas por un equipo independiente de expertos en ESG, asegurando precisi\u00f3n y confiabilidad.<\/li>\n<li>Calificaciones ESG altamente cre\u00edbles \u2013 Muchos en la industria minera consideran que Digbee proporciona algunas de las calificaciones ESG m\u00e1s confiables para proyectos y empresas mineras.<\/li>\n<\/ul>\n<\/div>\n","protected":false},"excerpt":{"rendered":"<p>Certificaci\u00f3n ESG La revisi\u00f3n independiente por terceros de nuestras pr\u00e1cticas y objetivos ESG y de sostenibilidad es un componente clave de nuestro compromiso de crear valor a largo plazo para todas nuestras partes interesadas mediante la integraci\u00f3n de las mejores pr\u00e1cticas ESG en el desarrollo continuo de la Compa\u00f1\u00eda. Desde 2021, Marimaca ha realizado una [&hellip;]<\/p>\n","protected":false},"author":6,"featured_media":7683,"parent":0,"menu_order":0,"comment_status":"closed","ping_status":"closed","template":"esg-certification.php","meta":{"_acf_changed":false,"inline_featured_image":false,"footnotes":""},"class_list":["post-7684","page","type-page","status-publish","has-post-thumbnail","hentry"],"acf":[],"yoast_head":"<!-- This site is optimized with the Yoast SEO plugin v27.4 - https:\/\/yoast.com\/product\/yoast-seo-wordpress\/ -->\n<title>Certificaci\u00f3n ESG - Marimaca<\/title>\n<meta name=\"robots\" content=\"index, follow, max-snippet:-1, max-image-preview:large, max-video-preview:-1\" \/>\n<link rel=\"canonical\" href=\"https:\/\/marimaca.com\/es\/certificacion-esg\/\" \/>\n<meta property=\"og:locale\" content=\"es_ES\" \/>\n<meta property=\"og:type\" content=\"article\" \/>\n<meta property=\"og:title\" content=\"Certificaci\u00f3n ESG - Marimaca\" \/>\n<meta property=\"og:description\" content=\"Certificaci\u00f3n ESG La revisi\u00f3n independiente por terceros de nuestras pr\u00e1cticas y objetivos ESG y de sostenibilidad es un componente clave de nuestro compromiso de crear valor a largo plazo para todas nuestras partes interesadas mediante la integraci\u00f3n de las mejores pr\u00e1cticas ESG en el desarrollo continuo de la Compa\u00f1\u00eda. Desde 2021, Marimaca ha realizado una [&hellip;]\" \/>\n<meta property=\"og:url\" content=\"https:\/\/marimaca.com\/es\/certificacion-esg\/\" \/>\n<meta property=\"og:site_name\" content=\"Marimaca\" \/>\n<meta property=\"article:modified_time\" content=\"2026-03-12T17:12:17+00:00\" \/>\n<meta property=\"og:image\" content=\"https:\/\/marimaca.com\/wp-content\/uploads\/2023\/05\/banner_ESG-1-scaled.jpg\" \/>\n\t<meta property=\"og:image:width\" content=\"2560\" \/>\n\t<meta property=\"og:image:height\" content=\"537\" \/>\n\t<meta property=\"og:image:type\" content=\"image\/jpeg\" \/>\n<meta name=\"twitter:card\" content=\"summary_large_image\" \/>\n<meta name=\"twitter:label1\" content=\"Tiempo de lectura\" \/>\n\t<meta name=\"twitter:data1\" content=\"5 minutos\" \/>\n<script type=\"application\/ld+json\" class=\"yoast-schema-graph\">{\"@context\":\"https:\\\/\\\/schema.org\",\"@graph\":[{\"@type\":\"WebPage\",\"@id\":\"https:\\\/\\\/marimaca.com\\\/es\\\/certificacion-esg\\\/\",\"url\":\"https:\\\/\\\/marimaca.com\\\/es\\\/certificacion-esg\\\/\",\"name\":\"Certificaci\u00f3n ESG - Marimaca\",\"isPartOf\":{\"@id\":\"https:\\\/\\\/marimaca.com\\\/es\\\/#website\"},\"primaryImageOfPage\":{\"@id\":\"https:\\\/\\\/marimaca.com\\\/es\\\/certificacion-esg\\\/#primaryimage\"},\"image\":{\"@id\":\"https:\\\/\\\/marimaca.com\\\/es\\\/certificacion-esg\\\/#primaryimage\"},\"thumbnailUrl\":\"https:\\\/\\\/marimaca.com\\\/wp-content\\\/uploads\\\/2023\\\/05\\\/banner_ESG-1-scaled.jpg\",\"datePublished\":\"2023-05-10T15:20:17+00:00\",\"dateModified\":\"2026-03-12T17:12:17+00:00\",\"inLanguage\":\"es\",\"potentialAction\":[{\"@type\":\"ReadAction\",\"target\":[\"https:\\\/\\\/marimaca.com\\\/es\\\/certificacion-esg\\\/\"]}]},{\"@type\":\"ImageObject\",\"inLanguage\":\"es\",\"@id\":\"https:\\\/\\\/marimaca.com\\\/es\\\/certificacion-esg\\\/#primaryimage\",\"url\":\"https:\\\/\\\/marimaca.com\\\/wp-content\\\/uploads\\\/2023\\\/05\\\/banner_ESG-1-scaled.jpg\",\"contentUrl\":\"https:\\\/\\\/marimaca.com\\\/wp-content\\\/uploads\\\/2023\\\/05\\\/banner_ESG-1-scaled.jpg\",\"width\":2560,\"height\":537},{\"@type\":\"WebSite\",\"@id\":\"https:\\\/\\\/marimaca.com\\\/es\\\/#website\",\"url\":\"https:\\\/\\\/marimaca.com\\\/es\\\/\",\"name\":\"Marimaca\",\"description\":\"The Marimaca Copper\",\"potentialAction\":[{\"@type\":\"SearchAction\",\"target\":{\"@type\":\"EntryPoint\",\"urlTemplate\":\"https:\\\/\\\/marimaca.com\\\/es\\\/?s={search_term_string}\"},\"query-input\":{\"@type\":\"PropertyValueSpecification\",\"valueRequired\":true,\"valueName\":\"search_term_string\"}}],\"inLanguage\":\"es\"}]}<\/script>\n<!-- \/ Yoast SEO plugin. -->","yoast_head_json":{"title":"Certificaci\u00f3n ESG - Marimaca","robots":{"index":"index","follow":"follow","max-snippet":"max-snippet:-1","max-image-preview":"max-image-preview:large","max-video-preview":"max-video-preview:-1"},"canonical":"https:\/\/marimaca.com\/es\/certificacion-esg\/","og_locale":"es_ES","og_type":"article","og_title":"Certificaci\u00f3n ESG - Marimaca","og_description":"Certificaci\u00f3n ESG La revisi\u00f3n independiente por terceros de nuestras pr\u00e1cticas y objetivos ESG y de sostenibilidad es un componente clave de nuestro compromiso de crear valor a largo plazo para todas nuestras partes interesadas mediante la integraci\u00f3n de las mejores pr\u00e1cticas ESG en el desarrollo continuo de la Compa\u00f1\u00eda. Desde 2021, Marimaca ha realizado una [&hellip;]","og_url":"https:\/\/marimaca.com\/es\/certificacion-esg\/","og_site_name":"Marimaca","article_modified_time":"2026-03-12T17:12:17+00:00","og_image":[{"width":2560,"height":537,"url":"https:\/\/marimaca.com\/wp-content\/uploads\/2023\/05\/banner_ESG-1-scaled.jpg","type":"image\/jpeg"}],"twitter_card":"summary_large_image","twitter_misc":{"Tiempo de lectura":"5 minutos"},"schema":{"@context":"https:\/\/schema.org","@graph":[{"@type":"WebPage","@id":"https:\/\/marimaca.com\/es\/certificacion-esg\/","url":"https:\/\/marimaca.com\/es\/certificacion-esg\/","name":"Certificaci\u00f3n ESG - Marimaca","isPartOf":{"@id":"https:\/\/marimaca.com\/es\/#website"},"primaryImageOfPage":{"@id":"https:\/\/marimaca.com\/es\/certificacion-esg\/#primaryimage"},"image":{"@id":"https:\/\/marimaca.com\/es\/certificacion-esg\/#primaryimage"},"thumbnailUrl":"https:\/\/marimaca.com\/wp-content\/uploads\/2023\/05\/banner_ESG-1-scaled.jpg","datePublished":"2023-05-10T15:20:17+00:00","dateModified":"2026-03-12T17:12:17+00:00","inLanguage":"es","potentialAction":[{"@type":"ReadAction","target":["https:\/\/marimaca.com\/es\/certificacion-esg\/"]}]},{"@type":"ImageObject","inLanguage":"es","@id":"https:\/\/marimaca.com\/es\/certificacion-esg\/#primaryimage","url":"https:\/\/marimaca.com\/wp-content\/uploads\/2023\/05\/banner_ESG-1-scaled.jpg","contentUrl":"https:\/\/marimaca.com\/wp-content\/uploads\/2023\/05\/banner_ESG-1-scaled.jpg","width":2560,"height":537},{"@type":"WebSite","@id":"https:\/\/marimaca.com\/es\/#website","url":"https:\/\/marimaca.com\/es\/","name":"Marimaca","description":"The Marimaca Copper","potentialAction":[{"@type":"SearchAction","target":{"@type":"EntryPoint","urlTemplate":"https:\/\/marimaca.com\/es\/?s={search_term_string}"},"query-input":{"@type":"PropertyValueSpecification","valueRequired":true,"valueName":"search_term_string"}}],"inLanguage":"es"}]}},"_links":{"self":[{"href":"https:\/\/marimaca.com\/es\/wp-json\/wp\/v2\/pages\/7684","targetHints":{"allow":["GET"]}}],"collection":[{"href":"https:\/\/marimaca.com\/es\/wp-json\/wp\/v2\/pages"}],"about":[{"href":"https:\/\/marimaca.com\/es\/wp-json\/wp\/v2\/types\/page"}],"author":[{"embeddable":true,"href":"https:\/\/marimaca.com\/es\/wp-json\/wp\/v2\/users\/6"}],"replies":[{"embeddable":true,"href":"https:\/\/marimaca.com\/es\/wp-json\/wp\/v2\/comments?post=7684"}],"version-history":[{"count":5,"href":"https:\/\/marimaca.com\/es\/wp-json\/wp\/v2\/pages\/7684\/revisions"}],"predecessor-version":[{"id":10534,"href":"https:\/\/marimaca.com\/es\/wp-json\/wp\/v2\/pages\/7684\/revisions\/10534"}],"wp:featuredmedia":[{"embeddable":true,"href":"https:\/\/marimaca.com\/es\/wp-json\/wp\/v2\/media\/7683"}],"wp:attachment":[{"href":"https:\/\/marimaca.com\/es\/wp-json\/wp\/v2\/media?parent=7684"}],"curies":[{"name":"wp","href":"https:\/\/api.w.org\/{rel}","templated":true}]}}