{"id":3723,"date":"2020-12-02T13:09:19","date_gmt":"2020-12-02T18:09:19","guid":{"rendered":"http:\/\/marimaca.com\/?page_id=3723"},"modified":"2020-12-16T11:42:07","modified_gmt":"2020-12-16T16:42:07","slug":"por-que-cobre","status":"publish","type":"page","link":"https:\/\/marimaca.com\/es\/por-que-cobre\/","title":{"rendered":"\u00bfPor qu\u00e9 Cobre?"},"content":{"rendered":"<p>Se prev\u00e9 que la demanda de cobre sea fuerte en el mediano y largo plazo debido al crecimiento de la poblaci\u00f3n, la urbanizaci\u00f3n, la electrificaci\u00f3n y la potencial demanda relacionada con una creciente introducci\u00f3n de veh\u00edculos el\u00e9ctricos, infraestructura y tecnolog\u00edas relacionadas con energ\u00eda renovable.<\/p>\n<p>En el lado de la oferta, se prev\u00e9 un d\u00e9ficit en los pr\u00f3ximos a\u00f1os debido a la disminuci\u00f3n de la producci\u00f3n, la ausencia de nuevas minas en marcha, el deterioro de la calidad de los nuevos recursos y la falta de \u00e9xitos de exploraci\u00f3n a gran escala para reemplazar el agotamiento de las reservas de cobre existentes.<\/p>\n<div class=\"row article-img-container\">\n<div class=\"col-12\"><img loading=\"lazy\" decoding=\"async\" class=\"alignnone wp-image-647\" src=\"http:\/\/marimaca.com\/wp-content\/uploads\/2020\/11\/Imagen_2-1-300x180.jpg\" alt=\"\" width=\"818\" height=\"491\" srcset=\"https:\/\/marimaca.com\/wp-content\/uploads\/2020\/11\/Imagen_2-1-300x180.jpg 300w, https:\/\/marimaca.com\/wp-content\/uploads\/2020\/11\/Imagen_2-1-1024x614.jpg 1024w, https:\/\/marimaca.com\/wp-content\/uploads\/2020\/11\/Imagen_2-1-768x460.jpg 768w, https:\/\/marimaca.com\/wp-content\/uploads\/2020\/11\/Imagen_2-1-1536x921.jpg 1536w, https:\/\/marimaca.com\/wp-content\/uploads\/2020\/11\/Imagen_2-1.jpg 1920w\" sizes=\"auto, (max-width: 818px) 100vw, 818px\" \/><\/div>\n<\/div>\n<p>El Directorio de Marimaca Copper cree que el proyecto Marimaca tiene el potencial de convertirse en uno de los dep\u00f3sitos de \u00f3xido de cobre m\u00e1s significativos descubiertos en Chile en los \u00faltimos tiempos, y a medida que avanza hacia el desarrollo, se beneficiar\u00e1 de estos fundamentos positivos relacionados al suministro, asumiendo una mejora consecuente en las valoraciones del proyecto de cobre y precio del cobre.<\/p>\n","protected":false},"excerpt":{"rendered":"<p>Se prev\u00e9 que la demanda de cobre sea fuerte en el mediano y largo plazo debido al crecimiento de la poblaci\u00f3n, la urbanizaci\u00f3n, la electrificaci\u00f3n y la potencial demanda relacionada con una creciente introducci\u00f3n de veh\u00edculos el\u00e9ctricos, infraestructura y tecnolog\u00edas relacionadas con energ\u00eda renovable. En el lado de la oferta, se prev\u00e9 un d\u00e9ficit en [&hellip;]<\/p>\n","protected":false},"author":6,"featured_media":3716,"parent":0,"menu_order":0,"comment_status":"closed","ping_status":"closed","template":"projects\/why-copper.php","meta":{"_acf_changed":false,"inline_featured_image":false,"footnotes":""},"class_list":["post-3723","page","type-page","status-publish","has-post-thumbnail","hentry"],"acf":[],"yoast_head":"<!-- This site is optimized with the Yoast SEO plugin v27.4 - https:\/\/yoast.com\/product\/yoast-seo-wordpress\/ -->\n<title>\u00bfPor qu\u00e9 Cobre? - Marimaca<\/title>\n<meta name=\"robots\" content=\"index, follow, max-snippet:-1, max-image-preview:large, max-video-preview:-1\" \/>\n<link rel=\"canonical\" href=\"https:\/\/marimaca.com\/es\/por-que-cobre\/\" \/>\n<meta property=\"og:locale\" content=\"es_ES\" \/>\n<meta property=\"og:type\" content=\"article\" \/>\n<meta property=\"og:title\" content=\"\u00bfPor qu\u00e9 Cobre? - Marimaca\" \/>\n<meta property=\"og:description\" content=\"Se prev\u00e9 que la demanda de cobre sea fuerte en el mediano y largo plazo debido al crecimiento de la poblaci\u00f3n, la urbanizaci\u00f3n, la electrificaci\u00f3n y la potencial demanda relacionada con una creciente introducci\u00f3n de veh\u00edculos el\u00e9ctricos, infraestructura y tecnolog\u00edas relacionadas con energ\u00eda renovable. En el lado de la oferta, se prev\u00e9 un d\u00e9ficit en [&hellip;]\" \/>\n<meta property=\"og:url\" content=\"https:\/\/marimaca.com\/es\/por-que-cobre\/\" \/>\n<meta property=\"og:site_name\" content=\"Marimaca\" \/>\n<meta property=\"article:modified_time\" content=\"2020-12-16T16:42:07+00:00\" \/>\n<meta property=\"og:image\" content=\"https:\/\/marimaca.com\/wp-content\/uploads\/2020\/12\/WhyCopper_Interior.jpg\" \/>\n\t<meta property=\"og:image:width\" content=\"1920\" \/>\n\t<meta property=\"og:image:height\" content=\"400\" \/>\n\t<meta property=\"og:image:type\" content=\"image\/jpeg\" \/>\n<meta name=\"twitter:card\" content=\"summary_large_image\" \/>\n<meta name=\"twitter:label1\" content=\"Tiempo de lectura\" \/>\n\t<meta name=\"twitter:data1\" content=\"1 minuto\" \/>\n<script type=\"application\/ld+json\" class=\"yoast-schema-graph\">{\"@context\":\"https:\\\/\\\/schema.org\",\"@graph\":[{\"@type\":\"WebPage\",\"@id\":\"https:\\\/\\\/marimaca.com\\\/es\\\/por-que-cobre\\\/\",\"url\":\"https:\\\/\\\/marimaca.com\\\/es\\\/por-que-cobre\\\/\",\"name\":\"\u00bfPor qu\u00e9 Cobre? - Marimaca\",\"isPartOf\":{\"@id\":\"https:\\\/\\\/marimaca.com\\\/es\\\/#website\"},\"primaryImageOfPage\":{\"@id\":\"https:\\\/\\\/marimaca.com\\\/es\\\/por-que-cobre\\\/#primaryimage\"},\"image\":{\"@id\":\"https:\\\/\\\/marimaca.com\\\/es\\\/por-que-cobre\\\/#primaryimage\"},\"thumbnailUrl\":\"https:\\\/\\\/marimaca.com\\\/wp-content\\\/uploads\\\/2020\\\/12\\\/WhyCopper_Interior.jpg\",\"datePublished\":\"2020-12-02T18:09:19+00:00\",\"dateModified\":\"2020-12-16T16:42:07+00:00\",\"inLanguage\":\"es\",\"potentialAction\":[{\"@type\":\"ReadAction\",\"target\":[\"https:\\\/\\\/marimaca.com\\\/es\\\/por-que-cobre\\\/\"]}]},{\"@type\":\"ImageObject\",\"inLanguage\":\"es\",\"@id\":\"https:\\\/\\\/marimaca.com\\\/es\\\/por-que-cobre\\\/#primaryimage\",\"url\":\"https:\\\/\\\/marimaca.com\\\/wp-content\\\/uploads\\\/2020\\\/12\\\/WhyCopper_Interior.jpg\",\"contentUrl\":\"https:\\\/\\\/marimaca.com\\\/wp-content\\\/uploads\\\/2020\\\/12\\\/WhyCopper_Interior.jpg\",\"width\":1920,\"height\":400},{\"@type\":\"WebSite\",\"@id\":\"https:\\\/\\\/marimaca.com\\\/es\\\/#website\",\"url\":\"https:\\\/\\\/marimaca.com\\\/es\\\/\",\"name\":\"Marimaca\",\"description\":\"The Marimaca Copper\",\"potentialAction\":[{\"@type\":\"SearchAction\",\"target\":{\"@type\":\"EntryPoint\",\"urlTemplate\":\"https:\\\/\\\/marimaca.com\\\/es\\\/?s={search_term_string}\"},\"query-input\":{\"@type\":\"PropertyValueSpecification\",\"valueRequired\":true,\"valueName\":\"search_term_string\"}}],\"inLanguage\":\"es\"}]}<\/script>\n<!-- \/ Yoast SEO plugin. -->","yoast_head_json":{"title":"\u00bfPor qu\u00e9 Cobre? - Marimaca","robots":{"index":"index","follow":"follow","max-snippet":"max-snippet:-1","max-image-preview":"max-image-preview:large","max-video-preview":"max-video-preview:-1"},"canonical":"https:\/\/marimaca.com\/es\/por-que-cobre\/","og_locale":"es_ES","og_type":"article","og_title":"\u00bfPor qu\u00e9 Cobre? - Marimaca","og_description":"Se prev\u00e9 que la demanda de cobre sea fuerte en el mediano y largo plazo debido al crecimiento de la poblaci\u00f3n, la urbanizaci\u00f3n, la electrificaci\u00f3n y la potencial demanda relacionada con una creciente introducci\u00f3n de veh\u00edculos el\u00e9ctricos, infraestructura y tecnolog\u00edas relacionadas con energ\u00eda renovable. En el lado de la oferta, se prev\u00e9 un d\u00e9ficit en [&hellip;]","og_url":"https:\/\/marimaca.com\/es\/por-que-cobre\/","og_site_name":"Marimaca","article_modified_time":"2020-12-16T16:42:07+00:00","og_image":[{"width":1920,"height":400,"url":"https:\/\/marimaca.com\/wp-content\/uploads\/2020\/12\/WhyCopper_Interior.jpg","type":"image\/jpeg"}],"twitter_card":"summary_large_image","twitter_misc":{"Tiempo de lectura":"1 minuto"},"schema":{"@context":"https:\/\/schema.org","@graph":[{"@type":"WebPage","@id":"https:\/\/marimaca.com\/es\/por-que-cobre\/","url":"https:\/\/marimaca.com\/es\/por-que-cobre\/","name":"\u00bfPor qu\u00e9 Cobre? - Marimaca","isPartOf":{"@id":"https:\/\/marimaca.com\/es\/#website"},"primaryImageOfPage":{"@id":"https:\/\/marimaca.com\/es\/por-que-cobre\/#primaryimage"},"image":{"@id":"https:\/\/marimaca.com\/es\/por-que-cobre\/#primaryimage"},"thumbnailUrl":"https:\/\/marimaca.com\/wp-content\/uploads\/2020\/12\/WhyCopper_Interior.jpg","datePublished":"2020-12-02T18:09:19+00:00","dateModified":"2020-12-16T16:42:07+00:00","inLanguage":"es","potentialAction":[{"@type":"ReadAction","target":["https:\/\/marimaca.com\/es\/por-que-cobre\/"]}]},{"@type":"ImageObject","inLanguage":"es","@id":"https:\/\/marimaca.com\/es\/por-que-cobre\/#primaryimage","url":"https:\/\/marimaca.com\/wp-content\/uploads\/2020\/12\/WhyCopper_Interior.jpg","contentUrl":"https:\/\/marimaca.com\/wp-content\/uploads\/2020\/12\/WhyCopper_Interior.jpg","width":1920,"height":400},{"@type":"WebSite","@id":"https:\/\/marimaca.com\/es\/#website","url":"https:\/\/marimaca.com\/es\/","name":"Marimaca","description":"The Marimaca Copper","potentialAction":[{"@type":"SearchAction","target":{"@type":"EntryPoint","urlTemplate":"https:\/\/marimaca.com\/es\/?s={search_term_string}"},"query-input":{"@type":"PropertyValueSpecification","valueRequired":true,"valueName":"search_term_string"}}],"inLanguage":"es"}]}},"_links":{"self":[{"href":"https:\/\/marimaca.com\/es\/wp-json\/wp\/v2\/pages\/3723","targetHints":{"allow":["GET"]}}],"collection":[{"href":"https:\/\/marimaca.com\/es\/wp-json\/wp\/v2\/pages"}],"about":[{"href":"https:\/\/marimaca.com\/es\/wp-json\/wp\/v2\/types\/page"}],"author":[{"embeddable":true,"href":"https:\/\/marimaca.com\/es\/wp-json\/wp\/v2\/users\/6"}],"replies":[{"embeddable":true,"href":"https:\/\/marimaca.com\/es\/wp-json\/wp\/v2\/comments?post=3723"}],"version-history":[{"count":4,"href":"https:\/\/marimaca.com\/es\/wp-json\/wp\/v2\/pages\/3723\/revisions"}],"predecessor-version":[{"id":5249,"href":"https:\/\/marimaca.com\/es\/wp-json\/wp\/v2\/pages\/3723\/revisions\/5249"}],"wp:featuredmedia":[{"embeddable":true,"href":"https:\/\/marimaca.com\/es\/wp-json\/wp\/v2\/media\/3716"}],"wp:attachment":[{"href":"https:\/\/marimaca.com\/es\/wp-json\/wp\/v2\/media?parent=3723"}],"curies":[{"name":"wp","href":"https:\/\/api.w.org\/{rel}","templated":true}]}}