{"id":1825,"date":"2020-11-23T10:12:27","date_gmt":"2020-11-23T15:12:27","guid":{"rendered":"http:\/\/marimaca.com\/?page_id=1825"},"modified":"2023-11-30T14:55:14","modified_gmt":"2023-11-30T19:55:14","slug":"exploracion-y-desarrollo","status":"publish","type":"page","link":"https:\/\/marimaca.com\/es\/exploracion-y-desarrollo\/","title":{"rendered":"Exploraci\u00f3n y Desarrollo"},"content":{"rendered":"<p><span style=\"font-weight: 400;\">El Proyecto de Cobre Marimaca es uno de los grandes descubrimientos de cobre realizados a nivel mundial en los \u00faltimos 10 a\u00f1os, seg\u00fan S&amp;P Global Market Intelligence.<\/span><\/p>\n<p><span style=\"font-weight: 400;\">Como fase temprana del ciclo de vida de la miner\u00eda, la exploraci\u00f3n tiene el potencial de demostrar un valor significativo, lo que Marimaca Copper ha demostrado desde el descubrimiento original en 2016, mediante la publicaci\u00f3n de una Estimaci\u00f3n de Recursos Minerales (MRE) ampliada en diciembre de 2019, la publicaci\u00f3n de la Evaluaci\u00f3n Econ\u00f3mica Preliminar (\u201cPEA\u201d) en agosto de 2020, y la estimaci\u00f3n de recursos actualizada que demuestra un crecimiento significativo en octubre de 2022 y posteriormente en mayo de 2023.<\/span><\/p>\n<p><span style=\"font-weight: 400;\">La siguiente fase del desarrollo de la Compa\u00f1\u00eda es un Estudio de Factibilidad Definitivo (DFS) planificado para 2024, que est\u00e1 liderando Ausenco.<\/span><\/p>\n<p><span style=\"font-weight: 400;\">Marimaca ha demostrado un excelente historial de crecimiento de recursos minerales a trav\u00e9s de sus fases de exploraci\u00f3n. El Informe t\u00e9cnico de MRE 2023 est\u00e1 disponible en <\/span><a href=\"http:\/\/www.sedar.com\"><span style=\"font-weight: 400;\">www.sedar.com<\/span><\/a><span style=\"font-weight: 400;\">.<\/span><\/p>\n<p><span style=\"font-weight: 400;\">Estimaci\u00f3n de recursos minerales de Marimaca Copper Corp. 2023 (NCL Consulting, L. Oviedo, 18 de mayo de 2023)<\/span><\/p>\n<p><img loading=\"lazy\" decoding=\"async\" class=\"h-100 w-100 alignnone wp-image-7974 size-full\" src=\"https:\/\/marimaca.com\/wp-content\/uploads\/2023\/11\/Captura-de-pantalla-2023-11-30-a-las-16.49.56.png\" alt=\"\" width=\"617\" height=\"196\" srcset=\"https:\/\/marimaca.com\/wp-content\/uploads\/2023\/11\/Captura-de-pantalla-2023-11-30-a-las-16.49.56.png 617w, https:\/\/marimaca.com\/wp-content\/uploads\/2023\/11\/Captura-de-pantalla-2023-11-30-a-las-16.49.56-300x95.png 300w\" sizes=\"auto, (max-width: 617px) 100vw, 617px\" \/><\/p>\n<p><span style=\"font-weight: 400; font-size: 1rem;\"><sup>*<\/sup> <span style=\"font-weight: 400;\">Recursos limitados de pit shell con perspectivas razonables demostradas para una eventual extracci\u00f3n econ\u00f3mica (RPEEE) se generan utilizando una serie de optimizaciones de pit shell de Lerchs-Grossmann completadas por NCL<\/span><\/span><\/p>\n<p><span style=\"font-weight: 400; font-size: 1rem;\"><sup>*<\/sup> <span style=\"font-weight: 400;\">CuT significa cobre total y CuS significa cobre soluble en \u00e1cido. Los par\u00e1metros t\u00e9cnicos y econ\u00f3micos incluyen: precio del cobre, US$4,00\/lb; costo minero base de US$1,51\/t con un factor de ajuste del costo minero de US$0,04\/t-banco de 10 millones; El procesamiento de lixiviaci\u00f3n en pilas \u201cHL\u201d cost\u00f3 5,94 USD\/t (incluidos gastos generales y administrativos); El procesamiento Run-of-Mine \u201cROM\u201d de toda la mina cuesta USD 1,65\/t (incluidos gastos generales y administrativos); Costo de procesamiento y venta de SX-EW US$0,16\/lb Cu; recuperaci\u00f3n de lixiviaci\u00f3n en pilas 76% de CuT; Recuperaci\u00f3n ROM 40% de CuT; y \u00e1ngulo de pendiente del pozo de 42\u00b0-52\u00b0<\/span><\/span><\/p>\n<p><span style=\"font-weight: 400; font-size: 1rem;\"><sup>* <\/sup><\/span><span style=\"font-weight: 400;\">Los recursos minerales que no son reservas minerales no tienen viabilidad econ\u00f3mica demostrada. Debido a la incertidumbre que puede conllevar los recursos minerales inferidos, no se puede suponer que todo o parte de un recurso mineral inferido se actualizar\u00e1 a un recurso mineral indicado o medido como resultado de la exploraci\u00f3n continua.<\/span><\/p>\n<p><span style=\"font-weight: 400;\">El Proyecto Marimaca tiene varios atributos centrales que lo posicionan bien en el espacio de desarrollo del cobre:<\/span><\/p>\n<ul>\n<li style=\"font-weight: 400;\" aria-level=\"1\"><span style=\"font-weight: 400;\">Operaci\u00f3n minera simple a cielo abierto con un bajo \u00edndice de desmonte: DFS en marcha y planificado para finales de 2024<\/span><\/li>\n<li style=\"font-weight: 400;\" aria-level=\"1\"><span style=\"font-weight: 400;\">Ubicado muy cerca de infraestructura de primera clase: energ\u00eda, agua, mano de obra minera calificada, transporte, comunicaciones.<\/span><\/li>\n<li style=\"font-weight: 400;\" aria-level=\"1\"><span style=\"font-weight: 400;\">Opci\u00f3n de suministro de agua asegurada para el Proyecto en octubre de 2022 (ver comunicado de prensa del 7 de noviembre de 2022)<\/span><\/li>\n<li style=\"font-weight: 400;\" aria-level=\"1\"><span style=\"font-weight: 400;\">Se completaron 6 fases del trabajo de prueba metal\u00fargico integral (consulte el comunicado de prensa del 6 de noviembre de 2023)<\/span><\/li>\n<li style=\"font-weight: 400;\" aria-level=\"1\"><span style=\"font-weight: 400;\">Importante potencial de exploraci\u00f3n en grandes paquetes de terrenos predominantemente no probados<\/span><\/li>\n<li style=\"font-weight: 400;\" aria-level=\"1\"><span style=\"font-weight: 400;\">M\u00e1s de 120.000 m de perforaci\u00f3n completados en el Proyecto hasta la fecha<\/span><\/li>\n<\/ul>\n<p><img loading=\"lazy\" decoding=\"async\" class=\"alignnone size-full wp-image-7184\" src=\"https:\/\/marimaca.com\/wp-content\/uploads\/2022\/11\/Imagen_2-1536x921-1.jpg\" alt=\"\" width=\"1536\" height=\"921\" srcset=\"https:\/\/marimaca.com\/wp-content\/uploads\/2022\/11\/Imagen_2-1536x921-1.jpg 1536w, https:\/\/marimaca.com\/wp-content\/uploads\/2022\/11\/Imagen_2-1536x921-1-300x180.jpg 300w, https:\/\/marimaca.com\/wp-content\/uploads\/2022\/11\/Imagen_2-1536x921-1-1024x614.jpg 1024w, https:\/\/marimaca.com\/wp-content\/uploads\/2022\/11\/Imagen_2-1536x921-1-768x461.jpg 768w\" sizes=\"auto, (max-width: 1536px) 100vw, 1536px\" \/><\/p>\n<p><span style=\"font-weight: 400;\">La Compa\u00f1\u00eda contin\u00faa avanzando hacia la producci\u00f3n del Proyecto de Cobre Marimaca, con el Estudio de Factibilidad Definitivo en marcha, liderado por Ausenco, y planificado para finales de 2024. Estos flujos de trabajo t\u00e9cnicos ya est\u00e1n muy avanzados y, en algunos casos, ya est\u00e1n completos e incluyen:<\/span><\/p>\n<ul>\n<li style=\"font-weight: 400;\" aria-level=\"1\"><span style=\"font-weight: 400;\">Proporci\u00f3n significativa de dep\u00f3sito en Medido e Indicado<\/span><\/li>\n<li style=\"font-weight: 400;\" aria-level=\"1\"><span style=\"font-weight: 400;\">Trabajo metal\u00fargico completo: 6 fases de pruebas metal\u00fargicas.<\/span><\/li>\n<li style=\"font-weight: 400;\" aria-level=\"1\"><span style=\"font-weight: 400;\">Los estudios geot\u00e9cnicos y las perforaciones de expropiaci\u00f3n est\u00e1n pr\u00e1cticamente finalizados.<\/span><\/li>\n<li style=\"font-weight: 400;\" aria-level=\"1\"><span style=\"font-weight: 400;\">Los estudios ambientales de referencia est\u00e1n pr\u00e1cticamente terminados.<\/span><\/li>\n<\/ul>\n<p><span style=\"font-weight: 400;\">Junto con el desarrollo del Proyecto de Cobre Marimaca, la Compa\u00f1\u00eda tambi\u00e9n est\u00e1 siguiendo una estrategia de exploraci\u00f3n de doble v\u00eda, es decir, exploraci\u00f3n cerca de la mina (\u00f3xidos y sulfuros) y exploraci\u00f3n a escala de distrito regional.<\/span><\/p>\n<p><b>La estrategia de exploraci\u00f3n de doble v\u00eda: potencial para un descubrimiento que cambiar\u00e1 las reglas del juego<\/b><\/p>\n<p><span style=\"font-weight: 400;\">El vicepresidente de Exploraci\u00f3n de Marimaca, Sergio Rivera, realiz\u00f3 el descubrimiento original de Marimaca en 2016. Desde entonces, las actividades de exploraci\u00f3n en el Proyecto de Cobre Marimaca han crecido significativamente junto con nuestra confianza en lo que est\u00e1 demostrando ser uno de los descubrimientos de \u00f3xido de cobre m\u00e1s interesantes en Chile durante la \u00faltima d\u00e9cada.<\/span><\/p>\n<p><span style=\"font-weight: 400;\">Hoy, el punto central del Proyecto de Cobre Marimaca es el Dep\u00f3sito de \u00d3xido de Marimaca (MOD), que ha sido objeto de la mayor\u00eda de las perforaciones completadas hasta la fecha y la \u00fanica \u00e1rea con un MRE publicado (MRE 2023).<\/span><\/p>\n<p><span style=\"font-weight: 400;\">Marimaca Copper est\u00e1 explorando el potencial de sulfuro, que es una gran anomal\u00eda magn\u00e9tica adyacente al dep\u00f3sito de \u00f3xido del Proyecto Marimaca Copper. Coincide con la extensi\u00f3n interpretada de las estructuras mineralizantes en la superficie y el volumen de anomal\u00eda magn\u00e9tica favorable.<\/span><\/p>\n<p><span style=\"font-weight: 400;\">Adem\u00e1s del potencial de sulfuros, el dep\u00f3sito permanece abierto hacia el norte y el sur y en profundidad. Se han identificado m\u00faltiples objetivos de exploraci\u00f3n de \u00f3xido cerca de la superficie muy cerca del Proyecto de Cobre Marimaca, y tambi\u00e9n existe el potencial de agregar toneladas a corto plazo a la vida \u00fatil actual de la mina. Adem\u00e1s, la zona de Handing Wall Alteration (HWA) es regionalmente generalizada, con una extensi\u00f3n identificada de m\u00e1s de 10 km a lo largo del \u00e1rea del proyecto, que cuenta con una fuerte asociaci\u00f3n con la mineralizaci\u00f3n de cobre.<\/span><\/p>\n<p><img loading=\"lazy\" decoding=\"async\" class=\"h-100 alignnone wp-image-7192 size-full\" src=\"https:\/\/marimaca.com\/wp-content\/uploads\/2022\/11\/figure-1-1536x921-1.jpg\" alt=\"\" width=\"1536\" height=\"921\" srcset=\"https:\/\/marimaca.com\/wp-content\/uploads\/2022\/11\/figure-1-1536x921-1.jpg 1536w, https:\/\/marimaca.com\/wp-content\/uploads\/2022\/11\/figure-1-1536x921-1-300x180.jpg 300w, https:\/\/marimaca.com\/wp-content\/uploads\/2022\/11\/figure-1-1536x921-1-1024x614.jpg 1024w, https:\/\/marimaca.com\/wp-content\/uploads\/2022\/11\/figure-1-1536x921-1-768x461.jpg 768w\" sizes=\"auto, (max-width: 1536px) 100vw, 1536px\" \/><\/p>\n<p><b>Exploraci\u00f3n a escala de distrito<\/b><\/p>\n<p><span style=\"font-weight: 400;\">Un estudio magn\u00e9tico reciente ha revelado que existen m\u00faltiples objetivos a gran escala al estilo del Proyecto de Cobre Marimaca junto con un nuevo e interesante distrito IOCG.<\/span><\/p>\n<p><span style=\"font-weight: 400;\">Los conductos estructurales del Proyecto de Cobre Marimaca tienen una extensi\u00f3n regional. Se cree que las cuatro anomal\u00edas magn\u00e9ticas de gran escala identificadas son prospectivas para dep\u00f3sitos estilo Proyecto de Cobre Marimaca. Todos son de tama\u00f1o similar o m\u00e1s grandes que el objetivo de sulfuros del Proyecto de Cobre Marimaca. Todos los objetivos est\u00e1n adyacentes a estructuras regionales clave que se cree controlan la mineralizaci\u00f3n en el Proyecto de Cobre Marimaca y la estructura regional est\u00e1 identificada a lo largo de 25 km.<\/span><\/p>\n<p><span style=\"font-weight: 400;\">La Compa\u00f1\u00eda tambi\u00e9n tiene intereses en las concesiones cercanas de Sierra Medina, que tienen un potencial de exploraci\u00f3n m\u00e1s amplio.<\/span><\/p>\n","protected":false},"excerpt":{"rendered":"<p>El Proyecto de Cobre Marimaca es uno de los grandes descubrimientos de cobre realizados a nivel mundial en los \u00faltimos 10 a\u00f1os, seg\u00fan S&amp;P Global Market Intelligence. Como fase temprana del ciclo de vida de la miner\u00eda, la exploraci\u00f3n tiene el potencial de demostrar un valor significativo, lo que Marimaca Copper ha demostrado desde el [&hellip;]<\/p>\n","protected":false},"author":6,"featured_media":415,"parent":0,"menu_order":0,"comment_status":"closed","ping_status":"closed","template":"projects\/exploration-development.php","meta":{"_acf_changed":false,"inline_featured_image":false,"footnotes":""},"class_list":["post-1825","page","type-page","status-publish","has-post-thumbnail","hentry"],"acf":[],"yoast_head":"<!-- This site is optimized with the Yoast SEO plugin v27.4 - https:\/\/yoast.com\/product\/yoast-seo-wordpress\/ -->\n<title>Exploraci\u00f3n y Desarrollo - Marimaca<\/title>\n<meta name=\"description\" content=\"El proyecto tiene un potencial de exploraci\u00f3n sustancial, tanto cerca de la mina como a escala regional.\" \/>\n<meta name=\"robots\" content=\"index, follow, max-snippet:-1, max-image-preview:large, max-video-preview:-1\" \/>\n<link rel=\"canonical\" href=\"https:\/\/marimaca.com\/es\/exploracion-y-desarrollo\/\" \/>\n<meta property=\"og:locale\" content=\"es_ES\" \/>\n<meta property=\"og:type\" content=\"article\" \/>\n<meta property=\"og:title\" content=\"Marimaca - Exploraci\u00f3n y Desarrollo\" \/>\n<meta property=\"og:description\" content=\"El proyecto tiene un potencial de exploraci\u00f3n sustancial, tanto cerca de la mina como a escala regional.\" \/>\n<meta property=\"og:url\" content=\"https:\/\/marimaca.com\/es\/exploracion-y-desarrollo\/\" \/>\n<meta property=\"og:site_name\" content=\"Marimaca\" \/>\n<meta property=\"article:modified_time\" content=\"2023-11-30T19:55:14+00:00\" \/>\n<meta property=\"og:image\" content=\"https:\/\/marimaca.com\/wp-content\/uploads\/2020\/11\/Exploration-1.jpg\" \/>\n\t<meta property=\"og:image:width\" content=\"1920\" \/>\n\t<meta property=\"og:image:height\" content=\"1151\" \/>\n\t<meta property=\"og:image:type\" content=\"image\/jpeg\" \/>\n<meta name=\"twitter:card\" content=\"summary_large_image\" \/>\n<meta name=\"twitter:title\" content=\"Marimaca - Exploraci\u00f3n y Desarrollo\" \/>\n<meta name=\"twitter:description\" content=\"El proyecto tiene un potencial de exploraci\u00f3n sustancial, tanto cerca de la mina como a escala regional.\" \/>\n<meta name=\"twitter:image\" content=\"https:\/\/marimaca.com\/wp-content\/uploads\/2020\/11\/Exploration-1.jpg\" \/>\n<meta name=\"twitter:label1\" content=\"Tiempo de lectura\" \/>\n\t<meta name=\"twitter:data1\" content=\"6 minutos\" \/>\n<script type=\"application\/ld+json\" class=\"yoast-schema-graph\">{\"@context\":\"https:\\\/\\\/schema.org\",\"@graph\":[{\"@type\":\"WebPage\",\"@id\":\"https:\\\/\\\/marimaca.com\\\/es\\\/exploracion-y-desarrollo\\\/\",\"url\":\"https:\\\/\\\/marimaca.com\\\/es\\\/exploracion-y-desarrollo\\\/\",\"name\":\"Exploraci\u00f3n y Desarrollo - Marimaca\",\"isPartOf\":{\"@id\":\"https:\\\/\\\/marimaca.com\\\/es\\\/#website\"},\"primaryImageOfPage\":{\"@id\":\"https:\\\/\\\/marimaca.com\\\/es\\\/exploracion-y-desarrollo\\\/#primaryimage\"},\"image\":{\"@id\":\"https:\\\/\\\/marimaca.com\\\/es\\\/exploracion-y-desarrollo\\\/#primaryimage\"},\"thumbnailUrl\":\"https:\\\/\\\/marimaca.com\\\/wp-content\\\/uploads\\\/2020\\\/11\\\/Exploration.jpg\",\"datePublished\":\"2020-11-23T15:12:27+00:00\",\"dateModified\":\"2023-11-30T19:55:14+00:00\",\"description\":\"El proyecto tiene un potencial de exploraci\u00f3n sustancial, tanto cerca de la mina como a escala regional.\",\"inLanguage\":\"es\",\"potentialAction\":[{\"@type\":\"ReadAction\",\"target\":[\"https:\\\/\\\/marimaca.com\\\/es\\\/exploracion-y-desarrollo\\\/\"]}]},{\"@type\":\"ImageObject\",\"inLanguage\":\"es\",\"@id\":\"https:\\\/\\\/marimaca.com\\\/es\\\/exploracion-y-desarrollo\\\/#primaryimage\",\"url\":\"https:\\\/\\\/marimaca.com\\\/wp-content\\\/uploads\\\/2020\\\/11\\\/Exploration.jpg\",\"contentUrl\":\"https:\\\/\\\/marimaca.com\\\/wp-content\\\/uploads\\\/2020\\\/11\\\/Exploration.jpg\",\"width\":1920,\"height\":400},{\"@type\":\"WebSite\",\"@id\":\"https:\\\/\\\/marimaca.com\\\/es\\\/#website\",\"url\":\"https:\\\/\\\/marimaca.com\\\/es\\\/\",\"name\":\"Marimaca\",\"description\":\"The Marimaca Copper\",\"potentialAction\":[{\"@type\":\"SearchAction\",\"target\":{\"@type\":\"EntryPoint\",\"urlTemplate\":\"https:\\\/\\\/marimaca.com\\\/es\\\/?s={search_term_string}\"},\"query-input\":{\"@type\":\"PropertyValueSpecification\",\"valueRequired\":true,\"valueName\":\"search_term_string\"}}],\"inLanguage\":\"es\"}]}<\/script>\n<!-- \/ Yoast SEO plugin. -->","yoast_head_json":{"title":"Exploraci\u00f3n y Desarrollo - Marimaca","description":"El proyecto tiene un potencial de exploraci\u00f3n sustancial, tanto cerca de la mina como a escala regional.","robots":{"index":"index","follow":"follow","max-snippet":"max-snippet:-1","max-image-preview":"max-image-preview:large","max-video-preview":"max-video-preview:-1"},"canonical":"https:\/\/marimaca.com\/es\/exploracion-y-desarrollo\/","og_locale":"es_ES","og_type":"article","og_title":"Marimaca - Exploraci\u00f3n y Desarrollo","og_description":"El proyecto tiene un potencial de exploraci\u00f3n sustancial, tanto cerca de la mina como a escala regional.","og_url":"https:\/\/marimaca.com\/es\/exploracion-y-desarrollo\/","og_site_name":"Marimaca","article_modified_time":"2023-11-30T19:55:14+00:00","og_image":[{"width":1920,"height":1151,"url":"https:\/\/marimaca.com\/wp-content\/uploads\/2020\/11\/Exploration-1.jpg","type":"image\/jpeg"}],"twitter_card":"summary_large_image","twitter_title":"Marimaca - Exploraci\u00f3n y Desarrollo","twitter_description":"El proyecto tiene un potencial de exploraci\u00f3n sustancial, tanto cerca de la mina como a escala regional.","twitter_image":"https:\/\/marimaca.com\/wp-content\/uploads\/2020\/11\/Exploration-1.jpg","twitter_misc":{"Tiempo de lectura":"6 minutos"},"schema":{"@context":"https:\/\/schema.org","@graph":[{"@type":"WebPage","@id":"https:\/\/marimaca.com\/es\/exploracion-y-desarrollo\/","url":"https:\/\/marimaca.com\/es\/exploracion-y-desarrollo\/","name":"Exploraci\u00f3n y Desarrollo - Marimaca","isPartOf":{"@id":"https:\/\/marimaca.com\/es\/#website"},"primaryImageOfPage":{"@id":"https:\/\/marimaca.com\/es\/exploracion-y-desarrollo\/#primaryimage"},"image":{"@id":"https:\/\/marimaca.com\/es\/exploracion-y-desarrollo\/#primaryimage"},"thumbnailUrl":"https:\/\/marimaca.com\/wp-content\/uploads\/2020\/11\/Exploration.jpg","datePublished":"2020-11-23T15:12:27+00:00","dateModified":"2023-11-30T19:55:14+00:00","description":"El proyecto tiene un potencial de exploraci\u00f3n sustancial, tanto cerca de la mina como a escala regional.","inLanguage":"es","potentialAction":[{"@type":"ReadAction","target":["https:\/\/marimaca.com\/es\/exploracion-y-desarrollo\/"]}]},{"@type":"ImageObject","inLanguage":"es","@id":"https:\/\/marimaca.com\/es\/exploracion-y-desarrollo\/#primaryimage","url":"https:\/\/marimaca.com\/wp-content\/uploads\/2020\/11\/Exploration.jpg","contentUrl":"https:\/\/marimaca.com\/wp-content\/uploads\/2020\/11\/Exploration.jpg","width":1920,"height":400},{"@type":"WebSite","@id":"https:\/\/marimaca.com\/es\/#website","url":"https:\/\/marimaca.com\/es\/","name":"Marimaca","description":"The Marimaca Copper","potentialAction":[{"@type":"SearchAction","target":{"@type":"EntryPoint","urlTemplate":"https:\/\/marimaca.com\/es\/?s={search_term_string}"},"query-input":{"@type":"PropertyValueSpecification","valueRequired":true,"valueName":"search_term_string"}}],"inLanguage":"es"}]}},"_links":{"self":[{"href":"https:\/\/marimaca.com\/es\/wp-json\/wp\/v2\/pages\/1825","targetHints":{"allow":["GET"]}}],"collection":[{"href":"https:\/\/marimaca.com\/es\/wp-json\/wp\/v2\/pages"}],"about":[{"href":"https:\/\/marimaca.com\/es\/wp-json\/wp\/v2\/types\/page"}],"author":[{"embeddable":true,"href":"https:\/\/marimaca.com\/es\/wp-json\/wp\/v2\/users\/6"}],"replies":[{"embeddable":true,"href":"https:\/\/marimaca.com\/es\/wp-json\/wp\/v2\/comments?post=1825"}],"version-history":[{"count":7,"href":"https:\/\/marimaca.com\/es\/wp-json\/wp\/v2\/pages\/1825\/revisions"}],"predecessor-version":[{"id":7979,"href":"https:\/\/marimaca.com\/es\/wp-json\/wp\/v2\/pages\/1825\/revisions\/7979"}],"wp:featuredmedia":[{"embeddable":true,"href":"https:\/\/marimaca.com\/es\/wp-json\/wp\/v2\/media\/415"}],"wp:attachment":[{"href":"https:\/\/marimaca.com\/es\/wp-json\/wp\/v2\/media?parent=1825"}],"curies":[{"name":"wp","href":"https:\/\/api.w.org\/{rel}","templated":true}]}}