{"id":1823,"date":"2020-11-23T10:10:50","date_gmt":"2020-11-23T15:10:50","guid":{"rendered":"http:\/\/marimaca.com\/?page_id=1823"},"modified":"2024-12-30T08:17:47","modified_gmt":"2024-12-30T13:17:47","slug":"gobierno-corporativo","status":"publish","type":"page","link":"https:\/\/marimaca.com\/es\/gobierno-corporativo\/","title":{"rendered":"Gobierno Corporativo"},"content":{"rendered":"<p><span style=\"font-weight: 400;\">Un gobierno corporativo efectivo es esencial en el entorno empresarial actual. De conformidad con esto, el Directorio ha adoptado:<\/span><\/p>\n<ul>\n<li style=\"font-weight: 400;\" aria-level=\"1\"><span style=\"font-weight: 400;\">Un <a href=\"https:\/\/marimaca.com\/wp-content\/uploads\/2022\/05\/Updated-MARI-BOD-Mandate.pdf\" target=\"_blank\" rel=\"noopener\"><strong>mandato<\/strong><\/a> escrito que describe las responsabilidades espec\u00edficas para la administraci\u00f3n de la Compa\u00f1\u00eda, y;<\/span><\/li>\n<li><span style=\"font-weight: 400;\">Un mandato escrito para cada uno de sus Comit\u00e9s: <a href=\"https:\/\/marimaca.com\/wp-content\/uploads\/2024\/12\/Estatuto-y-Mandato-del-Comite-de-Auditoria-y-Gestion-de-Riesgos-Marimaca-Copper-Corp.pdf\" target=\"_blank\" rel=\"noopener\"><b>Auditor\u00eda<\/b><\/a>, <a href=\"https:\/\/marimaca.com\/wp-content\/uploads\/2022\/05\/Final-Charter-of-the-Compensation-Committee-24-April-2022.pdf\" target=\"_blank\" rel=\"noopener\"><b>Compensaci\u00f3n<\/b><\/a>, <a href=\"https:\/\/marimaca.com\/wp-content\/uploads\/2022\/05\/Final-ESG-Committee-Charter-April-24-2022.pdf\" target=\"_blank\" rel=\"noopener\"><b>Ambiental, Social y de Gobierno Corporativo<\/b><\/a>, y <a href=\"https:\/\/marimaca.com\/wp-content\/uploads\/2024\/12\/Estatuto-y-Mandato-del-Comite-de-Nominaciones-y-Gobierno-Marimaca-Copper-Corp.pdf\" target=\"_blank\" rel=\"noopener\"><b>Nominaciones y Gobierno Corporativo<\/b><\/a>.<\/span><\/li>\n<\/ul>\n<p>Los mandatos del Directorio y los Comit\u00e9s se encuentran disponibles en este sitio web. Adem\u00e1s, la compa\u00f1\u00eda tambi\u00e9n ha adoptado una serie de pol\u00edticas corporativas, que incluyen<\/p>\n<ul>\n<li><strong><a href=\"https:\/\/marimaca.com\/wp-content\/uploads\/2024\/12\/Codigo-de-Conducta-y-Etica-Empresarial-Marimaca-Copper-Corp.pdf\" target=\"_blank\" rel=\"noopener\">C\u00f3digo de Conducta<\/a><\/strong><\/li>\n<li><strong><a href=\"https:\/\/marimaca.com\/wp-content\/uploads\/2022\/11\/Whistleblower-Policy-Final-2022.docx.pdf\" target=\"_blank\" rel=\"noopener\">Pol\u00edtica de denuncias<\/a><\/strong><\/li>\n<li><strong><a href=\"https:\/\/marimaca.com\/wp-content\/uploads\/2022\/11\/Disclosure-Policy-Final-2022.docx.pdf\" target=\"_blank\" rel=\"noopener\">Pol\u00edtica de divulgaci\u00f3n<\/a><\/strong><\/li>\n<li><a href=\"https:\/\/marimaca.com\/wp-content\/uploads\/2022\/11\/Insider-Trading-and-Blackout-Policy-Final-2022.docx.pdf\" target=\"_blank\" rel=\"noopener\"><strong>Pol\u00edtica de abuso de informaci\u00f3n privilegiada y bloqueo<\/strong><\/a><\/li>\n<li><a href=\"https:\/\/marimaca.com\/wp-content\/uploads\/2024\/10\/Marimaca-Copper-Corp.-Constating-Documents.pdf\" target=\"_blank\" rel=\"noopener\"><strong>Constituci\u00f3n y Estatutos<\/strong><\/a><\/li>\n<li><strong><a href=\"https:\/\/marimaca.com\/wp-content\/uploads\/2024\/11\/MPD-MCAL-2024.pdf\" target=\"_blank\" rel=\"noopener\">Manual del Sistema de Prevencio\u0301n de Delitos Ley N \u030a 20.393<\/a><\/strong><\/li>\n<li><strong><a href=\"https:\/\/marimaca.com\/wp-content\/uploads\/2024\/12\/Politica-de-Relaciones-y-Comunicaciones-con-Inversores-Marimaca-Copper-Corp.pdf\" target=\"_blank\" rel=\"noopener\">Pol\u00edtica de relaciones y comunicaciones con inversores<\/a><\/strong><\/li>\n<li><a href=\"https:\/\/marimaca.com\/wp-content\/uploads\/2024\/12\/Politica-de-Diversidad-Equidad-e-Inclusion-Marimaca-Copper-Corp.pdf\" target=\"_blank\" rel=\"noopener\"><strong>Pol\u00edtica de diversidad, equidad e inclusi\u00f3n<\/strong><\/a><\/li>\n<li><a href=\"https:\/\/marimaca.com\/wp-content\/uploads\/2024\/12\/Politica-Antisoborno-y-Anticorrupcion-Marimaca-Copper-Corp.pdf\" target=\"_blank\" rel=\"noopener\"><strong>Pol\u00edtica antisoborno y anticorrupci\u00f3n<\/strong><\/a><\/li>\n<\/ul>\n<p><span style=\"font-weight: 400;\">Estas pol\u00edticas tambi\u00e9n se encuentran disponibles en este sitio web. Nuestros compromisos sustentables y protocolos pueden ser revisados en la p\u00e1gina de sostenibilidad de este sitio web.<\/span><\/p>\n<p><span style=\"font-weight: 400;\">Para obtener m\u00e1s informaci\u00f3n sobre nuestra evaluaci\u00f3n de nuestras pr\u00e1cticas de gobierno corporativo y compromisos relacionados, consulte la \u00faltima versi\u00f3n de nuestra circular de informaci\u00f3n de gesti\u00f3n disponible <\/span><a href=\"https:\/\/marimaca.com\/wp-content\/uploads\/2022\/05\/Management-Information-Circular-2022-Final.pdf\" target=\"_blank\" rel=\"noopener\"><b>aqu\u00ed<\/b><\/a><span style=\"font-weight: 400;\">.<\/span><\/p>\n","protected":false},"excerpt":{"rendered":"<p>Un gobierno corporativo efectivo es esencial en el entorno empresarial actual. De conformidad con esto, el Directorio ha adoptado: Un mandato escrito que describe las responsabilidades espec\u00edficas para la administraci\u00f3n de la Compa\u00f1\u00eda, y; Un mandato escrito para cada uno de sus Comit\u00e9s: Auditor\u00eda, Compensaci\u00f3n, Ambiental, Social y de Gobierno Corporativo, y Nominaciones y Gobierno [&hellip;]<\/p>\n","protected":false},"author":6,"featured_media":433,"parent":0,"menu_order":0,"comment_status":"closed","ping_status":"closed","template":"sustainability\/governance.php","meta":{"_acf_changed":false,"inline_featured_image":false,"footnotes":""},"class_list":["post-1823","page","type-page","status-publish","has-post-thumbnail","hentry"],"acf":[],"yoast_head":"<!-- This site is optimized with the Yoast SEO plugin v27.4 - https:\/\/yoast.com\/product\/yoast-seo-wordpress\/ -->\n<title>Gobierno Corporativo - Marimaca<\/title>\n<meta name=\"description\" content=\"Un buen gobierno corporativo es esencial en el entorno empresarial actual.\" \/>\n<meta name=\"robots\" content=\"index, follow, max-snippet:-1, max-image-preview:large, max-video-preview:-1\" \/>\n<link rel=\"canonical\" href=\"https:\/\/marimaca.com\/es\/gobierno-corporativo\/\" \/>\n<meta property=\"og:locale\" content=\"es_ES\" \/>\n<meta property=\"og:type\" content=\"article\" \/>\n<meta property=\"og:title\" content=\"Marimaca - Gobierno Corporativo\" \/>\n<meta property=\"og:description\" content=\"Un buen gobierno corporativo es esencial en el entorno empresarial actual.\" \/>\n<meta property=\"og:url\" content=\"https:\/\/marimaca.com\/es\/gobierno-corporativo\/\" \/>\n<meta property=\"og:site_name\" content=\"Marimaca\" \/>\n<meta property=\"article:modified_time\" content=\"2024-12-30T13:17:47+00:00\" \/>\n<meta property=\"og:image\" content=\"https:\/\/marimaca.com\/wp-content\/uploads\/2020\/11\/Gobernance-1.jpg\" \/>\n\t<meta property=\"og:image:width\" content=\"1920\" \/>\n\t<meta property=\"og:image:height\" content=\"1536\" \/>\n\t<meta property=\"og:image:type\" content=\"image\/jpeg\" \/>\n<meta name=\"twitter:card\" content=\"summary_large_image\" \/>\n<meta name=\"twitter:title\" content=\"Marimaca - Gobierno Corporativo\" \/>\n<meta name=\"twitter:description\" content=\"Un buen gobierno corporativo es esencial en el entorno empresarial actual.\" \/>\n<meta name=\"twitter:image\" content=\"https:\/\/marimaca.com\/wp-content\/uploads\/2020\/11\/Gobernance-1.jpg\" \/>\n<meta name=\"twitter:label1\" content=\"Tiempo de lectura\" \/>\n\t<meta name=\"twitter:data1\" content=\"2 minutos\" \/>\n<script type=\"application\/ld+json\" class=\"yoast-schema-graph\">{\"@context\":\"https:\\\/\\\/schema.org\",\"@graph\":[{\"@type\":\"WebPage\",\"@id\":\"https:\\\/\\\/marimaca.com\\\/es\\\/gobierno-corporativo\\\/\",\"url\":\"https:\\\/\\\/marimaca.com\\\/es\\\/gobierno-corporativo\\\/\",\"name\":\"Gobierno Corporativo - Marimaca\",\"isPartOf\":{\"@id\":\"https:\\\/\\\/marimaca.com\\\/es\\\/#website\"},\"primaryImageOfPage\":{\"@id\":\"https:\\\/\\\/marimaca.com\\\/es\\\/gobierno-corporativo\\\/#primaryimage\"},\"image\":{\"@id\":\"https:\\\/\\\/marimaca.com\\\/es\\\/gobierno-corporativo\\\/#primaryimage\"},\"thumbnailUrl\":\"https:\\\/\\\/marimaca.com\\\/wp-content\\\/uploads\\\/2020\\\/11\\\/Gobernance.jpg\",\"datePublished\":\"2020-11-23T15:10:50+00:00\",\"dateModified\":\"2024-12-30T13:17:47+00:00\",\"description\":\"Un buen gobierno corporativo es esencial en el entorno empresarial actual.\",\"inLanguage\":\"es\",\"potentialAction\":[{\"@type\":\"ReadAction\",\"target\":[\"https:\\\/\\\/marimaca.com\\\/es\\\/gobierno-corporativo\\\/\"]}]},{\"@type\":\"ImageObject\",\"inLanguage\":\"es\",\"@id\":\"https:\\\/\\\/marimaca.com\\\/es\\\/gobierno-corporativo\\\/#primaryimage\",\"url\":\"https:\\\/\\\/marimaca.com\\\/wp-content\\\/uploads\\\/2020\\\/11\\\/Gobernance.jpg\",\"contentUrl\":\"https:\\\/\\\/marimaca.com\\\/wp-content\\\/uploads\\\/2020\\\/11\\\/Gobernance.jpg\",\"width\":1920,\"height\":400},{\"@type\":\"WebSite\",\"@id\":\"https:\\\/\\\/marimaca.com\\\/es\\\/#website\",\"url\":\"https:\\\/\\\/marimaca.com\\\/es\\\/\",\"name\":\"Marimaca\",\"description\":\"The Marimaca Copper\",\"potentialAction\":[{\"@type\":\"SearchAction\",\"target\":{\"@type\":\"EntryPoint\",\"urlTemplate\":\"https:\\\/\\\/marimaca.com\\\/es\\\/?s={search_term_string}\"},\"query-input\":{\"@type\":\"PropertyValueSpecification\",\"valueRequired\":true,\"valueName\":\"search_term_string\"}}],\"inLanguage\":\"es\"}]}<\/script>\n<!-- \/ Yoast SEO plugin. -->","yoast_head_json":{"title":"Gobierno Corporativo - Marimaca","description":"Un buen gobierno corporativo es esencial en el entorno empresarial actual.","robots":{"index":"index","follow":"follow","max-snippet":"max-snippet:-1","max-image-preview":"max-image-preview:large","max-video-preview":"max-video-preview:-1"},"canonical":"https:\/\/marimaca.com\/es\/gobierno-corporativo\/","og_locale":"es_ES","og_type":"article","og_title":"Marimaca - Gobierno Corporativo","og_description":"Un buen gobierno corporativo es esencial en el entorno empresarial actual.","og_url":"https:\/\/marimaca.com\/es\/gobierno-corporativo\/","og_site_name":"Marimaca","article_modified_time":"2024-12-30T13:17:47+00:00","og_image":[{"width":1920,"height":1536,"url":"https:\/\/marimaca.com\/wp-content\/uploads\/2020\/11\/Gobernance-1.jpg","type":"image\/jpeg"}],"twitter_card":"summary_large_image","twitter_title":"Marimaca - Gobierno Corporativo","twitter_description":"Un buen gobierno corporativo es esencial en el entorno empresarial actual.","twitter_image":"https:\/\/marimaca.com\/wp-content\/uploads\/2020\/11\/Gobernance-1.jpg","twitter_misc":{"Tiempo de lectura":"2 minutos"},"schema":{"@context":"https:\/\/schema.org","@graph":[{"@type":"WebPage","@id":"https:\/\/marimaca.com\/es\/gobierno-corporativo\/","url":"https:\/\/marimaca.com\/es\/gobierno-corporativo\/","name":"Gobierno Corporativo - Marimaca","isPartOf":{"@id":"https:\/\/marimaca.com\/es\/#website"},"primaryImageOfPage":{"@id":"https:\/\/marimaca.com\/es\/gobierno-corporativo\/#primaryimage"},"image":{"@id":"https:\/\/marimaca.com\/es\/gobierno-corporativo\/#primaryimage"},"thumbnailUrl":"https:\/\/marimaca.com\/wp-content\/uploads\/2020\/11\/Gobernance.jpg","datePublished":"2020-11-23T15:10:50+00:00","dateModified":"2024-12-30T13:17:47+00:00","description":"Un buen gobierno corporativo es esencial en el entorno empresarial actual.","inLanguage":"es","potentialAction":[{"@type":"ReadAction","target":["https:\/\/marimaca.com\/es\/gobierno-corporativo\/"]}]},{"@type":"ImageObject","inLanguage":"es","@id":"https:\/\/marimaca.com\/es\/gobierno-corporativo\/#primaryimage","url":"https:\/\/marimaca.com\/wp-content\/uploads\/2020\/11\/Gobernance.jpg","contentUrl":"https:\/\/marimaca.com\/wp-content\/uploads\/2020\/11\/Gobernance.jpg","width":1920,"height":400},{"@type":"WebSite","@id":"https:\/\/marimaca.com\/es\/#website","url":"https:\/\/marimaca.com\/es\/","name":"Marimaca","description":"The Marimaca Copper","potentialAction":[{"@type":"SearchAction","target":{"@type":"EntryPoint","urlTemplate":"https:\/\/marimaca.com\/es\/?s={search_term_string}"},"query-input":{"@type":"PropertyValueSpecification","valueRequired":true,"valueName":"search_term_string"}}],"inLanguage":"es"}]}},"_links":{"self":[{"href":"https:\/\/marimaca.com\/es\/wp-json\/wp\/v2\/pages\/1823","targetHints":{"allow":["GET"]}}],"collection":[{"href":"https:\/\/marimaca.com\/es\/wp-json\/wp\/v2\/pages"}],"about":[{"href":"https:\/\/marimaca.com\/es\/wp-json\/wp\/v2\/types\/page"}],"author":[{"embeddable":true,"href":"https:\/\/marimaca.com\/es\/wp-json\/wp\/v2\/users\/6"}],"replies":[{"embeddable":true,"href":"https:\/\/marimaca.com\/es\/wp-json\/wp\/v2\/comments?post=1823"}],"version-history":[{"count":5,"href":"https:\/\/marimaca.com\/es\/wp-json\/wp\/v2\/pages\/1823\/revisions"}],"predecessor-version":[{"id":9088,"href":"https:\/\/marimaca.com\/es\/wp-json\/wp\/v2\/pages\/1823\/revisions\/9088"}],"wp:featuredmedia":[{"embeddable":true,"href":"https:\/\/marimaca.com\/es\/wp-json\/wp\/v2\/media\/433"}],"wp:attachment":[{"href":"https:\/\/marimaca.com\/es\/wp-json\/wp\/v2\/media?parent=1823"}],"curies":[{"name":"wp","href":"https:\/\/api.w.org\/{rel}","templated":true}]}}