{"id":1817,"date":"2020-11-23T10:01:37","date_gmt":"2020-11-23T15:01:37","guid":{"rendered":"http:\/\/marimaca.com\/?page_id=1817"},"modified":"2026-03-12T10:43:34","modified_gmt":"2026-03-12T14:43:34","slug":"objetivos-y-estrategia","status":"publish","type":"page","link":"https:\/\/marimaca.com\/es\/objetivos-y-estrategia\/","title":{"rendered":"Objetivos y Estrategia"},"content":{"rendered":"<p><strong>Objetivos y Estrategias de Marimaca<\/strong><\/p>\n<p>Marimaca Copper Corp es una empresa emergente de producci\u00f3n y exploraci\u00f3n de cobre, enfocada en el desarrollo de un nuevo distrito cupr\u00edfero en el norte de Chile. El activo insignia de la Compa\u00f1\u00eda, el Dep\u00f3sito de \u00d3xidos Marimaca (\u201cMOD\u201d), es uno de los proyectos de desarrollo de cobre m\u00e1s atractivos a nivel mundial, respaldado por un Estudio de Factibilidad Definitivo (\u201cDFS\u201d) completado en 2025, que demuestra una econom\u00eda s\u00f3lida, baja intensidad de capital, costos operativos competitivos y una ruta clara hacia la construcci\u00f3n y producci\u00f3n. En el adyacente paquete de terrenos m\u00e1s amplio de Sierra de Medina, Marimaca est\u00e1 expandiendo el potencialmente transformador descubrimiento de sulfuros en Pampa Medina, con el objetivo de desbloquear lo que podr\u00eda convertirse en un nuevo distrito cupr\u00edfero en Chile.<\/p>\n<p>El DFS confirma el potencial del MOD para sustentar una capacidad de producci\u00f3n inicial estimada de aproximadamente 50 mil toneladas por a\u00f1o de c\u00e1todos de cobre, con fuertes flujos de caja en un amplio rango de escenarios de precios del cobre. El MOD se encuentra en una etapa avanzada, con la Resoluci\u00f3n de Calificaci\u00f3n Ambiental (RCA) ya obtenida y con los procesos de financiamiento actualmente en desarrollo.<\/p>\n<p>En paralelo al avance del MOD hacia la producci\u00f3n, la Compa\u00f1\u00eda est\u00e1 ejecutando una estrategia de crecimiento a escala distrital en su extenso paquete de terrenos en Sierra de Medina. Los recientes \u00e9xitos de exploraci\u00f3n en el Dep\u00f3sito Pampa Medina han confirmado el descubrimiento de un nuevo sistema de cobre potencialmente significativo, con continuidad de altas leyes demostrada a lo largo de cientos de metros y un fuerte potencial de expansi\u00f3n tanto en \u00f3xidos como en sulfuros. Los programas de exploraci\u00f3n est\u00e1n en marcha para definir a\u00fan m\u00e1s la escala, los controles geol\u00f3gicos y el potencial de crecimiento del dep\u00f3sito, que es visto cada vez m\u00e1s como un pilar clave de la estrategia de expansi\u00f3n de largo plazo de Marimaca m\u00e1s all\u00e1 del desarrollo inicial del MOD.<\/p>\n<p><img loading=\"lazy\" decoding=\"async\" class=\"Definitive alignnone wp-image-10218 size-full\" src=\"https:\/\/marimaca.com\/wp-content\/uploads\/2026\/01\/objectives-strategy-img-2-1.jpg\" alt=\"\" width=\"1920\" height=\"882\" \/><\/p>\n<p>La Compa\u00f1\u00eda considera que el perfil de producci\u00f3n anticipado de 50 ktpa del MOD representa solo un punto de partida, con una clara ambici\u00f3n de aumentar la producci\u00f3n de c\u00e1todos de cobre a m\u00e1s de 70 ktpa dentro de los pr\u00f3ximos cinco a\u00f1os, a trav\u00e9s de un crecimiento disciplinado de recursos, \u00e9xitos en exploraci\u00f3n y desarrollos por etapas.<\/p>\n<p>Todos los miembros del Directorio creen firmemente en la importancia de un buen gobierno corporativo y en su responsabilidad frente a todos los grupos de inter\u00e9s de Marimaca Copper Corp, incluidos accionistas, asesores, reguladores, consultores, empleados y comunidades locales. Un desempe\u00f1o corporativo ejemplar mitiga riesgos y es un factor clave para lograr el \u00e9xito de largo plazo de la Compa\u00f1\u00eda y para liberar todo el potencial del Proyecto Marimaca Copper. Este desempe\u00f1o requiere un equipo altamente calificado en terreno, una estrecha relaci\u00f3n con las comunidades y una gesti\u00f3n ambiental responsable para capitalizar adecuadamente los terrenos bajo control de la Compa\u00f1\u00eda.<\/p>\n<p>Marimaca est\u00e1 comprometida con la creaci\u00f3n de valor de largo plazo para todos sus grupos de inter\u00e9s mediante la integraci\u00f3n de las mejores pr\u00e1cticas ESG en el desarrollo continuo de la Compa\u00f1\u00eda.<\/p>\n<p><img loading=\"lazy\" decoding=\"async\" class=\"w100 h-100 wp-image-5173 d-none d-md-block aligncenter\" src=\"https:\/\/marimaca.com\/wp-content\/uploads\/2026\/03\/m-5.jpg\" alt=\"\" width=\"783\" height=\"347\" \/><\/p>\n<p><img decoding=\"async\" class=\"alignnone size-full wp-image-7093 aligncenter h-100 d-md-none\" src=\"https:\/\/marimaca.com\/wp-content\/uploads\/2026\/03\/m-5.jpg\" alt=\"\" width=\"100%\" height=\"100%\" \/><\/p>\n<p>Marimaca ha demostrado su compromiso con una exploraci\u00f3n ambientalmente responsable, evidenciado recientemente por la obtenci\u00f3n de su Resoluci\u00f3n de Calificaci\u00f3n Ambiental, que permite nuevas campa\u00f1as de exploraci\u00f3n tanto en el Proyecto como en el distrito Marimaca en general.<\/p>\n<p>La Compa\u00f1\u00eda considera que el trabajo colaborativo con el gobierno y los actores locales maximizar\u00e1 el \u00e9xito del \u00e1rea y permitir\u00e1 involucrar a las comunidades locales en el importante trabajo que se avecina. La ubicaci\u00f3n estrat\u00e9gica de Marimaca, junto con su proximidad a Antofagasta, proporciona acceso inmediato a talento de clase mundial, as\u00ed como a infraestructura y servicios, asegurando un bajo riesgo de ejecuci\u00f3n.<\/p>\n<p>&nbsp;<\/p>\n","protected":false},"excerpt":{"rendered":"<p>Objetivos y Estrategias de Marimaca Marimaca Copper Corp es una empresa emergente de producci\u00f3n y exploraci\u00f3n de cobre, enfocada en el desarrollo de un nuevo distrito cupr\u00edfero en el norte de Chile. El activo insignia de la Compa\u00f1\u00eda, el Dep\u00f3sito de \u00d3xidos Marimaca (\u201cMOD\u201d), es uno de los proyectos de desarrollo de cobre m\u00e1s atractivos [&hellip;]<\/p>\n","protected":false},"author":6,"featured_media":398,"parent":0,"menu_order":0,"comment_status":"closed","ping_status":"closed","template":"about-us\/objetive-strategy.php","meta":{"_acf_changed":false,"inline_featured_image":false,"footnotes":""},"class_list":["post-1817","page","type-page","status-publish","has-post-thumbnail","hentry"],"acf":[],"yoast_head":"<!-- This site is optimized with the Yoast SEO plugin v27.4 - https:\/\/yoast.com\/product\/yoast-seo-wordpress\/ -->\n<title>Objetivos y Estrategia - Marimaca<\/title>\n<meta name=\"description\" content=\"Estamos comprometidos a crear valor para nuestros accionistas y las partes interesadas\" \/>\n<meta name=\"robots\" content=\"index, follow, max-snippet:-1, max-image-preview:large, max-video-preview:-1\" \/>\n<link rel=\"canonical\" href=\"https:\/\/marimaca.com\/es\/objetivos-y-estrategia\/\" \/>\n<meta property=\"og:locale\" content=\"es_ES\" \/>\n<meta property=\"og:type\" content=\"article\" \/>\n<meta property=\"og:title\" content=\"Marimaca - Objetivos y Estrategia\" \/>\n<meta property=\"og:description\" content=\"Estamos comprometidos a crear valor para nuestros accionistas y las partes interesadas\" \/>\n<meta property=\"og:url\" content=\"https:\/\/marimaca.com\/es\/objetivos-y-estrategia\/\" \/>\n<meta property=\"og:site_name\" content=\"Marimaca\" \/>\n<meta property=\"article:modified_time\" content=\"2026-03-12T14:43:34+00:00\" \/>\n<meta property=\"og:image\" content=\"https:\/\/marimaca.com\/wp-content\/uploads\/2020\/11\/ObjectivesStrategy-3.jpg\" \/>\n\t<meta property=\"og:image:width\" content=\"1920\" \/>\n\t<meta property=\"og:image:height\" content=\"1151\" \/>\n\t<meta property=\"og:image:type\" content=\"image\/jpeg\" \/>\n<meta name=\"twitter:card\" content=\"summary_large_image\" \/>\n<meta name=\"twitter:title\" content=\"Marimaca - Objetivos y Estrategia\" \/>\n<meta name=\"twitter:description\" content=\"Estamos comprometidos a crear valor para nuestros accionistas y las partes interesadas\" \/>\n<meta name=\"twitter:image\" content=\"https:\/\/marimaca.com\/wp-content\/uploads\/2020\/11\/ObjectivesStrategy-3.jpg\" \/>\n<meta name=\"twitter:label1\" content=\"Tiempo de lectura\" \/>\n\t<meta name=\"twitter:data1\" content=\"4 minutos\" \/>\n<script type=\"application\/ld+json\" class=\"yoast-schema-graph\">{\"@context\":\"https:\\\/\\\/schema.org\",\"@graph\":[{\"@type\":\"WebPage\",\"@id\":\"https:\\\/\\\/marimaca.com\\\/es\\\/objetivos-y-estrategia\\\/\",\"url\":\"https:\\\/\\\/marimaca.com\\\/es\\\/objetivos-y-estrategia\\\/\",\"name\":\"Objetivos y Estrategia - Marimaca\",\"isPartOf\":{\"@id\":\"https:\\\/\\\/marimaca.com\\\/es\\\/#website\"},\"primaryImageOfPage\":{\"@id\":\"https:\\\/\\\/marimaca.com\\\/es\\\/objetivos-y-estrategia\\\/#primaryimage\"},\"image\":{\"@id\":\"https:\\\/\\\/marimaca.com\\\/es\\\/objetivos-y-estrategia\\\/#primaryimage\"},\"thumbnailUrl\":\"https:\\\/\\\/marimaca.com\\\/wp-content\\\/uploads\\\/2020\\\/11\\\/Objectives.jpg\",\"datePublished\":\"2020-11-23T15:01:37+00:00\",\"dateModified\":\"2026-03-12T14:43:34+00:00\",\"description\":\"Estamos comprometidos a crear valor para nuestros accionistas y las partes interesadas\",\"inLanguage\":\"es\",\"potentialAction\":[{\"@type\":\"ReadAction\",\"target\":[\"https:\\\/\\\/marimaca.com\\\/es\\\/objetivos-y-estrategia\\\/\"]}]},{\"@type\":\"ImageObject\",\"inLanguage\":\"es\",\"@id\":\"https:\\\/\\\/marimaca.com\\\/es\\\/objetivos-y-estrategia\\\/#primaryimage\",\"url\":\"https:\\\/\\\/marimaca.com\\\/wp-content\\\/uploads\\\/2020\\\/11\\\/Objectives.jpg\",\"contentUrl\":\"https:\\\/\\\/marimaca.com\\\/wp-content\\\/uploads\\\/2020\\\/11\\\/Objectives.jpg\",\"width\":1920,\"height\":400},{\"@type\":\"WebSite\",\"@id\":\"https:\\\/\\\/marimaca.com\\\/es\\\/#website\",\"url\":\"https:\\\/\\\/marimaca.com\\\/es\\\/\",\"name\":\"Marimaca\",\"description\":\"The Marimaca Copper\",\"potentialAction\":[{\"@type\":\"SearchAction\",\"target\":{\"@type\":\"EntryPoint\",\"urlTemplate\":\"https:\\\/\\\/marimaca.com\\\/es\\\/?s={search_term_string}\"},\"query-input\":{\"@type\":\"PropertyValueSpecification\",\"valueRequired\":true,\"valueName\":\"search_term_string\"}}],\"inLanguage\":\"es\"}]}<\/script>\n<!-- \/ Yoast SEO plugin. -->","yoast_head_json":{"title":"Objetivos y Estrategia - Marimaca","description":"Estamos comprometidos a crear valor para nuestros accionistas y las partes interesadas","robots":{"index":"index","follow":"follow","max-snippet":"max-snippet:-1","max-image-preview":"max-image-preview:large","max-video-preview":"max-video-preview:-1"},"canonical":"https:\/\/marimaca.com\/es\/objetivos-y-estrategia\/","og_locale":"es_ES","og_type":"article","og_title":"Marimaca - Objetivos y Estrategia","og_description":"Estamos comprometidos a crear valor para nuestros accionistas y las partes interesadas","og_url":"https:\/\/marimaca.com\/es\/objetivos-y-estrategia\/","og_site_name":"Marimaca","article_modified_time":"2026-03-12T14:43:34+00:00","og_image":[{"width":1920,"height":1151,"url":"https:\/\/marimaca.com\/wp-content\/uploads\/2020\/11\/ObjectivesStrategy-3.jpg","type":"image\/jpeg"}],"twitter_card":"summary_large_image","twitter_title":"Marimaca - Objetivos y Estrategia","twitter_description":"Estamos comprometidos a crear valor para nuestros accionistas y las partes interesadas","twitter_image":"https:\/\/marimaca.com\/wp-content\/uploads\/2020\/11\/ObjectivesStrategy-3.jpg","twitter_misc":{"Tiempo de lectura":"4 minutos"},"schema":{"@context":"https:\/\/schema.org","@graph":[{"@type":"WebPage","@id":"https:\/\/marimaca.com\/es\/objetivos-y-estrategia\/","url":"https:\/\/marimaca.com\/es\/objetivos-y-estrategia\/","name":"Objetivos y Estrategia - Marimaca","isPartOf":{"@id":"https:\/\/marimaca.com\/es\/#website"},"primaryImageOfPage":{"@id":"https:\/\/marimaca.com\/es\/objetivos-y-estrategia\/#primaryimage"},"image":{"@id":"https:\/\/marimaca.com\/es\/objetivos-y-estrategia\/#primaryimage"},"thumbnailUrl":"https:\/\/marimaca.com\/wp-content\/uploads\/2020\/11\/Objectives.jpg","datePublished":"2020-11-23T15:01:37+00:00","dateModified":"2026-03-12T14:43:34+00:00","description":"Estamos comprometidos a crear valor para nuestros accionistas y las partes interesadas","inLanguage":"es","potentialAction":[{"@type":"ReadAction","target":["https:\/\/marimaca.com\/es\/objetivos-y-estrategia\/"]}]},{"@type":"ImageObject","inLanguage":"es","@id":"https:\/\/marimaca.com\/es\/objetivos-y-estrategia\/#primaryimage","url":"https:\/\/marimaca.com\/wp-content\/uploads\/2020\/11\/Objectives.jpg","contentUrl":"https:\/\/marimaca.com\/wp-content\/uploads\/2020\/11\/Objectives.jpg","width":1920,"height":400},{"@type":"WebSite","@id":"https:\/\/marimaca.com\/es\/#website","url":"https:\/\/marimaca.com\/es\/","name":"Marimaca","description":"The Marimaca Copper","potentialAction":[{"@type":"SearchAction","target":{"@type":"EntryPoint","urlTemplate":"https:\/\/marimaca.com\/es\/?s={search_term_string}"},"query-input":{"@type":"PropertyValueSpecification","valueRequired":true,"valueName":"search_term_string"}}],"inLanguage":"es"}]}},"_links":{"self":[{"href":"https:\/\/marimaca.com\/es\/wp-json\/wp\/v2\/pages\/1817","targetHints":{"allow":["GET"]}}],"collection":[{"href":"https:\/\/marimaca.com\/es\/wp-json\/wp\/v2\/pages"}],"about":[{"href":"https:\/\/marimaca.com\/es\/wp-json\/wp\/v2\/types\/page"}],"author":[{"embeddable":true,"href":"https:\/\/marimaca.com\/es\/wp-json\/wp\/v2\/users\/6"}],"replies":[{"embeddable":true,"href":"https:\/\/marimaca.com\/es\/wp-json\/wp\/v2\/comments?post=1817"}],"version-history":[{"count":7,"href":"https:\/\/marimaca.com\/es\/wp-json\/wp\/v2\/pages\/1817\/revisions"}],"predecessor-version":[{"id":10499,"href":"https:\/\/marimaca.com\/es\/wp-json\/wp\/v2\/pages\/1817\/revisions\/10499"}],"wp:featuredmedia":[{"embeddable":true,"href":"https:\/\/marimaca.com\/es\/wp-json\/wp\/v2\/media\/398"}],"wp:attachment":[{"href":"https:\/\/marimaca.com\/es\/wp-json\/wp\/v2\/media?parent=1817"}],"curies":[{"name":"wp","href":"https:\/\/api.w.org\/{rel}","templated":true}]}}