{"id":1811,"date":"2020-11-23T09:57:47","date_gmt":"2020-11-23T14:57:47","guid":{"rendered":"http:\/\/marimaca.com\/?page_id=1811"},"modified":"2026-03-12T10:15:54","modified_gmt":"2026-03-12T14:15:54","slug":"acerca-de-marimaca-copper","status":"publish","type":"page","link":"https:\/\/marimaca.com\/es\/acerca-de-marimaca-copper\/","title":{"rendered":"Acerca de Marimaca Copper"},"content":{"rendered":"<div class=\"pm box-1 bt-line\">\n<div class=\"pm box-1 cont\">\n<h2 class=\"pm--titulo\">Nuestros Valores<\/h2>\n<div class=\"box-cont-2\">\n<div class=\"box-2\">\n<p class=\"b2-titulo\">Honestidad<\/p>\n<p class=\"b2-bajada\">La honestidad sustenta todas nuestras interacciones con los stakeholders<\/p>\n<\/div>\n<div class=\"box-2\">\n<p class=\"b2-titulo\">Integridad<\/p>\n<p class=\"b2-bajada\">Actuar con integridad en todo momento permite que los stakeholders conf\u00eden en nosotros<\/p>\n<\/div>\n<div class=\"box-2\">\n<p class=\"b2-titulo\">Compromiso<\/p>\n<p class=\"b2-bajada\">Compromiso con el desarrollo sostenible en beneficio de todos nuestros stakeholders<\/p>\n<\/div>\n<div class=\"box-2\">\n<p class=\"b2-titulo\">Mejora Continua<\/p>\n<p class=\"b2-bajada\">Actuar con integridad en todo momento permite que los stakeholders conf\u00eden en nosotros<\/p>\n<\/div>\n<\/div>\n<\/div>\n<\/div>\n<p><strong>Marimaca es una emocionante empresa de cobre que cotiza en las bolsas TSX y ASX, enfocada en el desarrollo de activos de cobre de alta calidad en el norte de Chile. El principal activo de la compa\u00f1\u00eda es el Proyecto Marimaca Oxide Deposit (\u201cMOD\u201d), ubicado en la prol\u00edfica regi\u00f3n de Antofagasta. Se trata de uno de los pocos descubrimientos de cobre greenfield de importancia global realizados en la \u00faltima d\u00e9cada y representa una oportunidad de desarrollo de bajo riesgo, dada su proximidad a la ciudad de Antofagasta y al Puerto de Mejillones, adem\u00e1s de contar con un importante potencial de exploraci\u00f3n.<br \/>\n<\/strong><\/p>\n<p>Un hito clave de reducci\u00f3n de riesgo ya se ha alcanzado, ya que el Proyecto de Cobre Marimaca ha recibido su aprobaci\u00f3n ambiental completa (RCA), lo que proporciona una v\u00eda clara hacia la construcci\u00f3n y el desarrollo. Esto posiciona a Marimaca como uno de los proyectos de desarrollo de cobre m\u00e1s avanzados en Chile, con acceso a infraestructura de clase mundial dentro de un radio de 30 km.<\/p>\n<p><img loading=\"lazy\" decoding=\"async\" class=\"alignnone wp-image-668 w100\" src=\"http:\/\/marimaca.com\/wp-content\/uploads\/2020\/11\/Imagen_1-1-300x180.jpg\" alt=\"\" width=\"798\" height=\"479\" srcset=\"https:\/\/marimaca.com\/wp-content\/uploads\/2020\/11\/Imagen_1-1-300x180.jpg 300w, https:\/\/marimaca.com\/wp-content\/uploads\/2020\/11\/Imagen_1-1-1024x614.jpg 1024w, https:\/\/marimaca.com\/wp-content\/uploads\/2020\/11\/Imagen_1-1-768x460.jpg 768w, https:\/\/marimaca.com\/wp-content\/uploads\/2020\/11\/Imagen_1-1-1536x921.jpg 1536w, https:\/\/marimaca.com\/wp-content\/uploads\/2020\/11\/Imagen_1-1.jpg 1920w\" sizes=\"auto, (max-width: 798px) 100vw, 798px\" \/><\/p>\n<p>La visi\u00f3n de Marimaca es crear un valor significativo para accionistas y partes interesadas mediante una estrategia dual: primero, desarrollando todo el potencial de su proyecto insignia, el Proyecto de Cobre Marimaca, que tiene el potencial de convertirse en uno de los descubrimientos de cobre \u00f3xido m\u00e1s importantes de los \u00faltimos a\u00f1os; y segundo, impulsando la exploraci\u00f3n a escala distrital en todo su paquete de concesiones. Esto incluye el avance del Proyecto Pampa Medina, un dep\u00f3sito de \u00f3xidos de cobre cercano a la superficie ubicado a menos de 30 km del MOD. Los recientes \u00e9xitos de perforaci\u00f3n en Pampa Medina han identificado un objetivo de sulfuros de cobre altamente prospectivo, con potencial para evolucionar hacia un gran dep\u00f3sito de cobre alojado en sedimentos.<\/p>\n<p>El MOD es reconocido como uno de los descubrimientos de cobre m\u00e1s importantes en Chile durante la \u00faltima d\u00e9cada. Representa un nuevo estilo de mineralizaci\u00f3n que desaf\u00eda los modelos tradicionales de exploraci\u00f3n, con cobre alojado en rocas intrusivas en lugar de los mantos alojados en rocas volc\u00e1nicas t\u00edpicos de la regi\u00f3n. Este contexto geol\u00f3gico abre nuevas fronteras de exploraci\u00f3n tanto dentro del distrito de Marimaca como en otras zonas de Chile.<\/p>\n<p>En un pa\u00eds que enfrenta una escasez de nuevos descubrimientos de cobre, Marimaca destaca como un proyecto de desarrollo de alto perfil gracias a su ubicaci\u00f3n excepcional en el cintur\u00f3n costero, a baja altitud y cerca de Antofagasta y del Puerto de Mejillones. Esta ubicaci\u00f3n privilegiada, combinada con acceso a infraestructura y servicios de primera clase, respalda el potencial de desarrollar un proyecto de cobre de alto margen, con intensidad de capital relativamente baja y menor riesgo de ejecuci\u00f3n.<\/p>\n<p>Las acciones de la compa\u00f1\u00eda cotizan en la Bolsa de Toronto bajo el s\u00edmbolo MARI y en la Bolsa de Valores de Australia bajo el s\u00edmbolo MC2.<\/p>\n<p><img loading=\"lazy\" decoding=\"async\" class=\"alignnone wp-image-3731 w100\" src=\"http:\/\/marimaca.com\/wp-content\/uploads\/2020\/12\/Imagen_AboutMarimacaCopper-300x116.jpg\" alt=\"\" width=\"799\" height=\"309\" srcset=\"https:\/\/marimaca.com\/wp-content\/uploads\/2020\/12\/Imagen_AboutMarimacaCopper-300x116.jpg 300w, https:\/\/marimaca.com\/wp-content\/uploads\/2020\/12\/Imagen_AboutMarimacaCopper-1024x397.jpg 1024w, https:\/\/marimaca.com\/wp-content\/uploads\/2020\/12\/Imagen_AboutMarimacaCopper-768x298.jpg 768w, https:\/\/marimaca.com\/wp-content\/uploads\/2020\/12\/Imagen_AboutMarimacaCopper.jpg 1063w\" sizes=\"auto, (max-width: 799px) 100vw, 799px\" \/><\/p>\n","protected":false},"excerpt":{"rendered":"<p>Nuestros Valores Honestidad La honestidad sustenta todas nuestras interacciones con los stakeholders Integridad Actuar con integridad en todo momento permite que los stakeholders conf\u00eden en nosotros Compromiso Compromiso con el desarrollo sostenible en beneficio de todos nuestros stakeholders Mejora Continua Actuar con integridad en todo momento permite que los stakeholders conf\u00eden en nosotros Marimaca es [&hellip;]<\/p>\n","protected":false},"author":6,"featured_media":402,"parent":0,"menu_order":0,"comment_status":"closed","ping_status":"closed","template":"about-us\/about-marimaca-copper.php","meta":{"_acf_changed":false,"inline_featured_image":false,"footnotes":""},"class_list":["post-1811","page","type-page","status-publish","has-post-thumbnail","hentry"],"acf":[],"yoast_head":"<!-- This site is optimized with the Yoast SEO plugin v27.4 - https:\/\/yoast.com\/product\/yoast-seo-wordpress\/ -->\n<title>Acerca de Marimaca Copper - Marimaca<\/title>\n<meta name=\"description\" content=\"Marimaca es una compa\u00f1\u00eda listada en TSX. El activo estrella de la compa\u00f1\u00eda es el Proyecto Marimaca Copper.\" \/>\n<meta name=\"robots\" content=\"index, follow, max-snippet:-1, max-image-preview:large, max-video-preview:-1\" \/>\n<link rel=\"canonical\" href=\"https:\/\/marimaca.com\/es\/acerca-de-marimaca-copper\/\" \/>\n<meta property=\"og:locale\" content=\"es_ES\" \/>\n<meta property=\"og:type\" content=\"article\" \/>\n<meta property=\"og:title\" content=\"Marimaca - Acerca de Marimaca Copper\" \/>\n<meta property=\"og:description\" content=\"Marimaca es una compa\u00f1\u00eda listada en TSX. El activo estrella de la compa\u00f1\u00eda es el Proyecto Marimaca Copper.\" \/>\n<meta property=\"og:url\" content=\"https:\/\/marimaca.com\/es\/acerca-de-marimaca-copper\/\" \/>\n<meta property=\"og:site_name\" content=\"Marimaca\" \/>\n<meta property=\"article:modified_time\" content=\"2026-03-12T14:15:54+00:00\" \/>\n<meta property=\"og:image\" content=\"https:\/\/marimaca.com\/wp-content\/uploads\/2020\/11\/AboutMarimacaCopper-1.jpg\" \/>\n\t<meta property=\"og:image:width\" content=\"1920\" \/>\n\t<meta property=\"og:image:height\" content=\"1151\" \/>\n\t<meta property=\"og:image:type\" content=\"image\/jpeg\" \/>\n<meta name=\"twitter:card\" content=\"summary_large_image\" \/>\n<meta name=\"twitter:title\" content=\"Marimaca - Acerca de Marimaca Copper\" \/>\n<meta name=\"twitter:description\" content=\"Marimaca es una compa\u00f1\u00eda listada en TSX. El activo estrella de la compa\u00f1\u00eda es el Proyecto Marimaca Copper.\" \/>\n<meta name=\"twitter:image\" content=\"https:\/\/marimaca.com\/wp-content\/uploads\/2020\/11\/AboutMarimacaCopper-1.jpg\" \/>\n<meta name=\"twitter:label1\" content=\"Tiempo de lectura\" \/>\n\t<meta name=\"twitter:data1\" content=\"3 minutos\" \/>\n<script type=\"application\/ld+json\" class=\"yoast-schema-graph\">{\"@context\":\"https:\\\/\\\/schema.org\",\"@graph\":[{\"@type\":\"WebPage\",\"@id\":\"https:\\\/\\\/marimaca.com\\\/es\\\/acerca-de-marimaca-copper\\\/\",\"url\":\"https:\\\/\\\/marimaca.com\\\/es\\\/acerca-de-marimaca-copper\\\/\",\"name\":\"Acerca de Marimaca Copper - Marimaca\",\"isPartOf\":{\"@id\":\"https:\\\/\\\/marimaca.com\\\/es\\\/#website\"},\"primaryImageOfPage\":{\"@id\":\"https:\\\/\\\/marimaca.com\\\/es\\\/acerca-de-marimaca-copper\\\/#primaryimage\"},\"image\":{\"@id\":\"https:\\\/\\\/marimaca.com\\\/es\\\/acerca-de-marimaca-copper\\\/#primaryimage\"},\"thumbnailUrl\":\"https:\\\/\\\/marimaca.com\\\/wp-content\\\/uploads\\\/2020\\\/11\\\/AboutMarimaca.jpg\",\"datePublished\":\"2020-11-23T14:57:47+00:00\",\"dateModified\":\"2026-03-12T14:15:54+00:00\",\"description\":\"Marimaca es una compa\u00f1\u00eda listada en TSX. El activo estrella de la compa\u00f1\u00eda es el Proyecto Marimaca Copper.\",\"inLanguage\":\"es\",\"potentialAction\":[{\"@type\":\"ReadAction\",\"target\":[\"https:\\\/\\\/marimaca.com\\\/es\\\/acerca-de-marimaca-copper\\\/\"]}]},{\"@type\":\"ImageObject\",\"inLanguage\":\"es\",\"@id\":\"https:\\\/\\\/marimaca.com\\\/es\\\/acerca-de-marimaca-copper\\\/#primaryimage\",\"url\":\"https:\\\/\\\/marimaca.com\\\/wp-content\\\/uploads\\\/2020\\\/11\\\/AboutMarimaca.jpg\",\"contentUrl\":\"https:\\\/\\\/marimaca.com\\\/wp-content\\\/uploads\\\/2020\\\/11\\\/AboutMarimaca.jpg\",\"width\":1920,\"height\":400},{\"@type\":\"WebSite\",\"@id\":\"https:\\\/\\\/marimaca.com\\\/es\\\/#website\",\"url\":\"https:\\\/\\\/marimaca.com\\\/es\\\/\",\"name\":\"Marimaca\",\"description\":\"The Marimaca Copper\",\"potentialAction\":[{\"@type\":\"SearchAction\",\"target\":{\"@type\":\"EntryPoint\",\"urlTemplate\":\"https:\\\/\\\/marimaca.com\\\/es\\\/?s={search_term_string}\"},\"query-input\":{\"@type\":\"PropertyValueSpecification\",\"valueRequired\":true,\"valueName\":\"search_term_string\"}}],\"inLanguage\":\"es\"}]}<\/script>\n<!-- \/ Yoast SEO plugin. -->","yoast_head_json":{"title":"Acerca de Marimaca Copper - Marimaca","description":"Marimaca es una compa\u00f1\u00eda listada en TSX. El activo estrella de la compa\u00f1\u00eda es el Proyecto Marimaca Copper.","robots":{"index":"index","follow":"follow","max-snippet":"max-snippet:-1","max-image-preview":"max-image-preview:large","max-video-preview":"max-video-preview:-1"},"canonical":"https:\/\/marimaca.com\/es\/acerca-de-marimaca-copper\/","og_locale":"es_ES","og_type":"article","og_title":"Marimaca - Acerca de Marimaca Copper","og_description":"Marimaca es una compa\u00f1\u00eda listada en TSX. El activo estrella de la compa\u00f1\u00eda es el Proyecto Marimaca Copper.","og_url":"https:\/\/marimaca.com\/es\/acerca-de-marimaca-copper\/","og_site_name":"Marimaca","article_modified_time":"2026-03-12T14:15:54+00:00","og_image":[{"width":1920,"height":1151,"url":"https:\/\/marimaca.com\/wp-content\/uploads\/2020\/11\/AboutMarimacaCopper-1.jpg","type":"image\/jpeg"}],"twitter_card":"summary_large_image","twitter_title":"Marimaca - Acerca de Marimaca Copper","twitter_description":"Marimaca es una compa\u00f1\u00eda listada en TSX. El activo estrella de la compa\u00f1\u00eda es el Proyecto Marimaca Copper.","twitter_image":"https:\/\/marimaca.com\/wp-content\/uploads\/2020\/11\/AboutMarimacaCopper-1.jpg","twitter_misc":{"Tiempo de lectura":"3 minutos"},"schema":{"@context":"https:\/\/schema.org","@graph":[{"@type":"WebPage","@id":"https:\/\/marimaca.com\/es\/acerca-de-marimaca-copper\/","url":"https:\/\/marimaca.com\/es\/acerca-de-marimaca-copper\/","name":"Acerca de Marimaca Copper - Marimaca","isPartOf":{"@id":"https:\/\/marimaca.com\/es\/#website"},"primaryImageOfPage":{"@id":"https:\/\/marimaca.com\/es\/acerca-de-marimaca-copper\/#primaryimage"},"image":{"@id":"https:\/\/marimaca.com\/es\/acerca-de-marimaca-copper\/#primaryimage"},"thumbnailUrl":"https:\/\/marimaca.com\/wp-content\/uploads\/2020\/11\/AboutMarimaca.jpg","datePublished":"2020-11-23T14:57:47+00:00","dateModified":"2026-03-12T14:15:54+00:00","description":"Marimaca es una compa\u00f1\u00eda listada en TSX. El activo estrella de la compa\u00f1\u00eda es el Proyecto Marimaca Copper.","inLanguage":"es","potentialAction":[{"@type":"ReadAction","target":["https:\/\/marimaca.com\/es\/acerca-de-marimaca-copper\/"]}]},{"@type":"ImageObject","inLanguage":"es","@id":"https:\/\/marimaca.com\/es\/acerca-de-marimaca-copper\/#primaryimage","url":"https:\/\/marimaca.com\/wp-content\/uploads\/2020\/11\/AboutMarimaca.jpg","contentUrl":"https:\/\/marimaca.com\/wp-content\/uploads\/2020\/11\/AboutMarimaca.jpg","width":1920,"height":400},{"@type":"WebSite","@id":"https:\/\/marimaca.com\/es\/#website","url":"https:\/\/marimaca.com\/es\/","name":"Marimaca","description":"The Marimaca Copper","potentialAction":[{"@type":"SearchAction","target":{"@type":"EntryPoint","urlTemplate":"https:\/\/marimaca.com\/es\/?s={search_term_string}"},"query-input":{"@type":"PropertyValueSpecification","valueRequired":true,"valueName":"search_term_string"}}],"inLanguage":"es"}]}},"_links":{"self":[{"href":"https:\/\/marimaca.com\/es\/wp-json\/wp\/v2\/pages\/1811","targetHints":{"allow":["GET"]}}],"collection":[{"href":"https:\/\/marimaca.com\/es\/wp-json\/wp\/v2\/pages"}],"about":[{"href":"https:\/\/marimaca.com\/es\/wp-json\/wp\/v2\/types\/page"}],"author":[{"embeddable":true,"href":"https:\/\/marimaca.com\/es\/wp-json\/wp\/v2\/users\/6"}],"replies":[{"embeddable":true,"href":"https:\/\/marimaca.com\/es\/wp-json\/wp\/v2\/comments?post=1811"}],"version-history":[{"count":7,"href":"https:\/\/marimaca.com\/es\/wp-json\/wp\/v2\/pages\/1811\/revisions"}],"predecessor-version":[{"id":10495,"href":"https:\/\/marimaca.com\/es\/wp-json\/wp\/v2\/pages\/1811\/revisions\/10495"}],"wp:featuredmedia":[{"embeddable":true,"href":"https:\/\/marimaca.com\/es\/wp-json\/wp\/v2\/media\/402"}],"wp:attachment":[{"href":"https:\/\/marimaca.com\/es\/wp-json\/wp\/v2\/media?parent=1811"}],"curies":[{"name":"wp","href":"https:\/\/api.w.org\/{rel}","templated":true}]}}