{"id":1805,"date":"2020-11-23T09:54:44","date_gmt":"2020-11-23T14:54:44","guid":{"rendered":"http:\/\/marimaca.com\/?page_id=1805"},"modified":"2020-12-16T11:51:52","modified_gmt":"2020-12-16T16:51:52","slug":"servicios-a-los-accionistas","status":"publish","type":"page","link":"https:\/\/marimaca.com\/es\/servicios-a-los-accionistas\/","title":{"rendered":"Servicios a los accionistas"},"content":{"rendered":"<p>Para obtener informaci\u00f3n sobre su participaci\u00f3n en Marimaca Copper, p\u00f3ngase en contacto con el Agente de Transferencia, Computershare:<\/p>\n<p>&nbsp;<\/p>\n","protected":false},"excerpt":{"rendered":"<p>Para obtener informaci\u00f3n sobre su participaci\u00f3n en Marimaca Copper, p\u00f3ngase en contacto con el Agente de Transferencia, Computershare: &nbsp;<\/p>\n","protected":false},"author":6,"featured_media":460,"parent":0,"menu_order":0,"comment_status":"closed","ping_status":"closed","template":"investors\/shareholders-services.php","meta":{"_acf_changed":false,"inline_featured_image":false,"footnotes":""},"class_list":["post-1805","page","type-page","status-publish","has-post-thumbnail","hentry"],"acf":[],"yoast_head":"<!-- This site is optimized with the Yoast SEO plugin v27.4 - https:\/\/yoast.com\/product\/yoast-seo-wordpress\/ -->\n<title>Servicios a los accionistas - Marimaca<\/title>\n<meta name=\"description\" content=\"Encuentre la informaci\u00f3n de contacto de nuestros servicios para accionistas\" \/>\n<meta name=\"robots\" content=\"index, follow, max-snippet:-1, max-image-preview:large, max-video-preview:-1\" \/>\n<link rel=\"canonical\" href=\"https:\/\/marimaca.com\/es\/servicios-a-los-accionistas\/\" \/>\n<meta property=\"og:locale\" content=\"es_ES\" \/>\n<meta property=\"og:type\" content=\"article\" \/>\n<meta property=\"og:title\" content=\"Marimaca - Servicios a los accionistas\" \/>\n<meta property=\"og:description\" content=\"Encuentre la informaci\u00f3n de contacto de nuestros servicios para accionistas\" \/>\n<meta property=\"og:url\" content=\"https:\/\/marimaca.com\/es\/servicios-a-los-accionistas\/\" \/>\n<meta property=\"og:site_name\" content=\"Marimaca\" \/>\n<meta property=\"article:modified_time\" content=\"2020-12-16T16:51:52+00:00\" \/>\n<meta property=\"og:image\" content=\"https:\/\/marimaca.com\/wp-content\/uploads\/2020\/11\/ShareholdersServices.jpg\" \/>\n\t<meta property=\"og:image:width\" content=\"1920\" \/>\n\t<meta property=\"og:image:height\" content=\"1536\" \/>\n\t<meta property=\"og:image:type\" content=\"image\/jpeg\" \/>\n<meta name=\"twitter:card\" content=\"summary_large_image\" \/>\n<meta name=\"twitter:title\" content=\"Marimaca - Servicios a los accionistas\" \/>\n<meta name=\"twitter:description\" content=\"Encuentre la informaci\u00f3n de contacto de nuestros servicios para accionistas\" \/>\n<meta name=\"twitter:image\" content=\"https:\/\/marimaca.com\/wp-content\/uploads\/2020\/11\/ShareholdersServices.jpg\" \/>\n<script type=\"application\/ld+json\" class=\"yoast-schema-graph\">{\"@context\":\"https:\\\/\\\/schema.org\",\"@graph\":[{\"@type\":\"WebPage\",\"@id\":\"https:\\\/\\\/marimaca.com\\\/es\\\/servicios-a-los-accionistas\\\/\",\"url\":\"https:\\\/\\\/marimaca.com\\\/es\\\/servicios-a-los-accionistas\\\/\",\"name\":\"Servicios a los accionistas - Marimaca\",\"isPartOf\":{\"@id\":\"https:\\\/\\\/marimaca.com\\\/es\\\/#website\"},\"primaryImageOfPage\":{\"@id\":\"https:\\\/\\\/marimaca.com\\\/es\\\/servicios-a-los-accionistas\\\/#primaryimage\"},\"image\":{\"@id\":\"https:\\\/\\\/marimaca.com\\\/es\\\/servicios-a-los-accionistas\\\/#primaryimage\"},\"thumbnailUrl\":\"https:\\\/\\\/marimaca.com\\\/wp-content\\\/uploads\\\/2020\\\/11\\\/Shareholders.jpg\",\"datePublished\":\"2020-11-23T14:54:44+00:00\",\"dateModified\":\"2020-12-16T16:51:52+00:00\",\"description\":\"Encuentre la informaci\u00f3n de contacto de nuestros servicios para accionistas\",\"inLanguage\":\"es\",\"potentialAction\":[{\"@type\":\"ReadAction\",\"target\":[\"https:\\\/\\\/marimaca.com\\\/es\\\/servicios-a-los-accionistas\\\/\"]}]},{\"@type\":\"ImageObject\",\"inLanguage\":\"es\",\"@id\":\"https:\\\/\\\/marimaca.com\\\/es\\\/servicios-a-los-accionistas\\\/#primaryimage\",\"url\":\"https:\\\/\\\/marimaca.com\\\/wp-content\\\/uploads\\\/2020\\\/11\\\/Shareholders.jpg\",\"contentUrl\":\"https:\\\/\\\/marimaca.com\\\/wp-content\\\/uploads\\\/2020\\\/11\\\/Shareholders.jpg\",\"width\":1920,\"height\":400},{\"@type\":\"WebSite\",\"@id\":\"https:\\\/\\\/marimaca.com\\\/es\\\/#website\",\"url\":\"https:\\\/\\\/marimaca.com\\\/es\\\/\",\"name\":\"Marimaca\",\"description\":\"The Marimaca Copper\",\"potentialAction\":[{\"@type\":\"SearchAction\",\"target\":{\"@type\":\"EntryPoint\",\"urlTemplate\":\"https:\\\/\\\/marimaca.com\\\/es\\\/?s={search_term_string}\"},\"query-input\":{\"@type\":\"PropertyValueSpecification\",\"valueRequired\":true,\"valueName\":\"search_term_string\"}}],\"inLanguage\":\"es\"}]}<\/script>\n<!-- \/ Yoast SEO plugin. -->","yoast_head_json":{"title":"Servicios a los accionistas - Marimaca","description":"Encuentre la informaci\u00f3n de contacto de nuestros servicios para accionistas","robots":{"index":"index","follow":"follow","max-snippet":"max-snippet:-1","max-image-preview":"max-image-preview:large","max-video-preview":"max-video-preview:-1"},"canonical":"https:\/\/marimaca.com\/es\/servicios-a-los-accionistas\/","og_locale":"es_ES","og_type":"article","og_title":"Marimaca - Servicios a los accionistas","og_description":"Encuentre la informaci\u00f3n de contacto de nuestros servicios para accionistas","og_url":"https:\/\/marimaca.com\/es\/servicios-a-los-accionistas\/","og_site_name":"Marimaca","article_modified_time":"2020-12-16T16:51:52+00:00","og_image":[{"width":1920,"height":1536,"url":"https:\/\/marimaca.com\/wp-content\/uploads\/2020\/11\/ShareholdersServices.jpg","type":"image\/jpeg"}],"twitter_card":"summary_large_image","twitter_title":"Marimaca - Servicios a los accionistas","twitter_description":"Encuentre la informaci\u00f3n de contacto de nuestros servicios para accionistas","twitter_image":"https:\/\/marimaca.com\/wp-content\/uploads\/2020\/11\/ShareholdersServices.jpg","schema":{"@context":"https:\/\/schema.org","@graph":[{"@type":"WebPage","@id":"https:\/\/marimaca.com\/es\/servicios-a-los-accionistas\/","url":"https:\/\/marimaca.com\/es\/servicios-a-los-accionistas\/","name":"Servicios a los accionistas - Marimaca","isPartOf":{"@id":"https:\/\/marimaca.com\/es\/#website"},"primaryImageOfPage":{"@id":"https:\/\/marimaca.com\/es\/servicios-a-los-accionistas\/#primaryimage"},"image":{"@id":"https:\/\/marimaca.com\/es\/servicios-a-los-accionistas\/#primaryimage"},"thumbnailUrl":"https:\/\/marimaca.com\/wp-content\/uploads\/2020\/11\/Shareholders.jpg","datePublished":"2020-11-23T14:54:44+00:00","dateModified":"2020-12-16T16:51:52+00:00","description":"Encuentre la informaci\u00f3n de contacto de nuestros servicios para accionistas","inLanguage":"es","potentialAction":[{"@type":"ReadAction","target":["https:\/\/marimaca.com\/es\/servicios-a-los-accionistas\/"]}]},{"@type":"ImageObject","inLanguage":"es","@id":"https:\/\/marimaca.com\/es\/servicios-a-los-accionistas\/#primaryimage","url":"https:\/\/marimaca.com\/wp-content\/uploads\/2020\/11\/Shareholders.jpg","contentUrl":"https:\/\/marimaca.com\/wp-content\/uploads\/2020\/11\/Shareholders.jpg","width":1920,"height":400},{"@type":"WebSite","@id":"https:\/\/marimaca.com\/es\/#website","url":"https:\/\/marimaca.com\/es\/","name":"Marimaca","description":"The Marimaca Copper","potentialAction":[{"@type":"SearchAction","target":{"@type":"EntryPoint","urlTemplate":"https:\/\/marimaca.com\/es\/?s={search_term_string}"},"query-input":{"@type":"PropertyValueSpecification","valueRequired":true,"valueName":"search_term_string"}}],"inLanguage":"es"}]}},"_links":{"self":[{"href":"https:\/\/marimaca.com\/es\/wp-json\/wp\/v2\/pages\/1805","targetHints":{"allow":["GET"]}}],"collection":[{"href":"https:\/\/marimaca.com\/es\/wp-json\/wp\/v2\/pages"}],"about":[{"href":"https:\/\/marimaca.com\/es\/wp-json\/wp\/v2\/types\/page"}],"author":[{"embeddable":true,"href":"https:\/\/marimaca.com\/es\/wp-json\/wp\/v2\/users\/6"}],"replies":[{"embeddable":true,"href":"https:\/\/marimaca.com\/es\/wp-json\/wp\/v2\/comments?post=1805"}],"version-history":[{"count":5,"href":"https:\/\/marimaca.com\/es\/wp-json\/wp\/v2\/pages\/1805\/revisions"}],"predecessor-version":[{"id":5270,"href":"https:\/\/marimaca.com\/es\/wp-json\/wp\/v2\/pages\/1805\/revisions\/5270"}],"wp:featuredmedia":[{"embeddable":true,"href":"https:\/\/marimaca.com\/es\/wp-json\/wp\/v2\/media\/460"}],"wp:attachment":[{"href":"https:\/\/marimaca.com\/es\/wp-json\/wp\/v2\/media?parent=1805"}],"curies":[{"name":"wp","href":"https:\/\/api.w.org\/{rel}","templated":true}]}}