{"id":1803,"date":"2020-11-23T09:53:27","date_gmt":"2020-11-23T14:53:27","guid":{"rendered":"http:\/\/marimaca.com\/?page_id=1803"},"modified":"2022-05-27T18:21:17","modified_gmt":"2022-05-27T22:21:17","slug":"ubicacion-de-primer-nivel","status":"publish","type":"page","link":"https:\/\/marimaca.com\/es\/ubicacion-de-primer-nivel\/","title":{"rendered":"Ubicaci\u00f3n de primer nivel"},"content":{"rendered":"<p>La ubicaci\u00f3n privilegiada de Marimaca, y la proximidad a Antofagasta y la ciudad de Mejillones, permite un acceso completo a infraestructuras y servicios de primera clase, asegurando un bajo riesgo de ejecuci\u00f3n.<\/p>\n<p>Situada a baja altitud en el Cintur\u00f3n de Cobre Costero de Chile, a 25km al este del puerto de Mejillones y 45km al norte de Antofagasta, Marimaca tiene un c\u00f3modo acceso a las redes de agua, energ\u00eda, carreteras, ferrocarriles que suministran \u00e1cido sulf\u00farico y otros consumibles, as\u00ed como puertos de aguas profundas y mano de obra calificada.<\/p>\n<p><img loading=\"lazy\" decoding=\"async\" class=\"alignnone wp-image-3504 w100\" src=\"https:\/\/marimaca.com\/wp-content\/uploads\/2020\/11\/Imagen_Tier1Location-300x116.jpg\" alt=\"\" width=\"794\" height=\"307\" srcset=\"https:\/\/marimaca.com\/wp-content\/uploads\/2020\/11\/Imagen_Tier1Location-300x116.jpg 300w, https:\/\/marimaca.com\/wp-content\/uploads\/2020\/11\/Imagen_Tier1Location-1024x397.jpg 1024w, https:\/\/marimaca.com\/wp-content\/uploads\/2020\/11\/Imagen_Tier1Location-768x298.jpg 768w, https:\/\/marimaca.com\/wp-content\/uploads\/2020\/11\/Imagen_Tier1Location.jpg 1063w\" sizes=\"auto, (max-width: 794px) 100vw, 794px\" \/><\/p>\n<p>Una de las muchas razones por las que Marimaca es un proyecto tan emocionante es su ubicaci\u00f3n, ubicado junto a la capital del cobre, Antofagasta, y la ciudad portuaria de Mejillones. Es importante destacar que est\u00e1 cerca de todos los requerimientos necesarios para construir una mina de cobre.<\/p>\n<p>Cerca de servicios e infraestructura de primera clase<\/p>\n<ul>\n<li>Agua<\/li>\n<li>Energ\u00eda<\/li>\n<li>Transporte<\/li>\n<li>Comunicaciones<\/li>\n<\/ul>\n<p>&nbsp;<\/p>\n<p>A menos de 25km del puerto de Mejillones<\/p>\n<ul>\n<li>Uno de los principales puertos de importaci\u00f3n de \u00c1cido Sulf\u00farico (H2SO4) en Chile<\/li>\n<li>Acceso a personal calificado<\/li>\n<\/ul>\n<p>&nbsp;<\/p>\n<p>Propiedad superficial de dominio del Estado de Chile<\/p>\n<ul>\n<li>No hay negociaciones locales con particulares<\/li>\n<\/ul>\n<p>&nbsp;<\/p>\n<p>A menos de 40km de Antofagasta<\/p>\n<ul>\n<li>Principal centro regional<\/li>\n<li>Sin necesidad de alojamiento en el \u00e1rea del proyecto \/ vivienda<\/li>\n<li>Aeropuerto con buenas conexiones<\/li>\n<\/ul>\n<p>&nbsp;<\/p>\n<p>El Proyecto Cobre Marimaca se compone de ocho \u00e1reas que cubren m\u00faltiples concesiones. Las concesiones mineras comparten muchas caracter\u00edsticas geol\u00f3gicas similares y podr\u00edan formar potencialmente un \u00fanico dep\u00f3sito. A trav\u00e9s de una serie de adquisiciones y opciones de compra, Marimaca Copper tiene control sobre esta \u00e1rea, y de hecho una cantidad considerable de tierra en toda la regi\u00f3n.<\/p>\n<p>&nbsp;<\/p>\n<h3><\/h3>\n","protected":false},"excerpt":{"rendered":"<p>La ubicaci\u00f3n privilegiada de Marimaca, y la proximidad a Antofagasta y la ciudad de Mejillones, permite un acceso completo a infraestructuras y servicios de primera clase, asegurando un bajo riesgo de ejecuci\u00f3n. Situada a baja altitud en el Cintur\u00f3n de Cobre Costero de Chile, a 25km al este del puerto de Mejillones y 45km al [&hellip;]<\/p>\n","protected":false},"author":6,"featured_media":413,"parent":0,"menu_order":0,"comment_status":"closed","ping_status":"closed","template":"projects\/tier-1-location.php","meta":{"_acf_changed":false,"inline_featured_image":false,"footnotes":""},"class_list":["post-1803","page","type-page","status-publish","has-post-thumbnail","hentry"],"acf":[],"yoast_head":"<!-- This site is optimized with the Yoast SEO plugin v27.4 - https:\/\/yoast.com\/product\/yoast-seo-wordpress\/ -->\n<title>Ubicaci\u00f3n de primer nivel - Marimaca<\/title>\n<meta name=\"description\" content=\"La ubicaci\u00f3n privilegiada de Marimaca permite acceso a infraestructuras y servicios de primera clase.\" \/>\n<meta name=\"robots\" content=\"index, follow, max-snippet:-1, max-image-preview:large, max-video-preview:-1\" \/>\n<link rel=\"canonical\" href=\"https:\/\/marimaca.com\/es\/ubicacion-de-primer-nivel\/\" \/>\n<meta property=\"og:locale\" content=\"es_ES\" \/>\n<meta property=\"og:type\" content=\"article\" \/>\n<meta property=\"og:title\" content=\"Marimaca - Ubicaci\u00f3n de primer nivel\" \/>\n<meta property=\"og:description\" content=\"La ubicaci\u00f3n privilegiada de Marimaca permite acceso a infraestructuras y servicios de primera clase.\" \/>\n<meta property=\"og:url\" content=\"https:\/\/marimaca.com\/es\/ubicacion-de-primer-nivel\/\" \/>\n<meta property=\"og:site_name\" content=\"Marimaca\" \/>\n<meta property=\"article:modified_time\" content=\"2022-05-27T22:21:17+00:00\" \/>\n<meta property=\"og:image\" content=\"https:\/\/marimaca.com\/wp-content\/uploads\/2020\/11\/ShareholdersServices.jpg\" \/>\n\t<meta property=\"og:image:width\" content=\"1920\" \/>\n\t<meta property=\"og:image:height\" content=\"1536\" \/>\n\t<meta property=\"og:image:type\" content=\"image\/jpeg\" \/>\n<meta name=\"twitter:card\" content=\"summary_large_image\" \/>\n<meta name=\"twitter:title\" content=\"Marimaca - Ubicaci\u00f3n de primer nivel\" \/>\n<meta name=\"twitter:description\" content=\"La ubicaci\u00f3n privilegiada de Marimaca permite acceso a infraestructuras y servicios de primera clase.\" \/>\n<meta name=\"twitter:image\" content=\"https:\/\/marimaca.com\/wp-content\/uploads\/2020\/11\/ShareholdersServices.jpg\" \/>\n<meta name=\"twitter:label1\" content=\"Tiempo de lectura\" \/>\n\t<meta name=\"twitter:data1\" content=\"1 minuto\" \/>\n<script type=\"application\/ld+json\" class=\"yoast-schema-graph\">{\"@context\":\"https:\\\/\\\/schema.org\",\"@graph\":[{\"@type\":\"WebPage\",\"@id\":\"https:\\\/\\\/marimaca.com\\\/es\\\/ubicacion-de-primer-nivel\\\/\",\"url\":\"https:\\\/\\\/marimaca.com\\\/es\\\/ubicacion-de-primer-nivel\\\/\",\"name\":\"Ubicaci\u00f3n de primer nivel - Marimaca\",\"isPartOf\":{\"@id\":\"https:\\\/\\\/marimaca.com\\\/es\\\/#website\"},\"primaryImageOfPage\":{\"@id\":\"https:\\\/\\\/marimaca.com\\\/es\\\/ubicacion-de-primer-nivel\\\/#primaryimage\"},\"image\":{\"@id\":\"https:\\\/\\\/marimaca.com\\\/es\\\/ubicacion-de-primer-nivel\\\/#primaryimage\"},\"thumbnailUrl\":\"https:\\\/\\\/marimaca.com\\\/wp-content\\\/uploads\\\/2020\\\/11\\\/Location.jpg\",\"datePublished\":\"2020-11-23T14:53:27+00:00\",\"dateModified\":\"2022-05-27T22:21:17+00:00\",\"description\":\"La ubicaci\u00f3n privilegiada de Marimaca permite acceso a infraestructuras y servicios de primera clase.\",\"inLanguage\":\"es\",\"potentialAction\":[{\"@type\":\"ReadAction\",\"target\":[\"https:\\\/\\\/marimaca.com\\\/es\\\/ubicacion-de-primer-nivel\\\/\"]}]},{\"@type\":\"ImageObject\",\"inLanguage\":\"es\",\"@id\":\"https:\\\/\\\/marimaca.com\\\/es\\\/ubicacion-de-primer-nivel\\\/#primaryimage\",\"url\":\"https:\\\/\\\/marimaca.com\\\/wp-content\\\/uploads\\\/2020\\\/11\\\/Location.jpg\",\"contentUrl\":\"https:\\\/\\\/marimaca.com\\\/wp-content\\\/uploads\\\/2020\\\/11\\\/Location.jpg\",\"width\":1920,\"height\":400},{\"@type\":\"WebSite\",\"@id\":\"https:\\\/\\\/marimaca.com\\\/es\\\/#website\",\"url\":\"https:\\\/\\\/marimaca.com\\\/es\\\/\",\"name\":\"Marimaca\",\"description\":\"The Marimaca Copper\",\"potentialAction\":[{\"@type\":\"SearchAction\",\"target\":{\"@type\":\"EntryPoint\",\"urlTemplate\":\"https:\\\/\\\/marimaca.com\\\/es\\\/?s={search_term_string}\"},\"query-input\":{\"@type\":\"PropertyValueSpecification\",\"valueRequired\":true,\"valueName\":\"search_term_string\"}}],\"inLanguage\":\"es\"}]}<\/script>\n<!-- \/ Yoast SEO plugin. -->","yoast_head_json":{"title":"Ubicaci\u00f3n de primer nivel - Marimaca","description":"La ubicaci\u00f3n privilegiada de Marimaca permite acceso a infraestructuras y servicios de primera clase.","robots":{"index":"index","follow":"follow","max-snippet":"max-snippet:-1","max-image-preview":"max-image-preview:large","max-video-preview":"max-video-preview:-1"},"canonical":"https:\/\/marimaca.com\/es\/ubicacion-de-primer-nivel\/","og_locale":"es_ES","og_type":"article","og_title":"Marimaca - Ubicaci\u00f3n de primer nivel","og_description":"La ubicaci\u00f3n privilegiada de Marimaca permite acceso a infraestructuras y servicios de primera clase.","og_url":"https:\/\/marimaca.com\/es\/ubicacion-de-primer-nivel\/","og_site_name":"Marimaca","article_modified_time":"2022-05-27T22:21:17+00:00","og_image":[{"width":1920,"height":1536,"url":"https:\/\/marimaca.com\/wp-content\/uploads\/2020\/11\/ShareholdersServices.jpg","type":"image\/jpeg"}],"twitter_card":"summary_large_image","twitter_title":"Marimaca - Ubicaci\u00f3n de primer nivel","twitter_description":"La ubicaci\u00f3n privilegiada de Marimaca permite acceso a infraestructuras y servicios de primera clase.","twitter_image":"https:\/\/marimaca.com\/wp-content\/uploads\/2020\/11\/ShareholdersServices.jpg","twitter_misc":{"Tiempo de lectura":"1 minuto"},"schema":{"@context":"https:\/\/schema.org","@graph":[{"@type":"WebPage","@id":"https:\/\/marimaca.com\/es\/ubicacion-de-primer-nivel\/","url":"https:\/\/marimaca.com\/es\/ubicacion-de-primer-nivel\/","name":"Ubicaci\u00f3n de primer nivel - Marimaca","isPartOf":{"@id":"https:\/\/marimaca.com\/es\/#website"},"primaryImageOfPage":{"@id":"https:\/\/marimaca.com\/es\/ubicacion-de-primer-nivel\/#primaryimage"},"image":{"@id":"https:\/\/marimaca.com\/es\/ubicacion-de-primer-nivel\/#primaryimage"},"thumbnailUrl":"https:\/\/marimaca.com\/wp-content\/uploads\/2020\/11\/Location.jpg","datePublished":"2020-11-23T14:53:27+00:00","dateModified":"2022-05-27T22:21:17+00:00","description":"La ubicaci\u00f3n privilegiada de Marimaca permite acceso a infraestructuras y servicios de primera clase.","inLanguage":"es","potentialAction":[{"@type":"ReadAction","target":["https:\/\/marimaca.com\/es\/ubicacion-de-primer-nivel\/"]}]},{"@type":"ImageObject","inLanguage":"es","@id":"https:\/\/marimaca.com\/es\/ubicacion-de-primer-nivel\/#primaryimage","url":"https:\/\/marimaca.com\/wp-content\/uploads\/2020\/11\/Location.jpg","contentUrl":"https:\/\/marimaca.com\/wp-content\/uploads\/2020\/11\/Location.jpg","width":1920,"height":400},{"@type":"WebSite","@id":"https:\/\/marimaca.com\/es\/#website","url":"https:\/\/marimaca.com\/es\/","name":"Marimaca","description":"The Marimaca Copper","potentialAction":[{"@type":"SearchAction","target":{"@type":"EntryPoint","urlTemplate":"https:\/\/marimaca.com\/es\/?s={search_term_string}"},"query-input":{"@type":"PropertyValueSpecification","valueRequired":true,"valueName":"search_term_string"}}],"inLanguage":"es"}]}},"_links":{"self":[{"href":"https:\/\/marimaca.com\/es\/wp-json\/wp\/v2\/pages\/1803","targetHints":{"allow":["GET"]}}],"collection":[{"href":"https:\/\/marimaca.com\/es\/wp-json\/wp\/v2\/pages"}],"about":[{"href":"https:\/\/marimaca.com\/es\/wp-json\/wp\/v2\/types\/page"}],"author":[{"embeddable":true,"href":"https:\/\/marimaca.com\/es\/wp-json\/wp\/v2\/users\/6"}],"replies":[{"embeddable":true,"href":"https:\/\/marimaca.com\/es\/wp-json\/wp\/v2\/comments?post=1803"}],"version-history":[{"count":6,"href":"https:\/\/marimaca.com\/es\/wp-json\/wp\/v2\/pages\/1803\/revisions"}],"predecessor-version":[{"id":6647,"href":"https:\/\/marimaca.com\/es\/wp-json\/wp\/v2\/pages\/1803\/revisions\/6647"}],"wp:featuredmedia":[{"embeddable":true,"href":"https:\/\/marimaca.com\/es\/wp-json\/wp\/v2\/media\/413"}],"wp:attachment":[{"href":"https:\/\/marimaca.com\/es\/wp-json\/wp\/v2\/media?parent=1803"}],"curies":[{"name":"wp","href":"https:\/\/api.w.org\/{rel}","templated":true}]}}