{"id":1801,"date":"2020-11-23T09:51:33","date_gmt":"2020-11-23T14:51:33","guid":{"rendered":"http:\/\/marimaca.com\/?page_id=1801"},"modified":"2026-03-31T03:24:25","modified_gmt":"2026-03-31T07:24:25","slug":"equipo","status":"publish","type":"page","link":"https:\/\/marimaca.com\/es\/equipo\/","title":{"rendered":"Equipo"},"content":{"rendered":"<p>Marimaca Copper es el hogar de algunos de los mejores ge\u00f3logos de exploraci\u00f3n en la industria que est\u00e1n detr\u00e1s de muchos descubrimientos chilenos e internacionales conocidos. Forman parte de un equipo t\u00e9cnico y comercial m\u00e1s amplio, apoyado por un Directorio fuerte y dos fondos de capital privado a la vanguardia de la inversi\u00f3n minera.<\/p>\n","protected":false},"excerpt":{"rendered":"<p>Marimaca Copper es el hogar de algunos de los mejores ge\u00f3logos de exploraci\u00f3n en la industria que est\u00e1n detr\u00e1s de muchos descubrimientos chilenos e internacionales conocidos. Forman parte de un equipo t\u00e9cnico y comercial m\u00e1s amplio, apoyado por un Directorio fuerte y dos fondos de capital privado a la vanguardia de la inversi\u00f3n minera.<\/p>\n","protected":false},"author":6,"featured_media":5914,"parent":0,"menu_order":0,"comment_status":"closed","ping_status":"closed","template":"about-us\/team.php","meta":{"_acf_changed":false,"inline_featured_image":false,"footnotes":""},"class_list":["post-1801","page","type-page","status-publish","has-post-thumbnail","hentry"],"acf":[],"yoast_head":"<!-- This site is optimized with the Yoast SEO plugin v27.4 - https:\/\/yoast.com\/product\/yoast-seo-wordpress\/ -->\n<title>Equipo - Marimaca<\/title>\n<meta name=\"description\" content=\"Marimaca Copper es el hogar de algunos de los mejores ge\u00f3logos de exploraci\u00f3n en el negocio.\" \/>\n<meta name=\"robots\" content=\"index, follow, max-snippet:-1, max-image-preview:large, max-video-preview:-1\" \/>\n<link rel=\"canonical\" href=\"https:\/\/marimaca.com\/es\/equipo\/\" \/>\n<meta property=\"og:locale\" content=\"es_ES\" \/>\n<meta property=\"og:type\" content=\"article\" \/>\n<meta property=\"og:title\" content=\"Marimaca - Equipo\" \/>\n<meta property=\"og:description\" content=\"Marimaca Copper es el hogar de algunos de los mejores ge\u00f3logos de exploraci\u00f3n en el negocio.\" \/>\n<meta property=\"og:url\" content=\"https:\/\/marimaca.com\/es\/equipo\/\" \/>\n<meta property=\"og:site_name\" content=\"Marimaca\" \/>\n<meta property=\"article:modified_time\" content=\"2026-03-31T07:24:25+00:00\" \/>\n<meta property=\"og:image\" content=\"https:\/\/marimaca.com\/wp-content\/uploads\/2020\/11\/Team-2.jpg\" \/>\n\t<meta property=\"og:image:width\" content=\"1920\" \/>\n\t<meta property=\"og:image:height\" content=\"1151\" \/>\n\t<meta property=\"og:image:type\" content=\"image\/jpeg\" \/>\n<meta name=\"twitter:card\" content=\"summary_large_image\" \/>\n<meta name=\"twitter:title\" content=\"Marimaca - Equipo\" \/>\n<meta name=\"twitter:description\" content=\"Marimaca Copper es el hogar de algunos de los mejores ge\u00f3logos de exploraci\u00f3n en el negocio.\" \/>\n<meta name=\"twitter:image\" content=\"https:\/\/marimaca.com\/wp-content\/uploads\/2020\/11\/Team-2.jpg\" \/>\n<meta name=\"twitter:label1\" content=\"Tiempo de lectura\" \/>\n\t<meta name=\"twitter:data1\" content=\"1 minuto\" \/>\n<script type=\"application\/ld+json\" class=\"yoast-schema-graph\">{\"@context\":\"https:\\\/\\\/schema.org\",\"@graph\":[{\"@type\":\"WebPage\",\"@id\":\"https:\\\/\\\/marimaca.com\\\/es\\\/equipo\\\/\",\"url\":\"https:\\\/\\\/marimaca.com\\\/es\\\/equipo\\\/\",\"name\":\"Equipo - Marimaca\",\"isPartOf\":{\"@id\":\"https:\\\/\\\/marimaca.com\\\/es\\\/#website\"},\"primaryImageOfPage\":{\"@id\":\"https:\\\/\\\/marimaca.com\\\/es\\\/equipo\\\/#primaryimage\"},\"image\":{\"@id\":\"https:\\\/\\\/marimaca.com\\\/es\\\/equipo\\\/#primaryimage\"},\"thumbnailUrl\":\"https:\\\/\\\/marimaca.com\\\/wp-content\\\/uploads\\\/2021\\\/03\\\/Banner-Equipo.jpeg\",\"datePublished\":\"2020-11-23T14:51:33+00:00\",\"dateModified\":\"2026-03-31T07:24:25+00:00\",\"description\":\"Marimaca Copper es el hogar de algunos de los mejores ge\u00f3logos de exploraci\u00f3n en el negocio.\",\"inLanguage\":\"es\",\"potentialAction\":[{\"@type\":\"ReadAction\",\"target\":[\"https:\\\/\\\/marimaca.com\\\/es\\\/equipo\\\/\"]}]},{\"@type\":\"ImageObject\",\"inLanguage\":\"es\",\"@id\":\"https:\\\/\\\/marimaca.com\\\/es\\\/equipo\\\/#primaryimage\",\"url\":\"https:\\\/\\\/marimaca.com\\\/wp-content\\\/uploads\\\/2021\\\/03\\\/Banner-Equipo.jpeg\",\"contentUrl\":\"https:\\\/\\\/marimaca.com\\\/wp-content\\\/uploads\\\/2021\\\/03\\\/Banner-Equipo.jpeg\",\"width\":1920,\"height\":400},{\"@type\":\"WebSite\",\"@id\":\"https:\\\/\\\/marimaca.com\\\/es\\\/#website\",\"url\":\"https:\\\/\\\/marimaca.com\\\/es\\\/\",\"name\":\"Marimaca\",\"description\":\"The Marimaca Copper\",\"potentialAction\":[{\"@type\":\"SearchAction\",\"target\":{\"@type\":\"EntryPoint\",\"urlTemplate\":\"https:\\\/\\\/marimaca.com\\\/es\\\/?s={search_term_string}\"},\"query-input\":{\"@type\":\"PropertyValueSpecification\",\"valueRequired\":true,\"valueName\":\"search_term_string\"}}],\"inLanguage\":\"es\"}]}<\/script>\n<!-- \/ Yoast SEO plugin. -->","yoast_head_json":{"title":"Equipo - Marimaca","description":"Marimaca Copper es el hogar de algunos de los mejores ge\u00f3logos de exploraci\u00f3n en el negocio.","robots":{"index":"index","follow":"follow","max-snippet":"max-snippet:-1","max-image-preview":"max-image-preview:large","max-video-preview":"max-video-preview:-1"},"canonical":"https:\/\/marimaca.com\/es\/equipo\/","og_locale":"es_ES","og_type":"article","og_title":"Marimaca - Equipo","og_description":"Marimaca Copper es el hogar de algunos de los mejores ge\u00f3logos de exploraci\u00f3n en el negocio.","og_url":"https:\/\/marimaca.com\/es\/equipo\/","og_site_name":"Marimaca","article_modified_time":"2026-03-31T07:24:25+00:00","og_image":[{"width":1920,"height":1151,"url":"https:\/\/marimaca.com\/wp-content\/uploads\/2020\/11\/Team-2.jpg","type":"image\/jpeg"}],"twitter_card":"summary_large_image","twitter_title":"Marimaca - Equipo","twitter_description":"Marimaca Copper es el hogar de algunos de los mejores ge\u00f3logos de exploraci\u00f3n en el negocio.","twitter_image":"https:\/\/marimaca.com\/wp-content\/uploads\/2020\/11\/Team-2.jpg","twitter_misc":{"Tiempo de lectura":"1 minuto"},"schema":{"@context":"https:\/\/schema.org","@graph":[{"@type":"WebPage","@id":"https:\/\/marimaca.com\/es\/equipo\/","url":"https:\/\/marimaca.com\/es\/equipo\/","name":"Equipo - Marimaca","isPartOf":{"@id":"https:\/\/marimaca.com\/es\/#website"},"primaryImageOfPage":{"@id":"https:\/\/marimaca.com\/es\/equipo\/#primaryimage"},"image":{"@id":"https:\/\/marimaca.com\/es\/equipo\/#primaryimage"},"thumbnailUrl":"https:\/\/marimaca.com\/wp-content\/uploads\/2021\/03\/Banner-Equipo.jpeg","datePublished":"2020-11-23T14:51:33+00:00","dateModified":"2026-03-31T07:24:25+00:00","description":"Marimaca Copper es el hogar de algunos de los mejores ge\u00f3logos de exploraci\u00f3n en el negocio.","inLanguage":"es","potentialAction":[{"@type":"ReadAction","target":["https:\/\/marimaca.com\/es\/equipo\/"]}]},{"@type":"ImageObject","inLanguage":"es","@id":"https:\/\/marimaca.com\/es\/equipo\/#primaryimage","url":"https:\/\/marimaca.com\/wp-content\/uploads\/2021\/03\/Banner-Equipo.jpeg","contentUrl":"https:\/\/marimaca.com\/wp-content\/uploads\/2021\/03\/Banner-Equipo.jpeg","width":1920,"height":400},{"@type":"WebSite","@id":"https:\/\/marimaca.com\/es\/#website","url":"https:\/\/marimaca.com\/es\/","name":"Marimaca","description":"The Marimaca Copper","potentialAction":[{"@type":"SearchAction","target":{"@type":"EntryPoint","urlTemplate":"https:\/\/marimaca.com\/es\/?s={search_term_string}"},"query-input":{"@type":"PropertyValueSpecification","valueRequired":true,"valueName":"search_term_string"}}],"inLanguage":"es"}]}},"_links":{"self":[{"href":"https:\/\/marimaca.com\/es\/wp-json\/wp\/v2\/pages\/1801","targetHints":{"allow":["GET"]}}],"collection":[{"href":"https:\/\/marimaca.com\/es\/wp-json\/wp\/v2\/pages"}],"about":[{"href":"https:\/\/marimaca.com\/es\/wp-json\/wp\/v2\/types\/page"}],"author":[{"embeddable":true,"href":"https:\/\/marimaca.com\/es\/wp-json\/wp\/v2\/users\/6"}],"replies":[{"embeddable":true,"href":"https:\/\/marimaca.com\/es\/wp-json\/wp\/v2\/comments?post=1801"}],"version-history":[{"count":5,"href":"https:\/\/marimaca.com\/es\/wp-json\/wp\/v2\/pages\/1801\/revisions"}],"predecessor-version":[{"id":10662,"href":"https:\/\/marimaca.com\/es\/wp-json\/wp\/v2\/pages\/1801\/revisions\/10662"}],"wp:featuredmedia":[{"embeddable":true,"href":"https:\/\/marimaca.com\/es\/wp-json\/wp\/v2\/media\/5914"}],"wp:attachment":[{"href":"https:\/\/marimaca.com\/es\/wp-json\/wp\/v2\/media?parent=1801"}],"curies":[{"name":"wp","href":"https:\/\/api.w.org\/{rel}","templated":true}]}}