{"id":1795,"date":"2020-11-23T09:47:11","date_gmt":"2020-11-23T14:47:11","guid":{"rendered":"http:\/\/marimaca.com\/?page_id=1795"},"modified":"2022-03-29T08:44:14","modified_gmt":"2022-03-29T12:44:14","slug":"por-que-chile","status":"publish","type":"page","link":"https:\/\/marimaca.com\/es\/por-que-chile\/","title":{"rendered":"\u00bfPor qu\u00e9 Chile?"},"content":{"rendered":"<p>Chile es el mayor productor y exportador de cobre del mundo, representando aproximadamente el 20% de la producci\u00f3n anual. La producci\u00f3n de cobre a escala industrial comenz\u00f3 a principios de 1900 y desde entonces Chile ha construido una infraestructura industrial y comercial establecida a medida que se convirti\u00f3 en el principal productor mundial de cobre.<\/p>\n<p>Esta importante infraestructura incluye un cl\u00faster minero de cobre de servicios t\u00e9cnicos y profesionales del que Marimaca Copper podr\u00e1 beneficiarse a medida que avanza en los estudios de ingenier\u00eda del proyecto Marimaca Copper. Con el proyecto ubicado en la franja costera a baja altura y cerca de Antofagasta y Mejillones, su desarrollo futuro se beneficiar\u00e1 de la infraestructura existente cercana, incluyendo una mano de obra calificada, servicios de apoyo t\u00e9cnico y administrativo de miner\u00eda, as\u00ed como la proximidad de redes de carreteras y ferrocarriles, l\u00edneas el\u00e9ctricas, puertos, planta de \u00e1cido sulf\u00farico y suministros de agua.<\/p>\n<div class=\"row article-img-container\">\n<div class=\"col-12\"><img loading=\"lazy\" decoding=\"async\" class=\"alignnone wp-image-3272\" src=\"https:\/\/marimaca.com\/wp-content\/uploads\/2020\/11\/WhyChile-1-1-300x107.jpg\" alt=\"\" width=\"796\" height=\"284\" srcset=\"https:\/\/marimaca.com\/wp-content\/uploads\/2020\/11\/WhyChile-1-1-300x107.jpg 300w, https:\/\/marimaca.com\/wp-content\/uploads\/2020\/11\/WhyChile-1-1-1024x366.jpg 1024w, https:\/\/marimaca.com\/wp-content\/uploads\/2020\/11\/WhyChile-1-1-768x274.jpg 768w, https:\/\/marimaca.com\/wp-content\/uploads\/2020\/11\/WhyChile-1-1.jpg 1084w\" sizes=\"auto, (max-width: 796px) 100vw, 796px\" \/><\/div>\n<\/div>\n<p>Clasificada en el puesto 9 del Global Investment Attractiveness Index de 2019 por el Instituto Fraser, Chile es considerada una de las jurisdicciones mineras de bajo riesgo del mundo con un marco legal claro, un gobierno y una administraci\u00f3n de apoyo, as\u00ed como una abundancia de habilidades y mano de obra disponibles.<\/p>\n<p>Un pa\u00eds geogr\u00e1ficamente variado, Chile es rico en dep\u00f3sitos minerales, bosques naturales, recursos marinos y fuentes de energ\u00eda. Con una poblaci\u00f3n de aproximadamente 18 millones de habitantes, el pa\u00eds es considerado la naci\u00f3n econ\u00f3micamente m\u00e1s estable y pr\u00f3spera de Am\u00e9rica del Sur.<\/p>\n","protected":false},"excerpt":{"rendered":"<p>Chile es el mayor productor y exportador de cobre del mundo, representando aproximadamente el 20% de la producci\u00f3n anual. La producci\u00f3n de cobre a escala industrial comenz\u00f3 a principios de 1900 y desde entonces Chile ha construido una infraestructura industrial y comercial establecida a medida que se convirti\u00f3 en el principal productor mundial de cobre. [&hellip;]<\/p>\n","protected":false},"author":6,"featured_media":417,"parent":0,"menu_order":0,"comment_status":"closed","ping_status":"closed","template":"projects\/why-chile.php","meta":{"_acf_changed":false,"inline_featured_image":false,"footnotes":""},"class_list":["post-1795","page","type-page","status-publish","has-post-thumbnail","hentry"],"acf":[],"yoast_head":"<!-- This site is optimized with the Yoast SEO plugin v27.4 - https:\/\/yoast.com\/product\/yoast-seo-wordpress\/ -->\n<title>\u00bfPor qu\u00e9 Chile? - Marimaca<\/title>\n<meta name=\"description\" content=\"Chile es el mayor productor y exportador de cobre del mundo\" \/>\n<meta name=\"robots\" content=\"index, follow, max-snippet:-1, max-image-preview:large, max-video-preview:-1\" \/>\n<link rel=\"canonical\" href=\"https:\/\/marimaca.com\/es\/por-que-chile\/\" \/>\n<meta property=\"og:locale\" content=\"es_ES\" \/>\n<meta property=\"og:type\" content=\"article\" \/>\n<meta property=\"og:title\" content=\"Marimaca - \u00bfPor qu\u00e9 Chile?\" \/>\n<meta property=\"og:description\" content=\"Chile es el mayor productor y exportador de cobre del mundo\" \/>\n<meta property=\"og:url\" content=\"https:\/\/marimaca.com\/es\/por-que-chile\/\" \/>\n<meta property=\"og:site_name\" content=\"Marimaca\" \/>\n<meta property=\"article:modified_time\" content=\"2022-03-29T12:44:14+00:00\" \/>\n<meta property=\"og:image\" content=\"https:\/\/marimaca.com\/wp-content\/uploads\/2020\/11\/WhyChile-1.jpg\" \/>\n\t<meta property=\"og:image:width\" content=\"1920\" \/>\n\t<meta property=\"og:image:height\" content=\"1151\" \/>\n\t<meta property=\"og:image:type\" content=\"image\/jpeg\" \/>\n<meta name=\"twitter:card\" content=\"summary_large_image\" \/>\n<meta name=\"twitter:title\" content=\"Marimaca - \u00bfPor qu\u00e9 Chile?\" \/>\n<meta name=\"twitter:description\" content=\"Chile es el mayor productor y exportador de cobre del mundo\" \/>\n<meta name=\"twitter:image\" content=\"https:\/\/marimaca.com\/wp-content\/uploads\/2020\/11\/WhyChile-1.jpg\" \/>\n<meta name=\"twitter:label1\" content=\"Tiempo de lectura\" \/>\n\t<meta name=\"twitter:data1\" content=\"2 minutos\" \/>\n<script type=\"application\/ld+json\" class=\"yoast-schema-graph\">{\"@context\":\"https:\\\/\\\/schema.org\",\"@graph\":[{\"@type\":\"WebPage\",\"@id\":\"https:\\\/\\\/marimaca.com\\\/es\\\/por-que-chile\\\/\",\"url\":\"https:\\\/\\\/marimaca.com\\\/es\\\/por-que-chile\\\/\",\"name\":\"\u00bfPor qu\u00e9 Chile? - Marimaca\",\"isPartOf\":{\"@id\":\"https:\\\/\\\/marimaca.com\\\/es\\\/#website\"},\"primaryImageOfPage\":{\"@id\":\"https:\\\/\\\/marimaca.com\\\/es\\\/por-que-chile\\\/#primaryimage\"},\"image\":{\"@id\":\"https:\\\/\\\/marimaca.com\\\/es\\\/por-que-chile\\\/#primaryimage\"},\"thumbnailUrl\":\"https:\\\/\\\/marimaca.com\\\/wp-content\\\/uploads\\\/2020\\\/11\\\/WhyChile.jpg\",\"datePublished\":\"2020-11-23T14:47:11+00:00\",\"dateModified\":\"2022-03-29T12:44:14+00:00\",\"description\":\"Chile es el mayor productor y exportador de cobre del mundo\",\"inLanguage\":\"es\",\"potentialAction\":[{\"@type\":\"ReadAction\",\"target\":[\"https:\\\/\\\/marimaca.com\\\/es\\\/por-que-chile\\\/\"]}]},{\"@type\":\"ImageObject\",\"inLanguage\":\"es\",\"@id\":\"https:\\\/\\\/marimaca.com\\\/es\\\/por-que-chile\\\/#primaryimage\",\"url\":\"https:\\\/\\\/marimaca.com\\\/wp-content\\\/uploads\\\/2020\\\/11\\\/WhyChile.jpg\",\"contentUrl\":\"https:\\\/\\\/marimaca.com\\\/wp-content\\\/uploads\\\/2020\\\/11\\\/WhyChile.jpg\",\"width\":1920,\"height\":400},{\"@type\":\"WebSite\",\"@id\":\"https:\\\/\\\/marimaca.com\\\/es\\\/#website\",\"url\":\"https:\\\/\\\/marimaca.com\\\/es\\\/\",\"name\":\"Marimaca\",\"description\":\"The Marimaca Copper\",\"potentialAction\":[{\"@type\":\"SearchAction\",\"target\":{\"@type\":\"EntryPoint\",\"urlTemplate\":\"https:\\\/\\\/marimaca.com\\\/es\\\/?s={search_term_string}\"},\"query-input\":{\"@type\":\"PropertyValueSpecification\",\"valueRequired\":true,\"valueName\":\"search_term_string\"}}],\"inLanguage\":\"es\"}]}<\/script>\n<!-- \/ Yoast SEO plugin. -->","yoast_head_json":{"title":"\u00bfPor qu\u00e9 Chile? - Marimaca","description":"Chile es el mayor productor y exportador de cobre del mundo","robots":{"index":"index","follow":"follow","max-snippet":"max-snippet:-1","max-image-preview":"max-image-preview:large","max-video-preview":"max-video-preview:-1"},"canonical":"https:\/\/marimaca.com\/es\/por-que-chile\/","og_locale":"es_ES","og_type":"article","og_title":"Marimaca - \u00bfPor qu\u00e9 Chile?","og_description":"Chile es el mayor productor y exportador de cobre del mundo","og_url":"https:\/\/marimaca.com\/es\/por-que-chile\/","og_site_name":"Marimaca","article_modified_time":"2022-03-29T12:44:14+00:00","og_image":[{"width":1920,"height":1151,"url":"https:\/\/marimaca.com\/wp-content\/uploads\/2020\/11\/WhyChile-1.jpg","type":"image\/jpeg"}],"twitter_card":"summary_large_image","twitter_title":"Marimaca - \u00bfPor qu\u00e9 Chile?","twitter_description":"Chile es el mayor productor y exportador de cobre del mundo","twitter_image":"https:\/\/marimaca.com\/wp-content\/uploads\/2020\/11\/WhyChile-1.jpg","twitter_misc":{"Tiempo de lectura":"2 minutos"},"schema":{"@context":"https:\/\/schema.org","@graph":[{"@type":"WebPage","@id":"https:\/\/marimaca.com\/es\/por-que-chile\/","url":"https:\/\/marimaca.com\/es\/por-que-chile\/","name":"\u00bfPor qu\u00e9 Chile? - Marimaca","isPartOf":{"@id":"https:\/\/marimaca.com\/es\/#website"},"primaryImageOfPage":{"@id":"https:\/\/marimaca.com\/es\/por-que-chile\/#primaryimage"},"image":{"@id":"https:\/\/marimaca.com\/es\/por-que-chile\/#primaryimage"},"thumbnailUrl":"https:\/\/marimaca.com\/wp-content\/uploads\/2020\/11\/WhyChile.jpg","datePublished":"2020-11-23T14:47:11+00:00","dateModified":"2022-03-29T12:44:14+00:00","description":"Chile es el mayor productor y exportador de cobre del mundo","inLanguage":"es","potentialAction":[{"@type":"ReadAction","target":["https:\/\/marimaca.com\/es\/por-que-chile\/"]}]},{"@type":"ImageObject","inLanguage":"es","@id":"https:\/\/marimaca.com\/es\/por-que-chile\/#primaryimage","url":"https:\/\/marimaca.com\/wp-content\/uploads\/2020\/11\/WhyChile.jpg","contentUrl":"https:\/\/marimaca.com\/wp-content\/uploads\/2020\/11\/WhyChile.jpg","width":1920,"height":400},{"@type":"WebSite","@id":"https:\/\/marimaca.com\/es\/#website","url":"https:\/\/marimaca.com\/es\/","name":"Marimaca","description":"The Marimaca Copper","potentialAction":[{"@type":"SearchAction","target":{"@type":"EntryPoint","urlTemplate":"https:\/\/marimaca.com\/es\/?s={search_term_string}"},"query-input":{"@type":"PropertyValueSpecification","valueRequired":true,"valueName":"search_term_string"}}],"inLanguage":"es"}]}},"_links":{"self":[{"href":"https:\/\/marimaca.com\/es\/wp-json\/wp\/v2\/pages\/1795","targetHints":{"allow":["GET"]}}],"collection":[{"href":"https:\/\/marimaca.com\/es\/wp-json\/wp\/v2\/pages"}],"about":[{"href":"https:\/\/marimaca.com\/es\/wp-json\/wp\/v2\/types\/page"}],"author":[{"embeddable":true,"href":"https:\/\/marimaca.com\/es\/wp-json\/wp\/v2\/users\/6"}],"replies":[{"embeddable":true,"href":"https:\/\/marimaca.com\/es\/wp-json\/wp\/v2\/comments?post=1795"}],"version-history":[{"count":6,"href":"https:\/\/marimaca.com\/es\/wp-json\/wp\/v2\/pages\/1795\/revisions"}],"predecessor-version":[{"id":6388,"href":"https:\/\/marimaca.com\/es\/wp-json\/wp\/v2\/pages\/1795\/revisions\/6388"}],"wp:featuredmedia":[{"embeddable":true,"href":"https:\/\/marimaca.com\/es\/wp-json\/wp\/v2\/media\/417"}],"wp:attachment":[{"href":"https:\/\/marimaca.com\/es\/wp-json\/wp\/v2\/media?parent=1795"}],"curies":[{"name":"wp","href":"https:\/\/api.w.org\/{rel}","templated":true}]}}