{"id":1791,"date":"2020-11-23T09:45:34","date_gmt":"2020-11-23T14:45:34","guid":{"rendered":"http:\/\/marimaca.com\/?page_id=1791"},"modified":"2026-03-12T11:41:39","modified_gmt":"2026-03-12T15:41:39","slug":"eventos","status":"publish","type":"page","link":"https:\/\/marimaca.com\/es\/eventos\/","title":{"rendered":"Eventos"},"content":{"rendered":"<p>Debido a la pandemia COVID-19, actualmente no hay ning\u00fan evento programado para ser visitado hasta que esta situaci\u00f3n mejore.<\/p>\n<p>La empresa tiene frecuentes visitas al sitio de su Proyecto Marimaca, ubicado a una hora de Antofagasta y es posible de visitar como una excursi\u00f3n de un d\u00eda desde Santiago. Para obtener m\u00e1s informaci\u00f3n sobre las visitas al sitio, los eventos y los informes legales, p\u00f3ngase en contacto con <a href=\"mailto:marimaca@tavistock.co.uk\">marimaca@tavistock.co.uk<\/a>.<\/p>\n<p><span lang=\"EN-CA\">Puedes ver el calendario de eventos de la compa\u00f1\u00eda aqu\u00ed:\u00a0<\/span><u><\/u><u><\/u><a href=\"https:\/\/vrify.com\/companies\/marimaca-copper-corp\">https:\/\/vrify.com\/<wbr \/>companies\/marimaca-copper-corp<\/a>.<wbr \/><\/p>\n","protected":false},"excerpt":{"rendered":"<p>Debido a la pandemia COVID-19, actualmente no hay ning\u00fan evento programado para ser visitado hasta que esta situaci\u00f3n mejore. La empresa tiene frecuentes visitas al sitio de su Proyecto Marimaca, ubicado a una hora de Antofagasta y es posible de visitar como una excursi\u00f3n de un d\u00eda desde Santiago. Para obtener m\u00e1s informaci\u00f3n sobre las [&hellip;]<\/p>\n","protected":false},"author":6,"featured_media":462,"parent":0,"menu_order":0,"comment_status":"closed","ping_status":"closed","template":"investors\/events.php","meta":{"_acf_changed":false,"inline_featured_image":false,"footnotes":""},"class_list":["post-1791","page","type-page","status-publish","has-post-thumbnail","hentry"],"acf":[],"yoast_head":"<!-- This site is optimized with the Yoast SEO plugin v27.4 - https:\/\/yoast.com\/product\/yoast-seo-wordpress\/ -->\n<title>Eventos - Marimaca<\/title>\n<meta name=\"description\" content=\"Vea una lista completa de nuestros pr\u00f3ximos eventos.\" \/>\n<meta name=\"robots\" content=\"index, follow, max-snippet:-1, max-image-preview:large, max-video-preview:-1\" \/>\n<link rel=\"canonical\" href=\"https:\/\/marimaca.com\/es\/eventos\/\" \/>\n<meta property=\"og:locale\" content=\"es_ES\" \/>\n<meta property=\"og:type\" content=\"article\" \/>\n<meta property=\"og:title\" content=\"Marimaca - Eventos\" \/>\n<meta property=\"og:description\" content=\"Vea una lista completa de nuestros pr\u00f3ximos eventos.\" \/>\n<meta property=\"og:url\" content=\"https:\/\/marimaca.com\/es\/eventos\/\" \/>\n<meta property=\"og:site_name\" content=\"Marimaca\" \/>\n<meta property=\"article:modified_time\" content=\"2026-03-12T15:41:39+00:00\" \/>\n<meta property=\"og:image\" content=\"https:\/\/marimaca.com\/wp-content\/uploads\/2020\/11\/Events-1.jpg\" \/>\n\t<meta property=\"og:image:width\" content=\"1920\" \/>\n\t<meta property=\"og:image:height\" content=\"1536\" \/>\n\t<meta property=\"og:image:type\" content=\"image\/jpeg\" \/>\n<meta name=\"twitter:card\" content=\"summary_large_image\" \/>\n<meta name=\"twitter:title\" content=\"Marimaca - Eventos\" \/>\n<meta name=\"twitter:description\" content=\"Vea una lista completa de nuestros pr\u00f3ximos eventos.\" \/>\n<meta name=\"twitter:image\" content=\"https:\/\/marimaca.com\/wp-content\/uploads\/2020\/11\/Events-1.jpg\" \/>\n<meta name=\"twitter:label1\" content=\"Tiempo de lectura\" \/>\n\t<meta name=\"twitter:data1\" content=\"1 minuto\" \/>\n<script type=\"application\/ld+json\" class=\"yoast-schema-graph\">{\"@context\":\"https:\\\/\\\/schema.org\",\"@graph\":[{\"@type\":\"WebPage\",\"@id\":\"https:\\\/\\\/marimaca.com\\\/es\\\/eventos\\\/\",\"url\":\"https:\\\/\\\/marimaca.com\\\/es\\\/eventos\\\/\",\"name\":\"Eventos - Marimaca\",\"isPartOf\":{\"@id\":\"https:\\\/\\\/marimaca.com\\\/es\\\/#website\"},\"primaryImageOfPage\":{\"@id\":\"https:\\\/\\\/marimaca.com\\\/es\\\/eventos\\\/#primaryimage\"},\"image\":{\"@id\":\"https:\\\/\\\/marimaca.com\\\/es\\\/eventos\\\/#primaryimage\"},\"thumbnailUrl\":\"https:\\\/\\\/marimaca.com\\\/wp-content\\\/uploads\\\/2020\\\/11\\\/Events.jpg\",\"datePublished\":\"2020-11-23T14:45:34+00:00\",\"dateModified\":\"2026-03-12T15:41:39+00:00\",\"description\":\"Vea una lista completa de nuestros pr\u00f3ximos eventos.\",\"inLanguage\":\"es\",\"potentialAction\":[{\"@type\":\"ReadAction\",\"target\":[\"https:\\\/\\\/marimaca.com\\\/es\\\/eventos\\\/\"]}]},{\"@type\":\"ImageObject\",\"inLanguage\":\"es\",\"@id\":\"https:\\\/\\\/marimaca.com\\\/es\\\/eventos\\\/#primaryimage\",\"url\":\"https:\\\/\\\/marimaca.com\\\/wp-content\\\/uploads\\\/2020\\\/11\\\/Events.jpg\",\"contentUrl\":\"https:\\\/\\\/marimaca.com\\\/wp-content\\\/uploads\\\/2020\\\/11\\\/Events.jpg\",\"width\":1920,\"height\":400},{\"@type\":\"WebSite\",\"@id\":\"https:\\\/\\\/marimaca.com\\\/es\\\/#website\",\"url\":\"https:\\\/\\\/marimaca.com\\\/es\\\/\",\"name\":\"Marimaca\",\"description\":\"The Marimaca Copper\",\"potentialAction\":[{\"@type\":\"SearchAction\",\"target\":{\"@type\":\"EntryPoint\",\"urlTemplate\":\"https:\\\/\\\/marimaca.com\\\/es\\\/?s={search_term_string}\"},\"query-input\":{\"@type\":\"PropertyValueSpecification\",\"valueRequired\":true,\"valueName\":\"search_term_string\"}}],\"inLanguage\":\"es\"}]}<\/script>\n<!-- \/ Yoast SEO plugin. -->","yoast_head_json":{"title":"Eventos - Marimaca","description":"Vea una lista completa de nuestros pr\u00f3ximos eventos.","robots":{"index":"index","follow":"follow","max-snippet":"max-snippet:-1","max-image-preview":"max-image-preview:large","max-video-preview":"max-video-preview:-1"},"canonical":"https:\/\/marimaca.com\/es\/eventos\/","og_locale":"es_ES","og_type":"article","og_title":"Marimaca - Eventos","og_description":"Vea una lista completa de nuestros pr\u00f3ximos eventos.","og_url":"https:\/\/marimaca.com\/es\/eventos\/","og_site_name":"Marimaca","article_modified_time":"2026-03-12T15:41:39+00:00","og_image":[{"width":1920,"height":1536,"url":"https:\/\/marimaca.com\/wp-content\/uploads\/2020\/11\/Events-1.jpg","type":"image\/jpeg"}],"twitter_card":"summary_large_image","twitter_title":"Marimaca - Eventos","twitter_description":"Vea una lista completa de nuestros pr\u00f3ximos eventos.","twitter_image":"https:\/\/marimaca.com\/wp-content\/uploads\/2020\/11\/Events-1.jpg","twitter_misc":{"Tiempo de lectura":"1 minuto"},"schema":{"@context":"https:\/\/schema.org","@graph":[{"@type":"WebPage","@id":"https:\/\/marimaca.com\/es\/eventos\/","url":"https:\/\/marimaca.com\/es\/eventos\/","name":"Eventos - Marimaca","isPartOf":{"@id":"https:\/\/marimaca.com\/es\/#website"},"primaryImageOfPage":{"@id":"https:\/\/marimaca.com\/es\/eventos\/#primaryimage"},"image":{"@id":"https:\/\/marimaca.com\/es\/eventos\/#primaryimage"},"thumbnailUrl":"https:\/\/marimaca.com\/wp-content\/uploads\/2020\/11\/Events.jpg","datePublished":"2020-11-23T14:45:34+00:00","dateModified":"2026-03-12T15:41:39+00:00","description":"Vea una lista completa de nuestros pr\u00f3ximos eventos.","inLanguage":"es","potentialAction":[{"@type":"ReadAction","target":["https:\/\/marimaca.com\/es\/eventos\/"]}]},{"@type":"ImageObject","inLanguage":"es","@id":"https:\/\/marimaca.com\/es\/eventos\/#primaryimage","url":"https:\/\/marimaca.com\/wp-content\/uploads\/2020\/11\/Events.jpg","contentUrl":"https:\/\/marimaca.com\/wp-content\/uploads\/2020\/11\/Events.jpg","width":1920,"height":400},{"@type":"WebSite","@id":"https:\/\/marimaca.com\/es\/#website","url":"https:\/\/marimaca.com\/es\/","name":"Marimaca","description":"The Marimaca Copper","potentialAction":[{"@type":"SearchAction","target":{"@type":"EntryPoint","urlTemplate":"https:\/\/marimaca.com\/es\/?s={search_term_string}"},"query-input":{"@type":"PropertyValueSpecification","valueRequired":true,"valueName":"search_term_string"}}],"inLanguage":"es"}]}},"_links":{"self":[{"href":"https:\/\/marimaca.com\/es\/wp-json\/wp\/v2\/pages\/1791","targetHints":{"allow":["GET"]}}],"collection":[{"href":"https:\/\/marimaca.com\/es\/wp-json\/wp\/v2\/pages"}],"about":[{"href":"https:\/\/marimaca.com\/es\/wp-json\/wp\/v2\/types\/page"}],"author":[{"embeddable":true,"href":"https:\/\/marimaca.com\/es\/wp-json\/wp\/v2\/users\/6"}],"replies":[{"embeddable":true,"href":"https:\/\/marimaca.com\/es\/wp-json\/wp\/v2\/comments?post=1791"}],"version-history":[{"count":5,"href":"https:\/\/marimaca.com\/es\/wp-json\/wp\/v2\/pages\/1791\/revisions"}],"predecessor-version":[{"id":10510,"href":"https:\/\/marimaca.com\/es\/wp-json\/wp\/v2\/pages\/1791\/revisions\/10510"}],"wp:featuredmedia":[{"embeddable":true,"href":"https:\/\/marimaca.com\/es\/wp-json\/wp\/v2\/media\/462"}],"wp:attachment":[{"href":"https:\/\/marimaca.com\/es\/wp-json\/wp\/v2\/media?parent=1791"}],"curies":[{"name":"wp","href":"https:\/\/api.w.org\/{rel}","templated":true}]}}