{"id":1789,"date":"2020-11-23T09:44:52","date_gmt":"2020-11-23T14:44:52","guid":{"rendered":"http:\/\/marimaca.com\/?page_id=1789"},"modified":"2026-03-12T13:08:37","modified_gmt":"2026-03-12T17:08:37","slug":"sostenibilidad","status":"publish","type":"page","link":"https:\/\/marimaca.com\/es\/sostenibilidad\/","title":{"rendered":"Compromisos de Sostenibilidad"},"content":{"rendered":"<p class=\"p1\">Marimaca est\u00e1 comprometida con la creaci\u00f3n de valor a largo plazo para todos nuestros grupos de inter\u00e9s mediante la integraci\u00f3n de las mejores pr\u00e1cticas ESG en el desarrollo continuo de la Compa\u00f1\u00eda.<\/p>\n<p class=\"p1\">Los compromisos de sostenibilidad de Marimaca pueden consultarse tanto en <a href=\"https:\/\/marimaca.com\/wp-content\/uploads\/2022\/12\/Final-Marimaca-Sustainability-Commitments-May-2022.pdf\" target=\"_blank\" rel=\"noopener\">ingl\u00e9s<\/a> como en <a href=\"https:\/\/marimaca.com\/wp-content\/uploads\/2022\/06\/Compromisos-de-Sustentabilidad.pdf\" target=\"_blank\" rel=\"noopener\">espa\u00f1ol<\/a>.<\/p>\n<p class=\"p3\"><b>Transparencia y Responsabilidad<\/b><b><\/b><\/p>\n<p class=\"p1\">Una gobernanza corporativa transparente asegura que rendimos cuentas a todos nuestros grupos de inter\u00e9s. Nos esforzamos por garantizar que se implementen los controles y equilibrios adecuados para proteger la propiedad en todos los niveles del negocio.<\/p>\n<p class=\"p3\"><b>Salud, Seguridad y Protecci\u00f3n<\/b><b><\/b><\/p>\n<p class=\"p1\">La salud, seguridad y bienestar de nuestros empleados est\u00e1n en el centro de todo lo que hacemos. Implementamos los m\u00e1s altos est\u00e1ndares de seguridad para mitigar riesgos.<\/p>\n<p class=\"p3\"><b>Gesti\u00f3n Ambiental<\/b><b><\/b><\/p>\n<p class=\"p1\">Operamos de manera ambientalmente responsable, minimizando el impacto de nuestras actividades y, cuando es posible, buscando mejorar y realzar el entorno en el que operamos.<\/p>\n<p class=\"p3\"><b>Participaci\u00f3n Constructiva con los Grupos de Inter\u00e9s<\/b><b><\/b><\/p>\n<p class=\"p1\">Valoramos la confianza y el apoyo de nuestros grupos de inter\u00e9s locales. Nos esforzamos por trabajar de manera colaborativa con ellos para generar valor compartido. El protocolo de Marimaca para atender inquietudes de los grupos de inter\u00e9s puede consultarse en <a href=\"https:\/\/marimaca.com\/wp-content\/uploads\/2022\/05\/Final-Protocol-for-Stakeholder-Concerns-May-2022-002.pdf\" target=\"_blank\" rel=\"noopener\">ingl\u00e9s<\/a> y <a href=\"https:\/\/marimaca.com\/wp-content\/uploads\/2022\/06\/Protocolo-para-la-participacion-de-las-partes-interesadas.pdf\" target=\"_blank\" rel=\"noopener\">espa\u00f1ol<\/a>.<\/p>\n<p class=\"p1\">Las preocupaciones pueden registrarse en l\u00ednea o enviando un correo electr\u00f3nico directamente a <a href=\"mailto:stakeholderconcerns@marimaca.com\">stakeholderconcerns@marimaca.com<\/a>. La notificaci\u00f3n debe proporcionar la mayor cantidad de informaci\u00f3n posible, incluyendo testimonios relevantes, documentos o fotos que detallen el motivo de la inquietud. Tambi\u00e9n est\u00e1 disponible un formulario web para enviar preocupaciones al final de esta p\u00e1gina.<\/p>\n<p class=\"p3\"><b>Nuestro Personal<\/b><b><\/b><\/p>\n<p class=\"p1\">Estamos comprometidos con la contrataci\u00f3n local, el desarrollo de competencias de nuestra fuerza laboral, el respeto a todas las culturas y la promoci\u00f3n de la diversidad e inclusi\u00f3n.<\/p>\n<p class=\"p3\"><b>Desarrollo Sostenible<\/b><b><\/b><\/p>\n<p class=\"p1\">En exploraci\u00f3n, desarrollo y producci\u00f3n eventual, las pr\u00e1cticas sostenibles son de suma importancia.<\/p>\n<p style=\"text-align: center;\"><strong><i>Por favor, deja los detalles de tu reporte en este formulario: <\/i><\/strong><\/p>\n<div class=\"\">\n\n<div class=\"wpcf7 no-js\" id=\"wpcf7-f6586-o1\" lang=\"es-ES\" dir=\"ltr\" data-wpcf7-id=\"6586\">\n<div class=\"screen-reader-response\"><p role=\"status\" aria-live=\"polite\" aria-atomic=\"true\"><\/p> <ul><\/ul><\/div>\n<form action=\"\/es\/wp-json\/wp\/v2\/pages\/1789#wpcf7-f6586-o1\" method=\"post\" class=\"wpcf7-form init\" aria-label=\"Formulario de contacto\" novalidate=\"novalidate\" data-status=\"init\">\n<fieldset class=\"hidden-fields-container\"><input type=\"hidden\" name=\"_wpcf7\" value=\"6586\" \/><input type=\"hidden\" name=\"_wpcf7_version\" value=\"6.1.5\" \/><input type=\"hidden\" name=\"_wpcf7_locale\" value=\"es_ES\" \/><input type=\"hidden\" name=\"_wpcf7_unit_tag\" value=\"wpcf7-f6586-o1\" \/><input type=\"hidden\" name=\"_wpcf7_container_post\" value=\"0\" \/><input type=\"hidden\" name=\"_wpcf7_posted_data_hash\" value=\"\" \/>\n<\/fieldset>\n<div class=\"row formulario-sustentabilidad justify-content-center\">\n\t<div class=\"col-md-6\">\n\t\t<div class=\"form-group\">\n\t\t\t<p><label> Nombre <\/label><br \/>\n<span class=\"wpcf7-form-control-wrap\" data-name=\"name\"><input size=\"40\" maxlength=\"400\" class=\"wpcf7-form-control wpcf7-text\" aria-invalid=\"false\" value=\"\" type=\"text\" name=\"name\" \/><\/span>\n\t\t\t<\/p>\n\t\t<\/div>\n\t\t<div class=\"form-group\">\n\t\t\t<p><label> Direcci\u00f3n<\/label><br \/>\n<span class=\"wpcf7-form-control-wrap\" data-name=\"address\"><input size=\"40\" maxlength=\"400\" class=\"wpcf7-form-control wpcf7-text\" aria-invalid=\"false\" value=\"\" type=\"text\" name=\"address\" \/><\/span>\n\t\t\t<\/p>\n\t\t<\/div>\n\t\t<div class=\"form-group\">\n\t\t\t<p><label> Tel\u00e9fono<\/label><br \/>\n<span class=\"wpcf7-form-control-wrap\" data-name=\"telephone\"><input size=\"40\" maxlength=\"400\" class=\"wpcf7-form-control wpcf7-text\" aria-invalid=\"false\" value=\"\" type=\"text\" name=\"telephone\" \/><\/span>\n\t\t\t<\/p>\n\t\t<\/div>\n\t\t<div class=\"form-group\">\n\t\t\t<p><label> Correo electr\u00f3nico *<\/label><br \/>\n<span class=\"wpcf7-form-control-wrap\" data-name=\"email\"><input size=\"40\" maxlength=\"400\" class=\"wpcf7-form-control wpcf7-email wpcf7-validates-as-required wpcf7-text wpcf7-validates-as-email\" aria-required=\"true\" aria-invalid=\"false\" value=\"\" type=\"email\" name=\"email\" \/><\/span>\n\t\t\t<\/p>\n\t\t<\/div>\n\t\t<div class=\"form-group\">\n\t\t\t<p><label> Describir la inquietud (qui\u00e9n, qu\u00e9, cu\u00e1ndo, d\u00f3nde, c\u00f3mo) *<\/label><br \/>\n<span class=\"wpcf7-form-control-wrap\" data-name=\"description\"><textarea cols=\"40\" rows=\"10\" maxlength=\"2000\" class=\"wpcf7-form-control wpcf7-textarea wpcf7-validates-as-required\" aria-required=\"true\" aria-invalid=\"false\" name=\"description\"><\/textarea><\/span>\n\t\t\t<\/p>\n\t\t<\/div>\n\t\t<div class=\"form-group\">\n\t\t\t<p><label> Fecha y\/o duraci\u00f3n del incidente que genera la inquietud * <\/label><br \/>\n<span class=\"wpcf7-form-control-wrap\" data-name=\"duration\"><input size=\"40\" maxlength=\"400\" class=\"wpcf7-form-control wpcf7-text wpcf7-validates-as-required\" aria-required=\"true\" aria-invalid=\"false\" value=\"\" type=\"text\" name=\"duration\" \/><\/span>\n\t\t\t<\/p>\n\t\t<\/div>\n\t\t<div class=\"form-group\">\n\t\t\t<p><label> Sugerencias de c\u00f3mo la inquietud(es) se puede resolver *<\/label><br \/>\n<span class=\"wpcf7-form-control-wrap\" data-name=\"suggestions\"><textarea cols=\"40\" rows=\"10\" maxlength=\"2000\" class=\"wpcf7-form-control wpcf7-textarea wpcf7-validates-as-required\" aria-required=\"true\" aria-invalid=\"false\" name=\"suggestions\"><\/textarea><\/span>\n\t\t\t<\/p>\n\t\t<\/div>\n\t\t<div class=\"form-group d-none\">\n\t\t\t<p><span class=\"wpcf7-form-control-wrap\" data-name=\"date\"><input size=\"40\" maxlength=\"400\" class=\"wpcf7-form-control wpcf7-text\" id=\"datecurrent\" aria-invalid=\"false\" value=\"\" type=\"text\" name=\"date\" \/><\/span>\n\t\t\t<\/p>\n\t\t<\/div>\n\t\t<p><input class=\"wpcf7-form-control wpcf7-submit has-spinner btn btn-primary\" type=\"submit\" value=\"Enviar\" \/>\n\t\t<\/p>\n\t<\/div>\n<\/div><div class=\"wpcf7-response-output\" aria-hidden=\"true\"><\/div>\n<\/form>\n<\/div>\n\n<div><\/div>\n<\/div>\n","protected":false},"excerpt":{"rendered":"<p>Marimaca est\u00e1 comprometida con la creaci\u00f3n de valor a largo plazo para todos nuestros grupos de inter\u00e9s mediante la integraci\u00f3n de las mejores pr\u00e1cticas ESG en el desarrollo continuo de la Compa\u00f1\u00eda. Los compromisos de sostenibilidad de Marimaca pueden consultarse tanto en ingl\u00e9s como en espa\u00f1ol. Transparencia y Responsabilidad Una gobernanza corporativa transparente asegura que [&hellip;]<\/p>\n","protected":false},"author":6,"featured_media":431,"parent":0,"menu_order":0,"comment_status":"closed","ping_status":"closed","template":"sustainability.php","meta":{"_acf_changed":false,"inline_featured_image":false,"footnotes":""},"class_list":["post-1789","page","type-page","status-publish","has-post-thumbnail","hentry"],"acf":[],"yoast_head":"<!-- This site is optimized with the Yoast SEO plugin v27.4 - https:\/\/yoast.com\/product\/yoast-seo-wordpress\/ -->\n<title>Compromisos de Sostenibilidad - Marimaca<\/title>\n<meta name=\"robots\" content=\"index, follow, max-snippet:-1, max-image-preview:large, max-video-preview:-1\" \/>\n<link rel=\"canonical\" href=\"https:\/\/marimaca.com\/es\/sostenibilidad\/\" \/>\n<meta property=\"og:locale\" content=\"es_ES\" \/>\n<meta property=\"og:type\" content=\"article\" \/>\n<meta property=\"og:title\" content=\"Compromisos de Sostenibilidad - Marimaca\" \/>\n<meta property=\"og:description\" content=\"Marimaca est\u00e1 comprometida con la creaci\u00f3n de valor a largo plazo para todos nuestros grupos de inter\u00e9s mediante la integraci\u00f3n de las mejores pr\u00e1cticas ESG en el desarrollo continuo de la Compa\u00f1\u00eda. Los compromisos de sostenibilidad de Marimaca pueden consultarse tanto en ingl\u00e9s como en espa\u00f1ol. Transparencia y Responsabilidad Una gobernanza corporativa transparente asegura que [&hellip;]\" \/>\n<meta property=\"og:url\" content=\"https:\/\/marimaca.com\/es\/sostenibilidad\/\" \/>\n<meta property=\"og:site_name\" content=\"Marimaca\" \/>\n<meta property=\"article:modified_time\" content=\"2026-03-12T17:08:37+00:00\" \/>\n<meta property=\"og:image\" content=\"https:\/\/marimaca.com\/wp-content\/uploads\/2020\/11\/Sustaintability.jpg\" \/>\n\t<meta property=\"og:image:width\" content=\"1920\" \/>\n\t<meta property=\"og:image:height\" content=\"300\" \/>\n\t<meta property=\"og:image:type\" content=\"image\/jpeg\" \/>\n<meta name=\"twitter:card\" content=\"summary_large_image\" \/>\n<meta name=\"twitter:label1\" content=\"Tiempo de lectura\" \/>\n\t<meta name=\"twitter:data1\" content=\"2 minutos\" \/>\n<script type=\"application\/ld+json\" class=\"yoast-schema-graph\">{\"@context\":\"https:\\\/\\\/schema.org\",\"@graph\":[{\"@type\":\"WebPage\",\"@id\":\"https:\\\/\\\/marimaca.com\\\/es\\\/sostenibilidad\\\/\",\"url\":\"https:\\\/\\\/marimaca.com\\\/es\\\/sostenibilidad\\\/\",\"name\":\"Compromisos de Sostenibilidad - Marimaca\",\"isPartOf\":{\"@id\":\"https:\\\/\\\/marimaca.com\\\/es\\\/#website\"},\"primaryImageOfPage\":{\"@id\":\"https:\\\/\\\/marimaca.com\\\/es\\\/sostenibilidad\\\/#primaryimage\"},\"image\":{\"@id\":\"https:\\\/\\\/marimaca.com\\\/es\\\/sostenibilidad\\\/#primaryimage\"},\"thumbnailUrl\":\"https:\\\/\\\/marimaca.com\\\/wp-content\\\/uploads\\\/2020\\\/11\\\/Sustaintability.jpg\",\"datePublished\":\"2020-11-23T14:44:52+00:00\",\"dateModified\":\"2026-03-12T17:08:37+00:00\",\"inLanguage\":\"es\",\"potentialAction\":[{\"@type\":\"ReadAction\",\"target\":[\"https:\\\/\\\/marimaca.com\\\/es\\\/sostenibilidad\\\/\"]}]},{\"@type\":\"ImageObject\",\"inLanguage\":\"es\",\"@id\":\"https:\\\/\\\/marimaca.com\\\/es\\\/sostenibilidad\\\/#primaryimage\",\"url\":\"https:\\\/\\\/marimaca.com\\\/wp-content\\\/uploads\\\/2020\\\/11\\\/Sustaintability.jpg\",\"contentUrl\":\"https:\\\/\\\/marimaca.com\\\/wp-content\\\/uploads\\\/2020\\\/11\\\/Sustaintability.jpg\",\"width\":1920,\"height\":300},{\"@type\":\"WebSite\",\"@id\":\"https:\\\/\\\/marimaca.com\\\/es\\\/#website\",\"url\":\"https:\\\/\\\/marimaca.com\\\/es\\\/\",\"name\":\"Marimaca\",\"description\":\"The Marimaca Copper\",\"potentialAction\":[{\"@type\":\"SearchAction\",\"target\":{\"@type\":\"EntryPoint\",\"urlTemplate\":\"https:\\\/\\\/marimaca.com\\\/es\\\/?s={search_term_string}\"},\"query-input\":{\"@type\":\"PropertyValueSpecification\",\"valueRequired\":true,\"valueName\":\"search_term_string\"}}],\"inLanguage\":\"es\"}]}<\/script>\n<!-- \/ Yoast SEO plugin. -->","yoast_head_json":{"title":"Compromisos de Sostenibilidad - Marimaca","robots":{"index":"index","follow":"follow","max-snippet":"max-snippet:-1","max-image-preview":"max-image-preview:large","max-video-preview":"max-video-preview:-1"},"canonical":"https:\/\/marimaca.com\/es\/sostenibilidad\/","og_locale":"es_ES","og_type":"article","og_title":"Compromisos de Sostenibilidad - Marimaca","og_description":"Marimaca est\u00e1 comprometida con la creaci\u00f3n de valor a largo plazo para todos nuestros grupos de inter\u00e9s mediante la integraci\u00f3n de las mejores pr\u00e1cticas ESG en el desarrollo continuo de la Compa\u00f1\u00eda. Los compromisos de sostenibilidad de Marimaca pueden consultarse tanto en ingl\u00e9s como en espa\u00f1ol. Transparencia y Responsabilidad Una gobernanza corporativa transparente asegura que [&hellip;]","og_url":"https:\/\/marimaca.com\/es\/sostenibilidad\/","og_site_name":"Marimaca","article_modified_time":"2026-03-12T17:08:37+00:00","og_image":[{"width":1920,"height":300,"url":"https:\/\/marimaca.com\/wp-content\/uploads\/2020\/11\/Sustaintability.jpg","type":"image\/jpeg"}],"twitter_card":"summary_large_image","twitter_misc":{"Tiempo de lectura":"2 minutos"},"schema":{"@context":"https:\/\/schema.org","@graph":[{"@type":"WebPage","@id":"https:\/\/marimaca.com\/es\/sostenibilidad\/","url":"https:\/\/marimaca.com\/es\/sostenibilidad\/","name":"Compromisos de Sostenibilidad - Marimaca","isPartOf":{"@id":"https:\/\/marimaca.com\/es\/#website"},"primaryImageOfPage":{"@id":"https:\/\/marimaca.com\/es\/sostenibilidad\/#primaryimage"},"image":{"@id":"https:\/\/marimaca.com\/es\/sostenibilidad\/#primaryimage"},"thumbnailUrl":"https:\/\/marimaca.com\/wp-content\/uploads\/2020\/11\/Sustaintability.jpg","datePublished":"2020-11-23T14:44:52+00:00","dateModified":"2026-03-12T17:08:37+00:00","inLanguage":"es","potentialAction":[{"@type":"ReadAction","target":["https:\/\/marimaca.com\/es\/sostenibilidad\/"]}]},{"@type":"ImageObject","inLanguage":"es","@id":"https:\/\/marimaca.com\/es\/sostenibilidad\/#primaryimage","url":"https:\/\/marimaca.com\/wp-content\/uploads\/2020\/11\/Sustaintability.jpg","contentUrl":"https:\/\/marimaca.com\/wp-content\/uploads\/2020\/11\/Sustaintability.jpg","width":1920,"height":300},{"@type":"WebSite","@id":"https:\/\/marimaca.com\/es\/#website","url":"https:\/\/marimaca.com\/es\/","name":"Marimaca","description":"The Marimaca Copper","potentialAction":[{"@type":"SearchAction","target":{"@type":"EntryPoint","urlTemplate":"https:\/\/marimaca.com\/es\/?s={search_term_string}"},"query-input":{"@type":"PropertyValueSpecification","valueRequired":true,"valueName":"search_term_string"}}],"inLanguage":"es"}]}},"_links":{"self":[{"href":"https:\/\/marimaca.com\/es\/wp-json\/wp\/v2\/pages\/1789","targetHints":{"allow":["GET"]}}],"collection":[{"href":"https:\/\/marimaca.com\/es\/wp-json\/wp\/v2\/pages"}],"about":[{"href":"https:\/\/marimaca.com\/es\/wp-json\/wp\/v2\/types\/page"}],"author":[{"embeddable":true,"href":"https:\/\/marimaca.com\/es\/wp-json\/wp\/v2\/users\/6"}],"replies":[{"embeddable":true,"href":"https:\/\/marimaca.com\/es\/wp-json\/wp\/v2\/comments?post=1789"}],"version-history":[{"count":6,"href":"https:\/\/marimaca.com\/es\/wp-json\/wp\/v2\/pages\/1789\/revisions"}],"predecessor-version":[{"id":10533,"href":"https:\/\/marimaca.com\/es\/wp-json\/wp\/v2\/pages\/1789\/revisions\/10533"}],"wp:featuredmedia":[{"embeddable":true,"href":"https:\/\/marimaca.com\/es\/wp-json\/wp\/v2\/media\/431"}],"wp:attachment":[{"href":"https:\/\/marimaca.com\/es\/wp-json\/wp\/v2\/media?parent=1789"}],"curies":[{"name":"wp","href":"https:\/\/api.w.org\/{rel}","templated":true}]}}