{"id":1747,"date":"2020-11-23T09:01:01","date_gmt":"2020-11-23T14:01:01","guid":{"rendered":"http:\/\/marimaca.com\/?page_id=1747"},"modified":"2023-02-17T13:45:51","modified_gmt":"2023-02-17T18:45:51","slug":"el-proyecto-marimaca-copper","status":"publish","type":"page","link":"https:\/\/marimaca.com\/es\/el-proyecto-marimaca-copper\/","title":{"rendered":"El Proyecto Marimaca Copper"},"content":{"rendered":"<p><span style=\"font-weight: 400;\">El Proyecto de Cobre Marimaca, ubicado en el norte de Chile cerca de Antofagasta, es uno de los \u00fanicos descubrimientos importantes de cobre realizados a nivel mundial en los \u00faltimos 10 a\u00f1os, seg\u00fan S&amp;P Global Market Intelligence. Es un proyecto de bajo riesgo que tiene un potencial de exploraci\u00f3n sustancial.<\/span><\/p>\n<p><img loading=\"lazy\" decoding=\"async\" class=\"alignnone wp-image-596 w100\" src=\"https:\/\/marimaca.com\/wp-content\/uploads\/2022\/10\/1536x921.png\" alt=\"\" width=\"744\" height=\"446\" \/><\/p>\n<p><strong>Descubrimiento<\/strong><\/p>\n<p>El descubrimiento inicial fue en la Concesi\u00f3n Minera Marimaca, realizado por Sergio Rivera, Vicepresidente de Exploraci\u00f3n de Marimaca. Su corazonada de que esta zona ten\u00eda el potencial de ser un proyecto significativo fue confirmada s\u00f3lo unos meses m\u00e1s tarde cuando una lluvia de uno en cien a\u00f1os sac\u00f3 el polvo de Atacama para revelar el lado de la monta\u00f1a de color verde en Marimaca.<\/p>\n<p><img loading=\"lazy\" decoding=\"async\" class=\"alignnone wp-image-606\" src=\"https:\/\/marimaca.com\/wp-content\/uploads\/2020\/11\/2-1-300x180.jpg\" alt=\"\" width=\"351\" height=\"210\" srcset=\"https:\/\/marimaca.com\/wp-content\/uploads\/2020\/11\/2-1-300x180.jpg 300w, https:\/\/marimaca.com\/wp-content\/uploads\/2020\/11\/2-1-1024x614.jpg 1024w, https:\/\/marimaca.com\/wp-content\/uploads\/2020\/11\/2-1-768x460.jpg 768w, https:\/\/marimaca.com\/wp-content\/uploads\/2020\/11\/2-1-1536x921.jpg 1536w, https:\/\/marimaca.com\/wp-content\/uploads\/2020\/11\/2-1.jpg 1920w\" sizes=\"auto, (max-width: 351px) 100vw, 351px\" \/>\u00a0 \u00a0 \u00a0 \u00a0 \u00a0 \u00a0 \u00a0\u00a0 <img loading=\"lazy\" decoding=\"async\" class=\"alignnone wp-image-608\" src=\"https:\/\/marimaca.com\/wp-content\/uploads\/2020\/11\/3-1-300x180.jpg\" alt=\"\" width=\"353\" height=\"212\" srcset=\"https:\/\/marimaca.com\/wp-content\/uploads\/2020\/11\/3-1-300x180.jpg 300w, https:\/\/marimaca.com\/wp-content\/uploads\/2020\/11\/3-1-1024x614.jpg 1024w, https:\/\/marimaca.com\/wp-content\/uploads\/2020\/11\/3-1-768x460.jpg 768w, https:\/\/marimaca.com\/wp-content\/uploads\/2020\/11\/3-1-1536x921.jpg 1536w, https:\/\/marimaca.com\/wp-content\/uploads\/2020\/11\/3-1.jpg 1920w\" sizes=\"auto, (max-width: 353px) 100vw, 353px\" \/><\/p>\n<p>Para ver el Proyecto Marimaca Copper, preparamos esta <a href=\"https:\/\/marimaca.com\/es\/galeria\/\">selecci\u00f3n de fotos del proyecto.<\/a><\/p>\n","protected":false},"excerpt":{"rendered":"<p>El Proyecto de Cobre Marimaca, ubicado en el norte de Chile cerca de Antofagasta, es uno de los \u00fanicos descubrimientos importantes de cobre realizados a nivel mundial en los \u00faltimos 10 a\u00f1os, seg\u00fan S&amp;P Global Market Intelligence. Es un proyecto de bajo riesgo que tiene un potencial de exploraci\u00f3n sustancial. Descubrimiento El descubrimiento inicial fue [&hellip;]<\/p>\n","protected":false},"author":6,"featured_media":411,"parent":0,"menu_order":0,"comment_status":"closed","ping_status":"closed","template":"projects\/the-marimaca-copper-project.php","meta":{"_acf_changed":false,"inline_featured_image":false,"footnotes":""},"class_list":["post-1747","page","type-page","status-publish","has-post-thumbnail","hentry"],"acf":[],"yoast_head":"<!-- This site is optimized with the Yoast SEO plugin v27.4 - https:\/\/yoast.com\/product\/yoast-seo-wordpress\/ -->\n<title>El Proyecto Marimaca Copper - Marimaca<\/title>\n<meta name=\"description\" content=\"Ubicado en la regi\u00f3n chilena de Antofagasta, es el \u00fanico descubrimiento de cobre de los \u00faltimos cinco a\u00f1os.\" \/>\n<meta name=\"robots\" content=\"index, follow, max-snippet:-1, max-image-preview:large, max-video-preview:-1\" \/>\n<link rel=\"canonical\" href=\"https:\/\/marimaca.com\/es\/el-proyecto-marimaca-copper\/\" \/>\n<meta property=\"og:locale\" content=\"es_ES\" \/>\n<meta property=\"og:type\" content=\"article\" \/>\n<meta property=\"og:title\" content=\"Marimaca - El Proyecto Marimaca Copper\" \/>\n<meta property=\"og:description\" content=\"Ubicado en la regi\u00f3n chilena de Antofagasta, es el \u00fanico descubrimiento de cobre de los \u00faltimos cinco a\u00f1os.\" \/>\n<meta property=\"og:url\" content=\"https:\/\/marimaca.com\/es\/el-proyecto-marimaca-copper\/\" \/>\n<meta property=\"og:site_name\" content=\"Marimaca\" \/>\n<meta property=\"article:modified_time\" content=\"2023-02-17T18:45:51+00:00\" \/>\n<meta property=\"og:image\" content=\"https:\/\/marimaca.com\/wp-content\/uploads\/2020\/11\/MarimacaProject-2.jpg\" \/>\n\t<meta property=\"og:image:width\" content=\"1920\" \/>\n\t<meta property=\"og:image:height\" content=\"1151\" \/>\n\t<meta property=\"og:image:type\" content=\"image\/jpeg\" \/>\n<meta name=\"twitter:card\" content=\"summary_large_image\" \/>\n<meta name=\"twitter:title\" content=\"Marimaca - El Proyecto Marimaca Copper\" \/>\n<meta name=\"twitter:description\" content=\"Ubicado en la regi\u00f3n chilena de Antofagasta, es el \u00fanico descubrimiento de cobre de los \u00faltimos cinco a\u00f1os.\" \/>\n<meta name=\"twitter:image\" content=\"https:\/\/marimaca.com\/wp-content\/uploads\/2020\/11\/MarimacaProject-2.jpg\" \/>\n<meta name=\"twitter:label1\" content=\"Tiempo de lectura\" \/>\n\t<meta name=\"twitter:data1\" content=\"2 minutos\" \/>\n<script type=\"application\/ld+json\" class=\"yoast-schema-graph\">{\"@context\":\"https:\\\/\\\/schema.org\",\"@graph\":[{\"@type\":\"WebPage\",\"@id\":\"https:\\\/\\\/marimaca.com\\\/es\\\/el-proyecto-marimaca-copper\\\/\",\"url\":\"https:\\\/\\\/marimaca.com\\\/es\\\/el-proyecto-marimaca-copper\\\/\",\"name\":\"El Proyecto Marimaca Copper - Marimaca\",\"isPartOf\":{\"@id\":\"https:\\\/\\\/marimaca.com\\\/es\\\/#website\"},\"primaryImageOfPage\":{\"@id\":\"https:\\\/\\\/marimaca.com\\\/es\\\/el-proyecto-marimaca-copper\\\/#primaryimage\"},\"image\":{\"@id\":\"https:\\\/\\\/marimaca.com\\\/es\\\/el-proyecto-marimaca-copper\\\/#primaryimage\"},\"thumbnailUrl\":\"https:\\\/\\\/marimaca.com\\\/wp-content\\\/uploads\\\/2020\\\/11\\\/MarimacaProject.jpg\",\"datePublished\":\"2020-11-23T14:01:01+00:00\",\"dateModified\":\"2023-02-17T18:45:51+00:00\",\"description\":\"Ubicado en la regi\u00f3n chilena de Antofagasta, es el \u00fanico descubrimiento de cobre de los \u00faltimos cinco a\u00f1os.\",\"inLanguage\":\"es\",\"potentialAction\":[{\"@type\":\"ReadAction\",\"target\":[\"https:\\\/\\\/marimaca.com\\\/es\\\/el-proyecto-marimaca-copper\\\/\"]}]},{\"@type\":\"ImageObject\",\"inLanguage\":\"es\",\"@id\":\"https:\\\/\\\/marimaca.com\\\/es\\\/el-proyecto-marimaca-copper\\\/#primaryimage\",\"url\":\"https:\\\/\\\/marimaca.com\\\/wp-content\\\/uploads\\\/2020\\\/11\\\/MarimacaProject.jpg\",\"contentUrl\":\"https:\\\/\\\/marimaca.com\\\/wp-content\\\/uploads\\\/2020\\\/11\\\/MarimacaProject.jpg\",\"width\":1920,\"height\":400},{\"@type\":\"WebSite\",\"@id\":\"https:\\\/\\\/marimaca.com\\\/es\\\/#website\",\"url\":\"https:\\\/\\\/marimaca.com\\\/es\\\/\",\"name\":\"Marimaca\",\"description\":\"The Marimaca Copper\",\"potentialAction\":[{\"@type\":\"SearchAction\",\"target\":{\"@type\":\"EntryPoint\",\"urlTemplate\":\"https:\\\/\\\/marimaca.com\\\/es\\\/?s={search_term_string}\"},\"query-input\":{\"@type\":\"PropertyValueSpecification\",\"valueRequired\":true,\"valueName\":\"search_term_string\"}}],\"inLanguage\":\"es\"}]}<\/script>\n<!-- \/ Yoast SEO plugin. -->","yoast_head_json":{"title":"El Proyecto Marimaca Copper - Marimaca","description":"Ubicado en la regi\u00f3n chilena de Antofagasta, es el \u00fanico descubrimiento de cobre de los \u00faltimos cinco a\u00f1os.","robots":{"index":"index","follow":"follow","max-snippet":"max-snippet:-1","max-image-preview":"max-image-preview:large","max-video-preview":"max-video-preview:-1"},"canonical":"https:\/\/marimaca.com\/es\/el-proyecto-marimaca-copper\/","og_locale":"es_ES","og_type":"article","og_title":"Marimaca - El Proyecto Marimaca Copper","og_description":"Ubicado en la regi\u00f3n chilena de Antofagasta, es el \u00fanico descubrimiento de cobre de los \u00faltimos cinco a\u00f1os.","og_url":"https:\/\/marimaca.com\/es\/el-proyecto-marimaca-copper\/","og_site_name":"Marimaca","article_modified_time":"2023-02-17T18:45:51+00:00","og_image":[{"width":1920,"height":1151,"url":"https:\/\/marimaca.com\/wp-content\/uploads\/2020\/11\/MarimacaProject-2.jpg","type":"image\/jpeg"}],"twitter_card":"summary_large_image","twitter_title":"Marimaca - El Proyecto Marimaca Copper","twitter_description":"Ubicado en la regi\u00f3n chilena de Antofagasta, es el \u00fanico descubrimiento de cobre de los \u00faltimos cinco a\u00f1os.","twitter_image":"https:\/\/marimaca.com\/wp-content\/uploads\/2020\/11\/MarimacaProject-2.jpg","twitter_misc":{"Tiempo de lectura":"2 minutos"},"schema":{"@context":"https:\/\/schema.org","@graph":[{"@type":"WebPage","@id":"https:\/\/marimaca.com\/es\/el-proyecto-marimaca-copper\/","url":"https:\/\/marimaca.com\/es\/el-proyecto-marimaca-copper\/","name":"El Proyecto Marimaca Copper - Marimaca","isPartOf":{"@id":"https:\/\/marimaca.com\/es\/#website"},"primaryImageOfPage":{"@id":"https:\/\/marimaca.com\/es\/el-proyecto-marimaca-copper\/#primaryimage"},"image":{"@id":"https:\/\/marimaca.com\/es\/el-proyecto-marimaca-copper\/#primaryimage"},"thumbnailUrl":"https:\/\/marimaca.com\/wp-content\/uploads\/2020\/11\/MarimacaProject.jpg","datePublished":"2020-11-23T14:01:01+00:00","dateModified":"2023-02-17T18:45:51+00:00","description":"Ubicado en la regi\u00f3n chilena de Antofagasta, es el \u00fanico descubrimiento de cobre de los \u00faltimos cinco a\u00f1os.","inLanguage":"es","potentialAction":[{"@type":"ReadAction","target":["https:\/\/marimaca.com\/es\/el-proyecto-marimaca-copper\/"]}]},{"@type":"ImageObject","inLanguage":"es","@id":"https:\/\/marimaca.com\/es\/el-proyecto-marimaca-copper\/#primaryimage","url":"https:\/\/marimaca.com\/wp-content\/uploads\/2020\/11\/MarimacaProject.jpg","contentUrl":"https:\/\/marimaca.com\/wp-content\/uploads\/2020\/11\/MarimacaProject.jpg","width":1920,"height":400},{"@type":"WebSite","@id":"https:\/\/marimaca.com\/es\/#website","url":"https:\/\/marimaca.com\/es\/","name":"Marimaca","description":"The Marimaca Copper","potentialAction":[{"@type":"SearchAction","target":{"@type":"EntryPoint","urlTemplate":"https:\/\/marimaca.com\/es\/?s={search_term_string}"},"query-input":{"@type":"PropertyValueSpecification","valueRequired":true,"valueName":"search_term_string"}}],"inLanguage":"es"}]}},"_links":{"self":[{"href":"https:\/\/marimaca.com\/es\/wp-json\/wp\/v2\/pages\/1747","targetHints":{"allow":["GET"]}}],"collection":[{"href":"https:\/\/marimaca.com\/es\/wp-json\/wp\/v2\/pages"}],"about":[{"href":"https:\/\/marimaca.com\/es\/wp-json\/wp\/v2\/types\/page"}],"author":[{"embeddable":true,"href":"https:\/\/marimaca.com\/es\/wp-json\/wp\/v2\/users\/6"}],"replies":[{"embeddable":true,"href":"https:\/\/marimaca.com\/es\/wp-json\/wp\/v2\/comments?post=1747"}],"version-history":[{"count":6,"href":"https:\/\/marimaca.com\/es\/wp-json\/wp\/v2\/pages\/1747\/revisions"}],"predecessor-version":[{"id":7531,"href":"https:\/\/marimaca.com\/es\/wp-json\/wp\/v2\/pages\/1747\/revisions\/7531"}],"wp:featuredmedia":[{"embeddable":true,"href":"https:\/\/marimaca.com\/es\/wp-json\/wp\/v2\/media\/411"}],"wp:attachment":[{"href":"https:\/\/marimaca.com\/es\/wp-json\/wp\/v2\/media?parent=1747"}],"curies":[{"name":"wp","href":"https:\/\/api.w.org\/{rel}","templated":true}]}}