{"id":10528,"date":"2026-03-12T12:47:02","date_gmt":"2026-03-12T16:47:02","guid":{"rendered":"https:\/\/marimaca.com\/?page_id=10528"},"modified":"2026-03-12T12:47:02","modified_gmt":"2026-03-12T16:47:02","slug":"preguntas-frecuentes","status":"publish","type":"page","link":"https:\/\/marimaca.com\/es\/preguntas-frecuentes\/","title":{"rendered":"Preguntas Frecuentes"},"content":{"rendered":"<h2>Conversi\u00f3n de acciones en CHESS Depositary Interests (\u201cCDIs\u201d) cotizadas en la Bolsa de Valores de Australia (\u201cASX\u201d)<\/h2>\n<p>El proceso de conversi\u00f3n, en una proporci\u00f3n de 1:1, de las acciones ordinarias de Marimaca Copper Corp. (\u201cAcciones\u201d) en CHESS Depositary Interests (\u201cCDIs\u201d) (y viceversa) puede completarse, cuando se proporciona una instrucci\u00f3n v\u00e1lida, dentro de las 24 horas (seg\u00fan la zona horaria). El proceso de conversi\u00f3n transfronteriza se detalla a continuaci\u00f3n. No se cobrar\u00e1 tarifa de emisi\u00f3n o cancelaci\u00f3n a los titulares de CDIs, aunque los participantes del mercado podr\u00edan estar sujetos a tarifas.<\/p>\n<p>Si un accionista desea convertir sus Acciones en CDIs, puede hacerlo de la siguiente manera:<\/p>\n<ol>\n<li>Los participantes de CDS deber\u00e1n iniciar un retiro de acciones de CDS por el n\u00famero de Acciones a convertir en CDIs.<br \/>\nAl mismo tiempo, el participante de CDS completa y env\u00eda una instrucci\u00f3n CA\/AU xSettle (<a href=\"https:\/\/cda.computershare.com\/Content\/764f7536-2b69-4f97-a4c7-2201dbe5f0b8\">o un formulario en papel de solicitud de emisi\u00f3n de CDIs<\/a>) al Equipo de Transacciones Globales de Computershare en Canad\u00e1 (GT Canad\u00e1), asociando esta instrucci\u00f3n con el retiro de las Acciones.OR<\/li>\n<li>Si las Acciones est\u00e1n registradas directamente a nombre del titular en el registro canadiense, ya sea:<br \/>\na) en formato electr\u00f3nico dentro del Direct Registration System (DRS), o<br \/>\nb) en formato certificado, entonces el accionista deber\u00e1 enviar un formulario de solicitud de emisi\u00f3n de CDI completado a GT Canad\u00e1, acompa\u00f1ado de los certificados de acciones correspondientes, a la siguiente direcci\u00f3n:Computershare Investor Services Inc<br \/>\nAttn Global Transaction Team<br \/>\n100 University Ave, 8th Floor<br \/>\nToronto Ontario, M5J 2Y1 Canada<\/li>\n<\/ol>\n<p>En ambos casos, una vez que GT Canad\u00e1 valide la instrucci\u00f3n y la asocie con las Acciones, trabajar\u00e1 con sus contrapartes australianas para emitir los CDIs en Australia de acuerdo con la solicitud enviada.<br \/>\nTel\u00e9fono: +1 866 277 2086<br \/>\nCorreo electr\u00f3nico: <a href=\"mailto:gtuau@computershare.com.au\">gtuau@computershare.com.au<\/a><\/p>\n<h2>Conversi\u00f3n de algunos o todos mis CDIs en acciones ordinarias en la Bolsa de Toronto (\u201cTSX\u201d)<\/h2>\n<p>Si un titular de CDIs desea convertir sus CDIs en Acciones, puede hacerlo de la siguiente manera:<\/p>\n<ol>\n<li>Para titulares de CDIs en el subregistro patrocinado por el emisor:<br \/>\nCompletar un formulario de cancelaci\u00f3n de CDI.<br \/>\nAdjuntar documentaci\u00f3n de identificaci\u00f3n certificada del titular.<br \/>\nEnviar el formulario y la documentaci\u00f3n al Equipo de Transacciones Globales de Computershare en Australia (GT Australia).<br \/>\nNota: los n\u00fameros de los titulares en este subregistro comienzan con \u201cI\u201d y se conocen como Securityholder Reference Numbers (SRN).<br \/>\nEs importante que el titular complete el formulario en su totalidad y siguiendo las instrucciones, especialmente si las Acciones se depositar\u00e1n en una cuenta mantenida con un participante de CDS (el dep\u00f3sito central canadiense, equivalente a CHESS en Australia). El corredor australiano o canadiense del titular puede ayudar a proporcionar la informaci\u00f3n, incluido el n\u00famero de referencia de dep\u00f3sito CDS.Computershare Limited \u2013 Global Transactions Team<br \/>\nPO Box 103 Abbotsford<br \/>\nVictoria 3067 Australia<br \/>\nCorreo electr\u00f3nico: <a href=\"mailto:au.globaltransactions@computershare.com\">au.globaltransactions@computershare.com<\/a><\/p>\n<p>OR<\/li>\n<li>Contactar a su participante CHESS australiano patrocinador para solicitar la conversi\u00f3n de sus CDIs en Acciones emitidas en Canad\u00e1.Esto aplica a los titulares que tengan CDIs en el subregistro CHESS.<br \/>\nLos n\u00fameros de titular CHESS comienzan con \u201cX\u201d y se conocen como Holder Identification Numbers (HIN).<br \/>\nEl participante CHESS debe mover los CDIs al subregistro patrocinado por el emisor antes de que se procese la cancelaci\u00f3n.<\/li>\n<\/ol>\n<p>Los participantes del mercado enviar\u00e1n sus instrucciones AU\/US a trav\u00e9s del portal seguro xSettle de Computershare.<\/p>\n<p>En ambos casos, una vez que GT Australia valide la solicitud y la asocie con los CDIs, GT Australia cancelar\u00e1 los CDIs y coordinar\u00e1 con sus contrapartes canadienses para emitir las Acciones en el registro canadiense de acuerdo con la solicitud enviada.<\/p>\n<p>Preguntas sobre el proceso de cancelaci\u00f3n de CDIs (para mover valores de Australia a Canad\u00e1):<br \/>\nTel\u00e9fono gratuito en Australia: <a href=\"tel:1300 850 505\">1300 850 505<\/a><br \/>\nInternacional: <a href=\"tel:+61 3 9415 4000\">+61 3 9415 4000<\/a><\/p>\n","protected":false},"excerpt":{"rendered":"<p>Conversi\u00f3n de acciones en CHESS Depositary Interests (\u201cCDIs\u201d) cotizadas en la Bolsa de Valores de Australia (\u201cASX\u201d) El proceso de conversi\u00f3n, en una proporci\u00f3n de 1:1, de las acciones ordinarias de Marimaca Copper Corp. (\u201cAcciones\u201d) en CHESS Depositary Interests (\u201cCDIs\u201d) (y viceversa) puede completarse, cuando se proporciona una instrucci\u00f3n v\u00e1lida, dentro de las 24 horas [&hellip;]<\/p>\n","protected":false},"author":14,"featured_media":7080,"parent":0,"menu_order":0,"comment_status":"closed","ping_status":"closed","template":"projects\/marimaca-faqs-overview.php","meta":{"_acf_changed":false,"inline_featured_image":false,"footnotes":""},"class_list":["post-10528","page","type-page","status-publish","has-post-thumbnail","hentry"],"acf":[],"yoast_head":"<!-- This site is optimized with the Yoast SEO plugin v27.4 - https:\/\/yoast.com\/product\/yoast-seo-wordpress\/ -->\n<title>Preguntas Frecuentes - Marimaca<\/title>\n<meta name=\"robots\" content=\"index, follow, max-snippet:-1, max-image-preview:large, max-video-preview:-1\" \/>\n<link rel=\"canonical\" href=\"https:\/\/marimaca.com\/es\/preguntas-frecuentes\/\" \/>\n<meta property=\"og:locale\" content=\"es_ES\" \/>\n<meta property=\"og:type\" content=\"article\" \/>\n<meta property=\"og:title\" content=\"Preguntas Frecuentes - Marimaca\" \/>\n<meta property=\"og:description\" content=\"Conversi\u00f3n de acciones en CHESS Depositary Interests (\u201cCDIs\u201d) cotizadas en la Bolsa de Valores de Australia (\u201cASX\u201d) El proceso de conversi\u00f3n, en una proporci\u00f3n de 1:1, de las acciones ordinarias de Marimaca Copper Corp. (\u201cAcciones\u201d) en CHESS Depositary Interests (\u201cCDIs\u201d) (y viceversa) puede completarse, cuando se proporciona una instrucci\u00f3n v\u00e1lida, dentro de las 24 horas [&hellip;]\" \/>\n<meta property=\"og:url\" content=\"https:\/\/marimaca.com\/es\/preguntas-frecuentes\/\" \/>\n<meta property=\"og:site_name\" content=\"Marimaca\" \/>\n<meta property=\"og:image\" content=\"https:\/\/marimaca.com\/wp-content\/uploads\/2022\/10\/1000x240.png\" \/>\n\t<meta property=\"og:image:width\" content=\"1000\" \/>\n\t<meta property=\"og:image:height\" content=\"240\" \/>\n\t<meta property=\"og:image:type\" content=\"image\/png\" \/>\n<meta name=\"twitter:card\" content=\"summary_large_image\" \/>\n<meta name=\"twitter:label1\" content=\"Tiempo de lectura\" \/>\n\t<meta name=\"twitter:data1\" content=\"3 minutos\" \/>\n<script type=\"application\/ld+json\" class=\"yoast-schema-graph\">{\"@context\":\"https:\\\/\\\/schema.org\",\"@graph\":[{\"@type\":\"WebPage\",\"@id\":\"https:\\\/\\\/marimaca.com\\\/es\\\/preguntas-frecuentes\\\/\",\"url\":\"https:\\\/\\\/marimaca.com\\\/es\\\/preguntas-frecuentes\\\/\",\"name\":\"Preguntas Frecuentes - Marimaca\",\"isPartOf\":{\"@id\":\"https:\\\/\\\/marimaca.com\\\/es\\\/#website\"},\"primaryImageOfPage\":{\"@id\":\"https:\\\/\\\/marimaca.com\\\/es\\\/preguntas-frecuentes\\\/#primaryimage\"},\"image\":{\"@id\":\"https:\\\/\\\/marimaca.com\\\/es\\\/preguntas-frecuentes\\\/#primaryimage\"},\"thumbnailUrl\":\"https:\\\/\\\/marimaca.com\\\/wp-content\\\/uploads\\\/2022\\\/10\\\/1000x240.png\",\"datePublished\":\"2026-03-12T16:47:02+00:00\",\"inLanguage\":\"es\",\"potentialAction\":[{\"@type\":\"ReadAction\",\"target\":[\"https:\\\/\\\/marimaca.com\\\/es\\\/preguntas-frecuentes\\\/\"]}]},{\"@type\":\"ImageObject\",\"inLanguage\":\"es\",\"@id\":\"https:\\\/\\\/marimaca.com\\\/es\\\/preguntas-frecuentes\\\/#primaryimage\",\"url\":\"https:\\\/\\\/marimaca.com\\\/wp-content\\\/uploads\\\/2022\\\/10\\\/1000x240.png\",\"contentUrl\":\"https:\\\/\\\/marimaca.com\\\/wp-content\\\/uploads\\\/2022\\\/10\\\/1000x240.png\",\"width\":1000,\"height\":240},{\"@type\":\"WebSite\",\"@id\":\"https:\\\/\\\/marimaca.com\\\/es\\\/#website\",\"url\":\"https:\\\/\\\/marimaca.com\\\/es\\\/\",\"name\":\"Marimaca\",\"description\":\"The Marimaca Copper\",\"potentialAction\":[{\"@type\":\"SearchAction\",\"target\":{\"@type\":\"EntryPoint\",\"urlTemplate\":\"https:\\\/\\\/marimaca.com\\\/es\\\/?s={search_term_string}\"},\"query-input\":{\"@type\":\"PropertyValueSpecification\",\"valueRequired\":true,\"valueName\":\"search_term_string\"}}],\"inLanguage\":\"es\"}]}<\/script>\n<!-- \/ Yoast SEO plugin. -->","yoast_head_json":{"title":"Preguntas Frecuentes - Marimaca","robots":{"index":"index","follow":"follow","max-snippet":"max-snippet:-1","max-image-preview":"max-image-preview:large","max-video-preview":"max-video-preview:-1"},"canonical":"https:\/\/marimaca.com\/es\/preguntas-frecuentes\/","og_locale":"es_ES","og_type":"article","og_title":"Preguntas Frecuentes - Marimaca","og_description":"Conversi\u00f3n de acciones en CHESS Depositary Interests (\u201cCDIs\u201d) cotizadas en la Bolsa de Valores de Australia (\u201cASX\u201d) El proceso de conversi\u00f3n, en una proporci\u00f3n de 1:1, de las acciones ordinarias de Marimaca Copper Corp. (\u201cAcciones\u201d) en CHESS Depositary Interests (\u201cCDIs\u201d) (y viceversa) puede completarse, cuando se proporciona una instrucci\u00f3n v\u00e1lida, dentro de las 24 horas [&hellip;]","og_url":"https:\/\/marimaca.com\/es\/preguntas-frecuentes\/","og_site_name":"Marimaca","og_image":[{"width":1000,"height":240,"url":"https:\/\/marimaca.com\/wp-content\/uploads\/2022\/10\/1000x240.png","type":"image\/png"}],"twitter_card":"summary_large_image","twitter_misc":{"Tiempo de lectura":"3 minutos"},"schema":{"@context":"https:\/\/schema.org","@graph":[{"@type":"WebPage","@id":"https:\/\/marimaca.com\/es\/preguntas-frecuentes\/","url":"https:\/\/marimaca.com\/es\/preguntas-frecuentes\/","name":"Preguntas Frecuentes - Marimaca","isPartOf":{"@id":"https:\/\/marimaca.com\/es\/#website"},"primaryImageOfPage":{"@id":"https:\/\/marimaca.com\/es\/preguntas-frecuentes\/#primaryimage"},"image":{"@id":"https:\/\/marimaca.com\/es\/preguntas-frecuentes\/#primaryimage"},"thumbnailUrl":"https:\/\/marimaca.com\/wp-content\/uploads\/2022\/10\/1000x240.png","datePublished":"2026-03-12T16:47:02+00:00","inLanguage":"es","potentialAction":[{"@type":"ReadAction","target":["https:\/\/marimaca.com\/es\/preguntas-frecuentes\/"]}]},{"@type":"ImageObject","inLanguage":"es","@id":"https:\/\/marimaca.com\/es\/preguntas-frecuentes\/#primaryimage","url":"https:\/\/marimaca.com\/wp-content\/uploads\/2022\/10\/1000x240.png","contentUrl":"https:\/\/marimaca.com\/wp-content\/uploads\/2022\/10\/1000x240.png","width":1000,"height":240},{"@type":"WebSite","@id":"https:\/\/marimaca.com\/es\/#website","url":"https:\/\/marimaca.com\/es\/","name":"Marimaca","description":"The Marimaca Copper","potentialAction":[{"@type":"SearchAction","target":{"@type":"EntryPoint","urlTemplate":"https:\/\/marimaca.com\/es\/?s={search_term_string}"},"query-input":{"@type":"PropertyValueSpecification","valueRequired":true,"valueName":"search_term_string"}}],"inLanguage":"es"}]}},"_links":{"self":[{"href":"https:\/\/marimaca.com\/es\/wp-json\/wp\/v2\/pages\/10528","targetHints":{"allow":["GET"]}}],"collection":[{"href":"https:\/\/marimaca.com\/es\/wp-json\/wp\/v2\/pages"}],"about":[{"href":"https:\/\/marimaca.com\/es\/wp-json\/wp\/v2\/types\/page"}],"author":[{"embeddable":true,"href":"https:\/\/marimaca.com\/es\/wp-json\/wp\/v2\/users\/14"}],"replies":[{"embeddable":true,"href":"https:\/\/marimaca.com\/es\/wp-json\/wp\/v2\/comments?post=10528"}],"version-history":[{"count":1,"href":"https:\/\/marimaca.com\/es\/wp-json\/wp\/v2\/pages\/10528\/revisions"}],"predecessor-version":[{"id":10529,"href":"https:\/\/marimaca.com\/es\/wp-json\/wp\/v2\/pages\/10528\/revisions\/10529"}],"wp:featuredmedia":[{"embeddable":true,"href":"https:\/\/marimaca.com\/es\/wp-json\/wp\/v2\/media\/7080"}],"wp:attachment":[{"href":"https:\/\/marimaca.com\/es\/wp-json\/wp\/v2\/media?parent=10528"}],"curies":[{"name":"wp","href":"https:\/\/api.w.org\/{rel}","templated":true}]}}