{"id":10481,"date":"2026-03-12T07:55:09","date_gmt":"2026-03-12T11:55:09","guid":{"rendered":"https:\/\/marimaca.com\/?page_id=10481"},"modified":"2026-03-12T10:09:01","modified_gmt":"2026-03-12T14:09:01","slug":"resumen-de-pampa-medina","status":"publish","type":"page","link":"https:\/\/marimaca.com\/es\/resumen-de-pampa-medina\/","title":{"rendered":"Resumen de Pampa Medina"},"content":{"rendered":"<div class=\"body-plantilla-marimaca\">\n<p><!--\n\n\n<div class=\"pm box-1\">\n\n\n<div class=\"pm box-1 cont\"><\/div>\n\n\n<\/div>\n\n\n\n\n<div class=\"pm box-1\">\n\n\n<div class=\"pm box-1 cont\"><\/div>\n\n\n\n\n<div class=\"pm box-1 cont\"><\/div>\n\n\n\n\n<div class=\"pm box-1 cont\"><\/div>\n\n\n<\/div>\n\n\n--><\/p>\n<div class=\"pm box-1 bt-line\">\n<div class=\"pm box-1 cont\">\n<h2 class=\"pm--titulo\">Resumen<\/h2>\n<p>El proyecto Pampa Medina es un proyecto de exploraci\u00f3n y desarrollo adquirido por Marimaca Copper en octubre de 2024.<\/p>\n<p>Pampa Medina se encuentra aproximadamente a 28 km del proyecto insignia de Marimaca, el Dep\u00f3sito de \u00d3xidos Marimaca (MOD), y est\u00e1 ubicado en la parte sur del paquete de propiedades Sierra de Medina de la compa\u00f1\u00eda, que abarca 14.500 ha, sin propiedad privada de tierras. Las concesiones tambi\u00e9n incluyen las concesiones Madrugador, que albergan un dep\u00f3sito de \u00f3xidos de cobre con una estimaci\u00f3n hist\u00f3rica de recursos no conforme con el instrumento National Instrument 43-101.<\/p>\n<p>En noviembre de 2025, Marimaca complet\u00f3 un programa de perforaci\u00f3n de descubrimiento de 10.000 m, enfocado en perforaciones de expansi\u00f3n amplias desde la mineralizaci\u00f3n conocida existente, el cual ha entregado resultados excepcionales hasta la fecha.<\/p>\n<p>Cabe destacar que las primeras perforaciones han revelado un sistema de sulfuros de cobre de alta ley alojado en sedimentos en profundidad, que est\u00e1 emergiendo como un nuevo e importante impulsor de valor potencial dentro del distrito m\u00e1s amplio de Marimaca.<\/p>\n<p>Estos resultados demuestran un s\u00f3lido potencial de exploraci\u00f3n a escala distrital, con posibilidades tanto para \u00f3xidos como para sulfuros de cobre. Actualmente se est\u00e1 llevando a cabo un programa de perforaci\u00f3n de Fase II de 30.000 m, que representa el primer programa a escala distrital dise\u00f1ado para mapear completamente la extensi\u00f3n de esta oportunidad de nivel Tier 1.<\/p>\n<\/div>\n<div class=\"pm box-1 cont bck-img overview\" style=\"background-image: url('https:\/\/marimaca.com\/wp-content\/uploads\/2025\/12\/pampa-medina-img-11-3.jpg');\"><\/div>\n<\/div>\n<div class=\"pm box-1 bt-line\">\n<div class=\"pm box-1 cont\">\n<h2 class=\"pm--titulo\">A primera vista<\/h2>\n<p><img loading=\"lazy\" decoding=\"async\" class=\"alignnone wp-image-10069 size-full\" src=\"https:\/\/marimaca.com\/wp-content\/uploads\/2026\/03\/M-img-3.jpg\" alt=\"\" width=\"1920\" height=\"478\" \/><\/p>\n<\/div>\n<\/div>\n<div class=\"pm-cont-box\">\n<div class=\"pm--button\"><\/div>\n<\/div>\n<\/div>\n<div class=\"pm box-1 bt-line\">\n<div class=\"pm box-1 cont bck-img esp image-height\" style=\"background-image: url('https:\/\/marimaca.com\/wp-content\/uploads\/2026\/03\/m-4.jpg');\"><\/div>\n<div class=\"pm box-1 cont\">\n<h2 class=\"pm--titulo\">Sinergias Regionales y Potencial de Exploraci\u00f3n<\/h2>\n<p>Pampa Medina se encuentra cerca del planificado Dep\u00f3sito de \u00d3xidos Marimaca (MOD), as\u00ed como de otras infraestructuras regionales existentes.<\/p>\n<p>Descubrimiento de Sulfuros y Perforaci\u00f3n<\/p>\n<p>Marimaca complet\u00f3 recientemente un programa de perforaci\u00f3n de 10.000\u202fm para evaluar la extensi\u00f3n en profundidad y lateral del potencial de \u00f3xidos y sulfuros en Pampa Medina.<\/p>\n<p>Bajo el liderazgo del reconocido ge\u00f3logo chileno Sergio Rivera, Vicepresidente de Exploraci\u00f3n, los resultados iniciales han sido muy prometedores. En julio de 2025, Marimaca report\u00f3 resultados excepcionales, confirmando la primera intersecci\u00f3n de mineralizaci\u00f3n de sulfuros de cobre de alta ley (&gt;5\u202f% CuT con 15\u202fm de espesor verdadero) en profundidad.<br \/>\nEl horizonte de mineralizaci\u00f3n de \u00f3xidos cercano a la superficie contin\u00faa expandi\u00e9ndose en un \u00e1rea de 1,6\u202fkm por 1,4\u202fkm, y el dep\u00f3sito permanece abierto en todas las direcciones.<br \/>\nEstos resultados representan un avance importante para el proyecto, destacando tanto su potencial de \u00f3xidos cercano a la superficie como una nueva zona emergente de mineralizaci\u00f3n de bornita y calcopirita de muy alta ley en profundidad. Esto constituye el primer descubrimiento conocido en Chile de mineralizaci\u00f3n de \u00f3xidos y sulfuros de esta escala dentro de un mismo sistema sedimentario continuo de cobre.<\/p>\n<p>Aspectos destacados de la campa\u00f1a de perforaci\u00f3n en curso<\/p>\n<div class=\"box-4\">\n<p>\u2022 Pozo SMRD-13: intersecci\u00f3n excepcional de 6\u202fm @ 12,0\u202f% CuT dentro de 26\u202fm @ 4,1\u202f% CuT, dominada por bornita.<br \/>\n\u2022Pozo SMRD-12: 56\u202fm @ 1,4\u202f% CuT, extendiendo el horizonte sedimentario 300\u202fm hacia el oeste.<br \/>\n\u2022Pozo SMD-02: 40\u202fm @ 2,1\u202f% CuT, confirmando la fuerte continuidad de la mineralizaci\u00f3n y ampliando el sistema hacia el este.<br \/>\n\u2022Pozo SMRD-20:<br \/>\n\u202238\u202fm @ 1,48\u202f% Cu desde 540\u202fm (sulfuros)<br \/>\n\u2022dentro de 90\u202fm @ 0,96\u202f% Cu desde 488\u202fm<br \/>\n\u2022dentro de una intersecci\u00f3n mayor de 198\u202fm @ 0,65\u202f% Cu (\u00f3xidos\/sulfuros mezclados), ampliando el sistema 300\u202fm al norte.<br \/>\n\u2022Zonas gruesas (&gt;15\u202fm de espesor verdadero) y de ultra alta ley (&gt;5\u202f% CuT) identificadas a m\u00e1s de 1,4\u202fkm de distancia dentro del mismo horizonte litol\u00f3gico.<br \/>\n\u2022Pozo SMRD-22: 48\u202fm @ 2,05\u202f% Cu desde 186\u202fm, dentro de 160\u202fm @ 0,92\u202f% Cu desde 102\u202fm (\u00f3xidos).<\/p>\n<\/div>\n<p>Los pozos de expansi\u00f3n m\u00e1s recientes de 300\u202fm, SMRD-16 y SMRD-20, han extendido significativamente el manto de alta ley hacia el oeste y norte, aumentando la estratigraf\u00eda mineralizada definida en un \u00e1rea de 1,6\u202fkm por 1,4\u202fkm.<br \/>\nSe interceptaron areniscas d\u00e9bilmente mineralizadas desde 116\u202fm, mientras que la mineralizaci\u00f3n principal sedimentaria de sulfuros de alta ley comienza aproximadamente a 438\u202fm de profundidad.<br \/>\nEl pozo SMRD-15 se planific\u00f3 para confirmar el basamento levantado hacia el sector oriental del objetivo principal de Pampa Medina. Se intercept\u00f3 mineralizaci\u00f3n de \u00f3xidos desde 122\u202fm hasta 204\u202fm de profundidad.<br \/>\nLa exploraci\u00f3n futura se centrar\u00e1 en las regiones occidental y norte del objetivo principal, que permanecen abiertas. La mineralizaci\u00f3n sedimentaria de alta ley contin\u00faa apareciendo en estos pozos de expansi\u00f3n, con la extensi\u00f3n del manto grueso y de alta ley abierta en todas las direcciones, siendo las extensiones occidentales las m\u00e1s prometedoras.<\/p>\n<p>Actualmente se encuentra en marcha el programa de perforaci\u00f3n de Fase II de 30.000\u202fm, enfocado en perforaciones de expansi\u00f3n hacia las regiones norte y oeste.<\/p>\n<\/div>\n<\/div>\n<p><!--Geological Overview--><\/p>\n<div class=\"pm box-1 bt-line bck-esp\" style=\"background-image: url(https:\/\/marimaca.com\/wp-content\/uploads\/2025\/12\/pampa-medina-img-12.jpg;\">\n<div class=\"pm box-1 cont box-esp\">\n<h2 class=\"pm--titulo\">Resumen Geol\u00f3gico<\/h2>\n<p>Pampa Medina se ubica en un amplio valle plano tipo pampa dentro del Desierto de Atacama, Chile. Es un dep\u00f3sito de cobre estratiforme o tipo manto, alojado principalmente en unidades sedimentarias del Jur\u00e1sico-Tri\u00e1sico (areniscas, conglomerados, tobas y lutitas negras), cubiertas por volcanitas andes\u00edticas y subyacentes a un complejo del Paleozoico Superior compuesto por sedimentos metamorfizados, volcanitas e intrusiones. Est\u00e1 intruido por un enjambre de diques y afectado por fallas normales post-mineralizaci\u00f3n. El cobre fue inicialmente identificado en la mineralizaci\u00f3n de \u00f3xidos cercana a la superficie, dominada por atacamita, crisocola y calcocita secundaria y primaria, y ahora se ha identificado en zonas de alta ley de calcopirita y bornita, las cuales se extienden lateralmente y hacia profundidad m\u00e1s all\u00e1 de la transici\u00f3n \u00f3xido-primario. Tras la consolidaci\u00f3n del \u00e1rea del proyecto y los paquetes de tierras circundantes por Marimaca en 2024, la compa\u00f1\u00eda reinterpret\u00f3 toda la informaci\u00f3n geol\u00f3gica disponible (por primera vez como un conjunto) y desarroll\u00f3 un modelo geol\u00f3gico actualizado para Pampa Medina, identificando las unidades sedimentarias inferiores de areniscas, lutitas y conglomerados intercalados como los horizontes productivos para futuras perforaciones. La mineralizaci\u00f3n de cobre en \u00f3xidos fue re-registrada utilizando perforaciones hist\u00f3ricas en bloques elevados cercanos a la superficie, mientras que el modelo de continuidad en la secuencia litol\u00f3gica intacta de bloques m\u00e1s profundos para mineralizaci\u00f3n primaria ser\u00e1 probado por la campa\u00f1a de perforaci\u00f3n de 2025 de Marimaca.<\/p>\n<\/div>\n<\/div>\n<p><!--Geology--><\/p>\n<div class=\"pm box-1 bt-line bck-esp \" style=\"background-image: url(https:\/\/marimaca.com\/wp-content\/uploads\/2025\/12\/pampa-medina-img-13.jpg;\">\n<div class=\"pm box-1 cont box-esp mg-left\">\n<h2 class=\"pm--titulo\">Potencial de \u00d3xidosl<\/h2>\n<p>El proyecto de \u00f3xidos de Pampa Medina ha sido definido por cinco zonas principales dentro de las concesiones Sierra de Medina: Pampa Medina Main, Pampa West y Madrugador. El re-registrado y reinterpretado de la perforaci\u00f3n hist\u00f3rica (41.000\u202fm en Pampa Medina y 36.373\u202fm en Madrugador) indica la continuidad del sistema manto a lo largo del distrito de 4\u202fkm x 5\u202fkm. El dep\u00f3sito Madrugador, que aloja mineralizaci\u00f3n de \u00f3xidos en volcanitas expuestas en superficie, ofrece una oportunidad de bajo strip ratio, complementando el manto de \u00f3xidos de alta ley en Pampa Medina.<\/p>\n<p><img loading=\"lazy\" decoding=\"async\" class=\"alignnone wp-image-10120 size-full\" src=\"https:\/\/marimaca.com\/wp-content\/uploads\/2025\/12\/pampa-medina-img-6-1.jpg\" alt=\"\" width=\"1096\" height=\"1275\" \/><\/p>\n<\/div>\n<\/div>\n<div class=\"pm-banner-box bt-line to-line\">\n<div class=\"pm-cont-box\">\n<h2 class=\"pm--titulo dest\">Presentaci\u00f3n Corporativa<\/h2>\n<\/div>\n<div class=\"pm-cont-box\">\n<div class=\"pm--button\"><a href=\"https:\/\/marimaca.com\/presentations\/\" target=\"_blank\" rel=\"noopener\">Ver aqu\u00ed<\/a><\/div>\n<\/div>\n<\/div>\n","protected":false},"excerpt":{"rendered":"<p>Resumen El proyecto Pampa Medina es un proyecto de exploraci\u00f3n y desarrollo adquirido por Marimaca Copper en octubre de 2024. Pampa Medina se encuentra aproximadamente a 28 km del proyecto insignia de Marimaca, el Dep\u00f3sito de \u00d3xidos Marimaca (MOD), y est\u00e1 ubicado en la parte sur del paquete de propiedades Sierra de Medina de la [&hellip;]<\/p>\n","protected":false},"author":14,"featured_media":10162,"parent":0,"menu_order":0,"comment_status":"closed","ping_status":"closed","template":"projects\/marimaca-pampa-medina-overview.php","meta":{"_acf_changed":false,"inline_featured_image":false,"footnotes":""},"class_list":["post-10481","page","type-page","status-publish","has-post-thumbnail","hentry"],"acf":[],"yoast_head":"<!-- This site is optimized with the Yoast SEO plugin v27.4 - https:\/\/yoast.com\/product\/yoast-seo-wordpress\/ -->\n<title>Resumen de Pampa Medina - Marimaca<\/title>\n<meta name=\"robots\" content=\"index, follow, max-snippet:-1, max-image-preview:large, max-video-preview:-1\" \/>\n<link rel=\"canonical\" href=\"https:\/\/marimaca.com\/es\/resumen-de-pampa-medina\/\" \/>\n<meta property=\"og:locale\" content=\"es_ES\" \/>\n<meta property=\"og:type\" content=\"article\" \/>\n<meta property=\"og:title\" content=\"Resumen de Pampa Medina - Marimaca\" \/>\n<meta property=\"og:description\" content=\"Resumen El proyecto Pampa Medina es un proyecto de exploraci\u00f3n y desarrollo adquirido por Marimaca Copper en octubre de 2024. Pampa Medina se encuentra aproximadamente a 28 km del proyecto insignia de Marimaca, el Dep\u00f3sito de \u00d3xidos Marimaca (MOD), y est\u00e1 ubicado en la parte sur del paquete de propiedades Sierra de Medina de la [&hellip;]\" \/>\n<meta property=\"og:url\" content=\"https:\/\/marimaca.com\/es\/resumen-de-pampa-medina\/\" \/>\n<meta property=\"og:site_name\" content=\"Marimaca\" \/>\n<meta property=\"article:modified_time\" content=\"2026-03-12T14:09:01+00:00\" \/>\n<meta property=\"og:image\" content=\"https:\/\/marimaca.com\/wp-content\/uploads\/2025\/12\/pampa-medina-img-14.jpg\" \/>\n\t<meta property=\"og:image:width\" content=\"1000\" \/>\n\t<meta property=\"og:image:height\" content=\"240\" \/>\n\t<meta property=\"og:image:type\" content=\"image\/jpeg\" \/>\n<meta name=\"twitter:card\" content=\"summary_large_image\" \/>\n<meta name=\"twitter:label1\" content=\"Tiempo de lectura\" \/>\n\t<meta name=\"twitter:data1\" content=\"6 minutos\" \/>\n<script type=\"application\/ld+json\" class=\"yoast-schema-graph\">{\"@context\":\"https:\\\/\\\/schema.org\",\"@graph\":[{\"@type\":\"WebPage\",\"@id\":\"https:\\\/\\\/marimaca.com\\\/es\\\/resumen-de-pampa-medina\\\/\",\"url\":\"https:\\\/\\\/marimaca.com\\\/es\\\/resumen-de-pampa-medina\\\/\",\"name\":\"Resumen de Pampa Medina - Marimaca\",\"isPartOf\":{\"@id\":\"https:\\\/\\\/marimaca.com\\\/es\\\/#website\"},\"primaryImageOfPage\":{\"@id\":\"https:\\\/\\\/marimaca.com\\\/es\\\/resumen-de-pampa-medina\\\/#primaryimage\"},\"image\":{\"@id\":\"https:\\\/\\\/marimaca.com\\\/es\\\/resumen-de-pampa-medina\\\/#primaryimage\"},\"thumbnailUrl\":\"https:\\\/\\\/marimaca.com\\\/wp-content\\\/uploads\\\/2025\\\/12\\\/pampa-medina-img-14.jpg\",\"datePublished\":\"2026-03-12T11:55:09+00:00\",\"dateModified\":\"2026-03-12T14:09:01+00:00\",\"inLanguage\":\"es\",\"potentialAction\":[{\"@type\":\"ReadAction\",\"target\":[\"https:\\\/\\\/marimaca.com\\\/es\\\/resumen-de-pampa-medina\\\/\"]}]},{\"@type\":\"ImageObject\",\"inLanguage\":\"es\",\"@id\":\"https:\\\/\\\/marimaca.com\\\/es\\\/resumen-de-pampa-medina\\\/#primaryimage\",\"url\":\"https:\\\/\\\/marimaca.com\\\/wp-content\\\/uploads\\\/2025\\\/12\\\/pampa-medina-img-14.jpg\",\"contentUrl\":\"https:\\\/\\\/marimaca.com\\\/wp-content\\\/uploads\\\/2025\\\/12\\\/pampa-medina-img-14.jpg\",\"width\":1000,\"height\":240},{\"@type\":\"WebSite\",\"@id\":\"https:\\\/\\\/marimaca.com\\\/es\\\/#website\",\"url\":\"https:\\\/\\\/marimaca.com\\\/es\\\/\",\"name\":\"Marimaca\",\"description\":\"The Marimaca Copper\",\"potentialAction\":[{\"@type\":\"SearchAction\",\"target\":{\"@type\":\"EntryPoint\",\"urlTemplate\":\"https:\\\/\\\/marimaca.com\\\/es\\\/?s={search_term_string}\"},\"query-input\":{\"@type\":\"PropertyValueSpecification\",\"valueRequired\":true,\"valueName\":\"search_term_string\"}}],\"inLanguage\":\"es\"}]}<\/script>\n<!-- \/ Yoast SEO plugin. -->","yoast_head_json":{"title":"Resumen de Pampa Medina - Marimaca","robots":{"index":"index","follow":"follow","max-snippet":"max-snippet:-1","max-image-preview":"max-image-preview:large","max-video-preview":"max-video-preview:-1"},"canonical":"https:\/\/marimaca.com\/es\/resumen-de-pampa-medina\/","og_locale":"es_ES","og_type":"article","og_title":"Resumen de Pampa Medina - Marimaca","og_description":"Resumen El proyecto Pampa Medina es un proyecto de exploraci\u00f3n y desarrollo adquirido por Marimaca Copper en octubre de 2024. Pampa Medina se encuentra aproximadamente a 28 km del proyecto insignia de Marimaca, el Dep\u00f3sito de \u00d3xidos Marimaca (MOD), y est\u00e1 ubicado en la parte sur del paquete de propiedades Sierra de Medina de la [&hellip;]","og_url":"https:\/\/marimaca.com\/es\/resumen-de-pampa-medina\/","og_site_name":"Marimaca","article_modified_time":"2026-03-12T14:09:01+00:00","og_image":[{"width":1000,"height":240,"url":"https:\/\/marimaca.com\/wp-content\/uploads\/2025\/12\/pampa-medina-img-14.jpg","type":"image\/jpeg"}],"twitter_card":"summary_large_image","twitter_misc":{"Tiempo de lectura":"6 minutos"},"schema":{"@context":"https:\/\/schema.org","@graph":[{"@type":"WebPage","@id":"https:\/\/marimaca.com\/es\/resumen-de-pampa-medina\/","url":"https:\/\/marimaca.com\/es\/resumen-de-pampa-medina\/","name":"Resumen de Pampa Medina - Marimaca","isPartOf":{"@id":"https:\/\/marimaca.com\/es\/#website"},"primaryImageOfPage":{"@id":"https:\/\/marimaca.com\/es\/resumen-de-pampa-medina\/#primaryimage"},"image":{"@id":"https:\/\/marimaca.com\/es\/resumen-de-pampa-medina\/#primaryimage"},"thumbnailUrl":"https:\/\/marimaca.com\/wp-content\/uploads\/2025\/12\/pampa-medina-img-14.jpg","datePublished":"2026-03-12T11:55:09+00:00","dateModified":"2026-03-12T14:09:01+00:00","inLanguage":"es","potentialAction":[{"@type":"ReadAction","target":["https:\/\/marimaca.com\/es\/resumen-de-pampa-medina\/"]}]},{"@type":"ImageObject","inLanguage":"es","@id":"https:\/\/marimaca.com\/es\/resumen-de-pampa-medina\/#primaryimage","url":"https:\/\/marimaca.com\/wp-content\/uploads\/2025\/12\/pampa-medina-img-14.jpg","contentUrl":"https:\/\/marimaca.com\/wp-content\/uploads\/2025\/12\/pampa-medina-img-14.jpg","width":1000,"height":240},{"@type":"WebSite","@id":"https:\/\/marimaca.com\/es\/#website","url":"https:\/\/marimaca.com\/es\/","name":"Marimaca","description":"The Marimaca Copper","potentialAction":[{"@type":"SearchAction","target":{"@type":"EntryPoint","urlTemplate":"https:\/\/marimaca.com\/es\/?s={search_term_string}"},"query-input":{"@type":"PropertyValueSpecification","valueRequired":true,"valueName":"search_term_string"}}],"inLanguage":"es"}]}},"_links":{"self":[{"href":"https:\/\/marimaca.com\/es\/wp-json\/wp\/v2\/pages\/10481","targetHints":{"allow":["GET"]}}],"collection":[{"href":"https:\/\/marimaca.com\/es\/wp-json\/wp\/v2\/pages"}],"about":[{"href":"https:\/\/marimaca.com\/es\/wp-json\/wp\/v2\/types\/page"}],"author":[{"embeddable":true,"href":"https:\/\/marimaca.com\/es\/wp-json\/wp\/v2\/users\/14"}],"replies":[{"embeddable":true,"href":"https:\/\/marimaca.com\/es\/wp-json\/wp\/v2\/comments?post=10481"}],"version-history":[{"count":5,"href":"https:\/\/marimaca.com\/es\/wp-json\/wp\/v2\/pages\/10481\/revisions"}],"predecessor-version":[{"id":10492,"href":"https:\/\/marimaca.com\/es\/wp-json\/wp\/v2\/pages\/10481\/revisions\/10492"}],"wp:featuredmedia":[{"embeddable":true,"href":"https:\/\/marimaca.com\/es\/wp-json\/wp\/v2\/media\/10162"}],"wp:attachment":[{"href":"https:\/\/marimaca.com\/es\/wp-json\/wp\/v2\/media?parent=10481"}],"curies":[{"name":"wp","href":"https:\/\/api.w.org\/{rel}","templated":true}]}}